{"id":9763,"date":"2025-03-24T22:03:57","date_gmt":"2025-03-24T21:03:57","guid":{"rendered":"https:\/\/premiumkeszulek.hu\/product\/aeg-orc6m481el-kombinalt-hutoszekreny-nofrost-192-cm\/"},"modified":"2026-04-13T11:55:05","modified_gmt":"2026-04-13T09:55:05","slug":"aeg-orc6m481el-kombinalt-hutoszekreny-nofrost-192-cm","status":"publish","type":"product","link":"https:\/\/staging.premiumkeszulek.hu\/hu\/termek\/aeg-orc6m481el-kombinalt-hutoszekreny-nofrost-192-cm\/","title":{"rendered":"AEG ORC6M481EL Kombin\u00e1lt h\u0171t\u0151szekr\u00e9ny, NoFrost, 192 cm"},"content":{"rendered":"<p>- Automatikus leolvaszt\u00e1s a fagyaszt\u00f3ban<br \/>\n- Automatikus leolvaszt\u00e1s a h\u0171t\u0151ben<br \/>\n- Twist&amp;Serve j\u00e9g adagol\u00f3<br \/>\n- COOLMATIC funkci\u00f3 - nagy mennyis\u00e9g\u0171 \u00e9tel gyors leh\u0171t\u00e9s\u00e9re<br \/>\n- FROSTMATIC funkci\u00f3 - nagy mennyis\u00e9g\u0171 \u00e9lelmiszer gyors fagyaszt\u00e1shoz<br \/>\n- VAK\u00c1CI\u00d3 funkci\u00f3: 14 fokon tartja a h\u0171t\u0151teret hosszabb t\u00e1voll\u00e9t eset\u00e9n, \u00edgy<br \/>\nmegakad\u00e1lyozza a szag \u00e9s pen\u00e9szk\u00e9pz\u0151d\u00e9st \u00e9s alacsonyan tartja az<br \/>\nenergiafogyaszt\u00e1st<br \/>\n- Dual Control rendszer: k\u00fcl\u00f6n vez\u00e9relhet\u0151 h\u0171t\u0151 \u00e9s fagyaszt\u00f3t\u00e9r<br \/>\n- H\u0171t\u0151t\u00e9r vil\u00e1g\u00edt\u00e1s: tet\u0151panelen, LED<br \/>\n- H\u0171t\u0151 polcok: 3 teljes sz\u00e9less\u00e9g\u0171, \u00e1tl\u00e1tsz\u00f3 m\u0171anyag<br \/>\n- Fagyaszt\u00f3 fi\u00f3kok: 2 sz\u00e9les + 1 k\u00f6z\u00e9peny fi\u00f3k<br \/>\n- H\u0171t\u0151 fi\u00f3kok: 1 db sz\u00e9les, 1 kih\u00fazhat\u00f3 fi\u00f3k<br \/>\n- Speci\u00e1lis h\u0171t\u0151 fi\u00f3kok: \u00e1tl\u00e1tsz\u00f3 m\u0171anyag<br \/>\n- Ajt\u00f3nyit\u00e1s: jobboldali \u00e9s megford\u00edthat\u00f3<br \/>\n- \u00c1ll\u00edthat\u00f3 l\u00e1bak<\/p>","protected":false},"excerpt":{"rendered":"<p>\u2022 Automatikus leolvaszt\u00e1s a fagyaszt\u00f3ban \u2022 Automatikus leolvaszt\u00e1s a h\u0171t\u0151ben \u2022 Twist&amp;Serve j\u00e9g adagol\u00f3 \u2022 COOLMATIC funkci\u00f3 &#8211; nagy mennyis\u00e9g\u0171 \u00e9tel gyors leh\u0171t\u00e9s\u00e9re \u2022 FROSTMATIC funkci\u00f3 &#8211; nagy mennyis\u00e9g\u0171 \u00e9lelmiszer gyors fagyaszt\u00e1shoz \u2022 VAK\u00c1CI\u00d3 funkci\u00f3: 14 fokon tartja a h\u0171t\u0151teret hosszabb t\u00e1voll\u00e9t eset\u00e9n, \u00edgy megakad\u00e1lyozza a szag \u00e9s pen\u00e9szk\u00e9pz\u0151d\u00e9st \u00e9s alacsonyan tartja az energiafogyaszt\u00e1st \u2022 [&hellip;]<\/p>\n","protected":false},"featured_media":9762,"comment_status":"closed","ping_status":"closed","template":"","meta":{"_crdt_document":"","content-type":"","jetpack_post_was_ever_published":false,"jetpack_publicize_message":"","jetpack_publicize_feature_enabled":true,"jetpack_social_post_already_shared":true,"jetpack_social_options":{"image_generator_settings":{"template":"highway","default_image_id":0,"font":"","enabled":false},"version":2},"_wpas_customize_per_network":false},"product_brand":[1632],"product_cat":[1404,1543],"product_tag":[],"woo-feed-brand":[],"class_list":{"0":"post-9763","1":"product","2":"type-product","3":"status-publish","4":"has-post-thumbnail","6":"product_brand-aeg","7":"product_cat-hutokfagyasztok","8":"product_cat-szabadonallo-hutoszekrenyek","9":"product_shipping_class-100000felett","11":"first","12":"instock","13":"taxable","14":"shipping-taxable","15":"purchasable","16":"product-type-simple"},"yoast_head":"<!-- This site is optimized with the Yoast SEO Premium plugin v26.9 (Yoast SEO v26.9) - https:\/\/yoast.com\/product\/yoast-seo-premium-wordpress\/ -->\n<title>AEG ORC6M481EL Kombin\u00e1lt h\u0171t\u0151szekr\u00e9ny, NoFrost, 192 cm - Pr\u00e9miumK\u00e9sz\u00fcl\u00e9k<\/title>\n<meta name=\"description\" content=\"Az AEG ORC6M481EL Kombin\u00e1lt h\u0171t\u0151szekr\u00e9ny a modern konyha ig\u00e9nyeihez k\u00e9sz\u00fclt. Rendelje meg most, \u00e9s \u00e9lvezze a praktikuss\u00e1got!\" \/>\n<meta name=\"robots\" content=\"noindex, follow, max-snippet:-1, max-image-preview:large, max-video-preview:-1\" \/>\n<meta property=\"og:locale\" content=\"hu_HU\" \/>\n<meta property=\"og:type\" content=\"article\" \/>\n<meta property=\"og:title\" content=\"AEG ORC6M481EL Kombin\u00e1lt h\u0171t\u0151szekr\u00e9ny, NoFrost, 192 cm\" \/>\n<meta property=\"og:description\" content=\"Az AEG ORC6M481EL Kombin\u00e1lt h\u0171t\u0151szekr\u00e9ny a modern konyha ig\u00e9nyeihez k\u00e9sz\u00fclt. Rendelje meg most, \u00e9s \u00e9lvezze a praktikuss\u00e1got!\" \/>\n<meta property=\"og:url\" content=\"https:\/\/staging.premiumkeszulek.hu\/hu\/termek\/aeg-orc6m481el-kombinalt-hutoszekreny-nofrost-192-cm\/\" \/>\n<meta property=\"og:site_name\" content=\"Pr\u00e9miumK\u00e9sz\u00fcl\u00e9k\" \/>\n<meta property=\"article:publisher\" content=\"https:\/\/www.facebook.com\/konyhaluxnet\" \/>\n<meta property=\"article:modified_time\" content=\"2026-04-13T09:55:05+00:00\" \/>\n<meta property=\"og:image\" content=\"https:\/\/i0.wp.com\/staging.premiumkeszulek.hu\/wp-content\/uploads\/2025\/03\/ORC6M481EL.jpg?fit=800%2C800&ssl=1\" \/>\n\t<meta property=\"og:image:width\" content=\"800\" \/>\n\t<meta property=\"og:image:height\" content=\"800\" \/>\n\t<meta property=\"og:image:type\" content=\"image\/jpeg\" \/>\n<meta name=\"twitter:card\" content=\"summary_large_image\" \/>\n<meta name=\"twitter:label1\" content=\"Becs\u00fclt olvas\u00e1si id\u0151\" \/>\n\t<meta name=\"twitter:data1\" content=\"3 perc\" \/>\n<script type=\"application\/ld+json\" class=\"yoast-schema-graph\">{\"@context\":\"https:\/\/schema.org\",\"@graph\":[{\"@type\":\"WebPage\",\"@id\":\"https:\/\/staging.premiumkeszulek.hu\/en\/product\/aeg-orc6m481el-kombinalt-hutoszekreny-nofrost-192-cm\/\",\"url\":\"https:\/\/staging.premiumkeszulek.hu\/en\/product\/aeg-orc6m481el-kombinalt-hutoszekreny-nofrost-192-cm\/\",\"name\":\"AEG ORC6M481EL Kombin\u00e1lt h\u0171t\u0151szekr\u00e9ny, NoFrost, 192 cm - Pr\u00e9miumK\u00e9sz\u00fcl\u00e9k\",\"isPartOf\":{\"@id\":\"https:\/\/staging.premiumkeszulek.hu\/hu\/#website\"},\"primaryImageOfPage\":{\"@id\":\"https:\/\/staging.premiumkeszulek.hu\/en\/product\/aeg-orc6m481el-kombinalt-hutoszekreny-nofrost-192-cm\/#primaryimage\"},\"image\":{\"@id\":\"https:\/\/staging.premiumkeszulek.hu\/en\/product\/aeg-orc6m481el-kombinalt-hutoszekreny-nofrost-192-cm\/#primaryimage\"},\"thumbnailUrl\":\"https:\/\/i0.wp.com\/staging.premiumkeszulek.hu\/wp-content\/uploads\/2025\/03\/ORC6M481EL.jpg?fit=800%2C800&ssl=1\",\"datePublished\":\"2025-03-24T21:03:57+00:00\",\"dateModified\":\"2026-04-13T09:55:05+00:00\",\"description\":\"Az AEG ORC6M481EL Kombin\u00e1lt h\u0171t\u0151szekr\u00e9ny a modern konyha ig\u00e9nyeihez k\u00e9sz\u00fclt. Rendelje meg most, \u00e9s \u00e9lvezze a praktikuss\u00e1got!\",\"breadcrumb\":{\"@id\":\"https:\/\/staging.premiumkeszulek.hu\/en\/product\/aeg-orc6m481el-kombinalt-hutoszekreny-nofrost-192-cm\/#breadcrumb\"},\"inLanguage\":\"hu\",\"potentialAction\":[{\"@type\":\"ReadAction\",\"target\":[\"https:\/\/staging.premiumkeszulek.hu\/en\/product\/aeg-orc6m481el-kombinalt-hutoszekreny-nofrost-192-cm\/\"]}]},{\"@type\":\"ImageObject\",\"inLanguage\":\"hu\",\"@id\":\"https:\/\/staging.premiumkeszulek.hu\/en\/product\/aeg-orc6m481el-kombinalt-hutoszekreny-nofrost-192-cm\/#primaryimage\",\"url\":\"https:\/\/i0.wp.com\/staging.premiumkeszulek.hu\/wp-content\/uploads\/2025\/03\/ORC6M481EL.jpg?fit=800%2C800&ssl=1\",\"contentUrl\":\"https:\/\/i0.wp.com\/staging.premiumkeszulek.hu\/wp-content\/uploads\/2025\/03\/ORC6M481EL.jpg?fit=800%2C800&ssl=1\",\"width\":800,\"height\":800},{\"@type\":\"BreadcrumbList\",\"@id\":\"https:\/\/staging.premiumkeszulek.hu\/en\/product\/aeg-orc6m481el-kombinalt-hutoszekreny-nofrost-192-cm\/#breadcrumb\",\"itemListElement\":[{\"@type\":\"ListItem\",\"position\":1,\"name\":\"Home\",\"item\":\"https:\/\/staging.premiumkeszulek.hu\/hu\/\"},{\"@type\":\"ListItem\",\"position\":2,\"name\":\"Shop\",\"item\":\"https:\/\/staging.premiumkeszulek.hu\/hu\/shop\/\"},{\"@type\":\"ListItem\",\"position\":3,\"name\":\"AEG ORC6M481EL Kombin\u00e1lt h\u0171t\u0151szekr\u00e9ny, NoFrost, 192 cm\"}]},{\"@type\":\"WebSite\",\"@id\":\"https:\/\/staging.premiumkeszulek.hu\/hu\/#website\",\"url\":\"https:\/\/staging.premiumkeszulek.hu\/hu\/\",\"name\":\"Pr\u00e9miumK\u00e9sz\u00fcl\u00e9k\",\"description\":\"\",\"publisher\":{\"@id\":\"https:\/\/staging.premiumkeszulek.hu\/hu\/#organization\"},\"potentialAction\":[{\"@type\":\"SearchAction\",\"target\":{\"@type\":\"EntryPoint\",\"urlTemplate\":\"https:\/\/staging.premiumkeszulek.hu\/hu\/?s={search_term_string}\"},\"query-input\":{\"@type\":\"PropertyValueSpecification\",\"valueRequired\":true,\"valueName\":\"search_term_string\"}}],\"inLanguage\":\"hu\"},{\"@type\":\"Organization\",\"@id\":\"https:\/\/staging.premiumkeszulek.hu\/hu\/#organization\",\"name\":\"Pr\u00e9miumK\u00e9sz\u00fcl\u00e9k\",\"alternateName\":\"HPH Special Kft\",\"url\":\"https:\/\/staging.premiumkeszulek.hu\/hu\/\",\"logo\":{\"@type\":\"ImageObject\",\"inLanguage\":\"hu\",\"@id\":\"https:\/\/staging.premiumkeszulek.hu\/hu\/#\/schema\/logo\/image\/\",\"url\":\"https:\/\/staging.premiumkeszulek.hu\/wp-content\/uploads\/2025\/03\/TURKIZLOGO-kicsi.png\",\"contentUrl\":\"https:\/\/staging.premiumkeszulek.hu\/wp-content\/uploads\/2025\/03\/TURKIZLOGO-kicsi.png\",\"width\":1600,\"height\":547,\"caption\":\"Pr\u00e9miumK\u00e9sz\u00fcl\u00e9k\"},\"image\":{\"@id\":\"https:\/\/staging.premiumkeszulek.hu\/hu\/#\/schema\/logo\/image\/\"},\"sameAs\":[\"https:\/\/www.facebook.com\/konyhaluxnet\",\"https:\/\/www.instagram.com\/konyhaluxnet\/#\"],\"email\":\"info@premiumkeszulek.hu\",\"telephone\":\"36 1 \/ 226-1992\",\"legalName\":\"HPH Special Kft\",\"vatID\":\"HU12549502\",\"taxID\":\"12549502\"}]}<\/script>\n<!-- \/ Yoast SEO Premium plugin. -->","yoast_head_json":{"title":"AEG ORC6M481EL Kombin\u00e1lt h\u0171t\u0151szekr\u00e9ny, NoFrost, 192 cm - Pr\u00e9miumK\u00e9sz\u00fcl\u00e9k","description":"Az AEG ORC6M481EL Kombin\u00e1lt h\u0171t\u0151szekr\u00e9ny a modern konyha ig\u00e9nyeihez k\u00e9sz\u00fclt. Rendelje meg most, \u00e9s \u00e9lvezze a praktikuss\u00e1got!","robots":{"index":"noindex","follow":"follow","max-snippet":"max-snippet:-1","max-image-preview":"max-image-preview:large","max-video-preview":"max-video-preview:-1"},"og_locale":"hu_HU","og_type":"article","og_title":"AEG ORC6M481EL Kombin\u00e1lt h\u0171t\u0151szekr\u00e9ny, NoFrost, 192 cm","og_description":"Az AEG ORC6M481EL Kombin\u00e1lt h\u0171t\u0151szekr\u00e9ny a modern konyha ig\u00e9nyeihez k\u00e9sz\u00fclt. Rendelje meg most, \u00e9s \u00e9lvezze a praktikuss\u00e1got!","og_url":"https:\/\/staging.premiumkeszulek.hu\/hu\/termek\/aeg-orc6m481el-kombinalt-hutoszekreny-nofrost-192-cm\/","og_site_name":"Pr\u00e9miumK\u00e9sz\u00fcl\u00e9k","article_publisher":"https:\/\/www.facebook.com\/konyhaluxnet","article_modified_time":"2026-04-13T09:55:05+00:00","og_image":[{"width":800,"height":800,"url":"https:\/\/i0.wp.com\/staging.premiumkeszulek.hu\/wp-content\/uploads\/2025\/03\/ORC6M481EL.jpg?fit=800%2C800&ssl=1","type":"image\/jpeg"}],"twitter_card":"summary_large_image","twitter_misc":{"Becs\u00fclt olvas\u00e1si id\u0151":"3 perc"},"schema":{"@context":"https:\/\/schema.org","@graph":[{"@type":"WebPage","@id":"https:\/\/staging.premiumkeszulek.hu\/en\/product\/aeg-orc6m481el-kombinalt-hutoszekreny-nofrost-192-cm\/","url":"https:\/\/staging.premiumkeszulek.hu\/en\/product\/aeg-orc6m481el-kombinalt-hutoszekreny-nofrost-192-cm\/","name":"AEG ORC6M481EL Kombin\u00e1lt h\u0171t\u0151szekr\u00e9ny, NoFrost, 192 cm - Pr\u00e9miumK\u00e9sz\u00fcl\u00e9k","isPartOf":{"@id":"https:\/\/staging.premiumkeszulek.hu\/hu\/#website"},"primaryImageOfPage":{"@id":"https:\/\/staging.premiumkeszulek.hu\/en\/product\/aeg-orc6m481el-kombinalt-hutoszekreny-nofrost-192-cm\/#primaryimage"},"image":{"@id":"https:\/\/staging.premiumkeszulek.hu\/en\/product\/aeg-orc6m481el-kombinalt-hutoszekreny-nofrost-192-cm\/#primaryimage"},"thumbnailUrl":"https:\/\/i0.wp.com\/staging.premiumkeszulek.hu\/wp-content\/uploads\/2025\/03\/ORC6M481EL.jpg?fit=800%2C800&ssl=1","datePublished":"2025-03-24T21:03:57+00:00","dateModified":"2026-04-13T09:55:05+00:00","description":"Az AEG ORC6M481EL Kombin\u00e1lt h\u0171t\u0151szekr\u00e9ny a modern konyha ig\u00e9nyeihez k\u00e9sz\u00fclt. Rendelje meg most, \u00e9s \u00e9lvezze a praktikuss\u00e1got!","breadcrumb":{"@id":"https:\/\/staging.premiumkeszulek.hu\/en\/product\/aeg-orc6m481el-kombinalt-hutoszekreny-nofrost-192-cm\/#breadcrumb"},"inLanguage":"hu","potentialAction":[{"@type":"ReadAction","target":["https:\/\/staging.premiumkeszulek.hu\/en\/product\/aeg-orc6m481el-kombinalt-hutoszekreny-nofrost-192-cm\/"]}]},{"@type":"ImageObject","inLanguage":"hu","@id":"https:\/\/staging.premiumkeszulek.hu\/en\/product\/aeg-orc6m481el-kombinalt-hutoszekreny-nofrost-192-cm\/#primaryimage","url":"https:\/\/i0.wp.com\/staging.premiumkeszulek.hu\/wp-content\/uploads\/2025\/03\/ORC6M481EL.jpg?fit=800%2C800&ssl=1","contentUrl":"https:\/\/i0.wp.com\/staging.premiumkeszulek.hu\/wp-content\/uploads\/2025\/03\/ORC6M481EL.jpg?fit=800%2C800&ssl=1","width":800,"height":800},{"@type":"BreadcrumbList","@id":"https:\/\/staging.premiumkeszulek.hu\/en\/product\/aeg-orc6m481el-kombinalt-hutoszekreny-nofrost-192-cm\/#breadcrumb","itemListElement":[{"@type":"ListItem","position":1,"name":"Home","item":"https:\/\/staging.premiumkeszulek.hu\/hu\/"},{"@type":"ListItem","position":2,"name":"Shop","item":"https:\/\/staging.premiumkeszulek.hu\/hu\/shop\/"},{"@type":"ListItem","position":3,"name":"AEG ORC6M481EL Kombin\u00e1lt h\u0171t\u0151szekr\u00e9ny, NoFrost, 192 cm"}]},{"@type":"WebSite","@id":"https:\/\/staging.premiumkeszulek.hu\/hu\/#website","url":"https:\/\/staging.premiumkeszulek.hu\/hu\/","name":"Pr\u00e9miumK\u00e9sz\u00fcl\u00e9k","description":"","publisher":{"@id":"https:\/\/staging.premiumkeszulek.hu\/hu\/#organization"},"potentialAction":[{"@type":"SearchAction","target":{"@type":"EntryPoint","urlTemplate":"https:\/\/staging.premiumkeszulek.hu\/hu\/?s={search_term_string}"},"query-input":{"@type":"PropertyValueSpecification","valueRequired":true,"valueName":"search_term_string"}}],"inLanguage":"hu"},{"@type":"Organization","@id":"https:\/\/staging.premiumkeszulek.hu\/hu\/#organization","name":"Pr\u00e9miumK\u00e9sz\u00fcl\u00e9k","alternateName":"HPH Special Kft","url":"https:\/\/staging.premiumkeszulek.hu\/hu\/","logo":{"@type":"ImageObject","inLanguage":"hu","@id":"https:\/\/staging.premiumkeszulek.hu\/hu\/#\/schema\/logo\/image\/","url":"https:\/\/staging.premiumkeszulek.hu\/wp-content\/uploads\/2025\/03\/TURKIZLOGO-kicsi.png","contentUrl":"https:\/\/staging.premiumkeszulek.hu\/wp-content\/uploads\/2025\/03\/TURKIZLOGO-kicsi.png","width":1600,"height":547,"caption":"Pr\u00e9miumK\u00e9sz\u00fcl\u00e9k"},"image":{"@id":"https:\/\/staging.premiumkeszulek.hu\/hu\/#\/schema\/logo\/image\/"},"sameAs":["https:\/\/www.facebook.com\/konyhaluxnet","https:\/\/www.instagram.com\/konyhaluxnet\/#"],"email":"info@premiumkeszulek.hu","telephone":"36 1 \/ 226-1992","legalName":"HPH Special Kft","vatID":"HU12549502","taxID":"12549502"}]}},"jetpack_publicize_connections":[],"jetpack_likes_enabled":true,"jetpack_sharing_enabled":true,"jetpack-related-posts":[],"_links":{"self":[{"href":"https:\/\/staging.premiumkeszulek.hu\/hu\/wp-json\/wp\/v2\/product\/9763","targetHints":{"allow":["GET"]}}],"collection":[{"href":"https:\/\/staging.premiumkeszulek.hu\/hu\/wp-json\/wp\/v2\/product"}],"about":[{"href":"https:\/\/staging.premiumkeszulek.hu\/hu\/wp-json\/wp\/v2\/types\/product"}],"replies":[{"embeddable":true,"href":"https:\/\/staging.premiumkeszulek.hu\/hu\/wp-json\/wp\/v2\/comments?post=9763"}],"wp:featuredmedia":[{"embeddable":true,"href":"https:\/\/staging.premiumkeszulek.hu\/hu\/wp-json\/wp\/v2\/media\/9762"}],"wp:attachment":[{"href":"https:\/\/staging.premiumkeszulek.hu\/hu\/wp-json\/wp\/v2\/media?parent=9763"}],"wp:term":[{"taxonomy":"product_brand","embeddable":true,"href":"https:\/\/staging.premiumkeszulek.hu\/hu\/wp-json\/wp\/v2\/product_brand?post=9763"},{"taxonomy":"product_cat","embeddable":true,"href":"https:\/\/staging.premiumkeszulek.hu\/hu\/wp-json\/wp\/v2\/product_cat?post=9763"},{"taxonomy":"product_tag","embeddable":true,"href":"https:\/\/staging.premiumkeszulek.hu\/hu\/wp-json\/wp\/v2\/product_tag?post=9763"},{"taxonomy":"woo-feed-brand","embeddable":true,"href":"https:\/\/staging.premiumkeszulek.hu\/hu\/wp-json\/wp\/v2\/woo-feed-brand?post=9763"}],"curies":[{"name":"wp","href":"https:\/\/api.w.org\/{rel}","templated":true}]}}