{"id":9129,"date":"2025-03-23T22:29:49","date_gmt":"2025-03-23T21:29:49","guid":{"rendered":"https:\/\/premiumkeszulek.hu\/product\/aeg-ltr6g271e-felultoltos-mosogep-7-kg-1200-f-p\/"},"modified":"2026-04-13T11:54:58","modified_gmt":"2026-04-13T09:54:58","slug":"aeg-ltr6g271e-felultoltos-mosogep-7-kg-1200-f-p","status":"publish","type":"product","link":"https:\/\/staging.premiumkeszulek.hu\/hu\/termek\/aeg-ltr6g271e-felultoltos-mosogep-7-kg-1200-f-p\/","title":{"rendered":"AEG LTR6G271E Fel\u00fclt\u00f6lt\u0151s mos\u00f3g\u00e9p, 7 kg, 1200 f\/p."},"content":{"rendered":"<p>- ProSense - t\u00f6ltetmennyis\u00e9gis\u00e9ghez alkalmazkod\u00f3 programid\u0151<br \/>\n- SoftPlus technol\u00f3gia - \u00d6bl\u00edt\u0151 egyenletes eloszt\u00e1sa<br \/>\n- Eco TimeSave<br \/>\n- Soft Opening System - L\u00e1gyan ny\u00edl\u00f3 mos\u00f3dob ajt\u00f3<br \/>\n- LiquiDose: prec\u00edz foly\u00e9kony mos\u00f3szer adagol\u00e1s<br \/>\n- V\u00edzel\u00e1raszt\u00e1s elleni v\u00e9delem nyom\u00e1skapcsol\u00f3val<br \/>\n- pillanatmeg\u00e1ll\u00edt\u00e1s<br \/>\n- \u00e1ramsz\u00fcnet mem\u00f3ria funkci\u00f3<br \/>\n- l\u00e1gy ajt\u00f3nyit\u00e1s, dobpoz\u00edcion\u00e1l\u00e1s<br \/>\n- Woolmark Blue min\u0151s\u00edt\u00e9s<br \/>\n- kapcsol\u00f3s mos\u00f3szeradagol\u00f3 por\/foly\u00e9kony mos\u00f3szerhez<br \/>\n- K\u00f6zepes LCD-kijelz\u0151, \u00e9rint\u0151kapcsol\u00f3kkal<br \/>\n- Automata dobpoz\u00edcion\u00e1l\u00e1s - a program v\u00e9g\u00e9n a dobajt\u00f3 mindig fel\u00fcl van<br \/>\n- Aqua Control, \u00e1tfoly\u00e1sm\u00e9r\u0151<br \/>\n- k\u00e9sleltetett ind\u00edt\u00e1s<br \/>\n- Extra g\u00f6rg\u0151k - a k\u00f6nny\u0171 mozgat\u00e1shoz<br \/>\n- AutoOff funkci\u00f3<\/p>","protected":false},"excerpt":{"rendered":"<p><iframe src=\" https:\/\/www.mbhbank.hu\/sfcalculation\/?ar=[PRICE]&#038;partner=DX030&#038;konstrukcio=DLSK14\" width=\"100%\" height=\"500\" frameborder=\"0\" scrolling=\"yes\" align=\"left\"><\/iframe><\/p>\n","protected":false},"featured_media":9128,"comment_status":"closed","ping_status":"closed","template":"","meta":{"_crdt_document":"","content-type":"","jetpack_post_was_ever_published":false,"jetpack_publicize_message":"","jetpack_publicize_feature_enabled":true,"jetpack_social_post_already_shared":true,"jetpack_social_options":{"image_generator_settings":{"template":"highway","default_image_id":0,"font":"","enabled":false},"version":2},"_wpas_customize_per_network":false},"product_brand":[1632],"product_cat":[1377,1378],"product_tag":[],"woo-feed-brand":[],"class_list":{"0":"post-9129","1":"product","2":"type-product","3":"status-publish","4":"has-post-thumbnail","6":"product_brand-aeg","7":"product_cat-mososzaritogepek","8":"product_cat-mosogep","9":"product_shipping_class-100000felett","11":"first","12":"instock","13":"taxable","14":"shipping-taxable","15":"purchasable","16":"product-type-simple"},"yoast_head":"<!-- This site is optimized with the Yoast SEO Premium plugin v26.9 (Yoast SEO v26.9) - https:\/\/yoast.com\/product\/yoast-seo-premium-wordpress\/ -->\n<title>AEG LTR6G271E Fel\u00fclt\u00f6lt\u0151s mos\u00f3g\u00e9p, 7 kg, 1200 f\/p. - Pr\u00e9miumK\u00e9sz\u00fcl\u00e9k<\/title>\n<meta name=\"description\" content=\"Az AEG LTR6G271E Fel\u00fclt\u00f6lt\u0151s mos\u00f3g\u00e9p szuper l\u00e1gy ajt\u00f3nyit\u00e1s\u00e1val \u00e9s Eco TimeSave funkci\u00f3j\u00e1val alak\u00edtja \u00e1t a mos\u00e1st. Rendelje meg most!\" \/>\n<meta name=\"robots\" content=\"noindex, follow, max-snippet:-1, max-image-preview:large, max-video-preview:-1\" \/>\n<meta property=\"og:locale\" content=\"hu_HU\" \/>\n<meta property=\"og:type\" content=\"article\" \/>\n<meta property=\"og:title\" content=\"AEG LTR6G271E Fel\u00fclt\u00f6lt\u0151s mos\u00f3g\u00e9p, 7 kg, 1200 f\/p.\" \/>\n<meta property=\"og:description\" content=\"Az AEG LTR6G271E Fel\u00fclt\u00f6lt\u0151s mos\u00f3g\u00e9p szuper l\u00e1gy ajt\u00f3nyit\u00e1s\u00e1val \u00e9s Eco TimeSave funkci\u00f3j\u00e1val alak\u00edtja \u00e1t a mos\u00e1st. Rendelje meg most!\" \/>\n<meta property=\"og:url\" content=\"https:\/\/staging.premiumkeszulek.hu\/hu\/termek\/aeg-ltr6g271e-felultoltos-mosogep-7-kg-1200-f-p\/\" \/>\n<meta property=\"og:site_name\" content=\"Pr\u00e9miumK\u00e9sz\u00fcl\u00e9k\" \/>\n<meta property=\"article:publisher\" content=\"https:\/\/www.facebook.com\/konyhaluxnet\" \/>\n<meta property=\"article:modified_time\" content=\"2026-04-13T09:54:58+00:00\" \/>\n<meta property=\"og:image\" content=\"https:\/\/i0.wp.com\/staging.premiumkeszulek.hu\/wp-content\/uploads\/2025\/03\/LTR6G271E.jpg?fit=800%2C800&ssl=1\" \/>\n\t<meta property=\"og:image:width\" content=\"800\" \/>\n\t<meta property=\"og:image:height\" content=\"800\" \/>\n\t<meta property=\"og:image:type\" content=\"image\/jpeg\" \/>\n<meta name=\"twitter:card\" content=\"summary_large_image\" \/>\n<meta name=\"twitter:label1\" content=\"Becs\u00fclt olvas\u00e1si id\u0151\" \/>\n\t<meta name=\"twitter:data1\" content=\"2 perc\" \/>\n<script type=\"application\/ld+json\" class=\"yoast-schema-graph\">{\"@context\":\"https:\/\/schema.org\",\"@graph\":[{\"@type\":\"WebPage\",\"@id\":\"https:\/\/staging.premiumkeszulek.hu\/en\/product\/aeg-ltr6g271e-felultoltos-mosogep-7-kg-1200-f-p\/\",\"url\":\"https:\/\/staging.premiumkeszulek.hu\/en\/product\/aeg-ltr6g271e-felultoltos-mosogep-7-kg-1200-f-p\/\",\"name\":\"AEG LTR6G271E Fel\u00fclt\u00f6lt\u0151s mos\u00f3g\u00e9p, 7 kg, 1200 f\/p. - Pr\u00e9miumK\u00e9sz\u00fcl\u00e9k\",\"isPartOf\":{\"@id\":\"https:\/\/staging.premiumkeszulek.hu\/hu\/#website\"},\"primaryImageOfPage\":{\"@id\":\"https:\/\/staging.premiumkeszulek.hu\/en\/product\/aeg-ltr6g271e-felultoltos-mosogep-7-kg-1200-f-p\/#primaryimage\"},\"image\":{\"@id\":\"https:\/\/staging.premiumkeszulek.hu\/en\/product\/aeg-ltr6g271e-felultoltos-mosogep-7-kg-1200-f-p\/#primaryimage\"},\"thumbnailUrl\":\"https:\/\/i0.wp.com\/staging.premiumkeszulek.hu\/wp-content\/uploads\/2025\/03\/LTR6G271E.jpg?fit=800%2C800&ssl=1\",\"datePublished\":\"2025-03-23T21:29:49+00:00\",\"dateModified\":\"2026-04-13T09:54:58+00:00\",\"description\":\"Az AEG LTR6G271E Fel\u00fclt\u00f6lt\u0151s mos\u00f3g\u00e9p szuper l\u00e1gy ajt\u00f3nyit\u00e1s\u00e1val \u00e9s Eco TimeSave funkci\u00f3j\u00e1val alak\u00edtja \u00e1t a mos\u00e1st. Rendelje meg most!\",\"breadcrumb\":{\"@id\":\"https:\/\/staging.premiumkeszulek.hu\/en\/product\/aeg-ltr6g271e-felultoltos-mosogep-7-kg-1200-f-p\/#breadcrumb\"},\"inLanguage\":\"hu\",\"potentialAction\":[{\"@type\":\"ReadAction\",\"target\":[\"https:\/\/staging.premiumkeszulek.hu\/en\/product\/aeg-ltr6g271e-felultoltos-mosogep-7-kg-1200-f-p\/\"]}]},{\"@type\":\"ImageObject\",\"inLanguage\":\"hu\",\"@id\":\"https:\/\/staging.premiumkeszulek.hu\/en\/product\/aeg-ltr6g271e-felultoltos-mosogep-7-kg-1200-f-p\/#primaryimage\",\"url\":\"https:\/\/i0.wp.com\/staging.premiumkeszulek.hu\/wp-content\/uploads\/2025\/03\/LTR6G271E.jpg?fit=800%2C800&ssl=1\",\"contentUrl\":\"https:\/\/i0.wp.com\/staging.premiumkeszulek.hu\/wp-content\/uploads\/2025\/03\/LTR6G271E.jpg?fit=800%2C800&ssl=1\",\"width\":800,\"height\":800},{\"@type\":\"BreadcrumbList\",\"@id\":\"https:\/\/staging.premiumkeszulek.hu\/en\/product\/aeg-ltr6g271e-felultoltos-mosogep-7-kg-1200-f-p\/#breadcrumb\",\"itemListElement\":[{\"@type\":\"ListItem\",\"position\":1,\"name\":\"Home\",\"item\":\"https:\/\/staging.premiumkeszulek.hu\/hu\/\"},{\"@type\":\"ListItem\",\"position\":2,\"name\":\"Shop\",\"item\":\"https:\/\/staging.premiumkeszulek.hu\/hu\/shop\/\"},{\"@type\":\"ListItem\",\"position\":3,\"name\":\"AEG LTR6G271E Fel\u00fclt\u00f6lt\u0151s mos\u00f3g\u00e9p, 7 kg, 1200 f\/p.\"}]},{\"@type\":\"WebSite\",\"@id\":\"https:\/\/staging.premiumkeszulek.hu\/hu\/#website\",\"url\":\"https:\/\/staging.premiumkeszulek.hu\/hu\/\",\"name\":\"Pr\u00e9miumK\u00e9sz\u00fcl\u00e9k\",\"description\":\"\",\"publisher\":{\"@id\":\"https:\/\/staging.premiumkeszulek.hu\/hu\/#organization\"},\"potentialAction\":[{\"@type\":\"SearchAction\",\"target\":{\"@type\":\"EntryPoint\",\"urlTemplate\":\"https:\/\/staging.premiumkeszulek.hu\/hu\/?s={search_term_string}\"},\"query-input\":{\"@type\":\"PropertyValueSpecification\",\"valueRequired\":true,\"valueName\":\"search_term_string\"}}],\"inLanguage\":\"hu\"},{\"@type\":\"Organization\",\"@id\":\"https:\/\/staging.premiumkeszulek.hu\/hu\/#organization\",\"name\":\"Pr\u00e9miumK\u00e9sz\u00fcl\u00e9k\",\"alternateName\":\"HPH Special Kft\",\"url\":\"https:\/\/staging.premiumkeszulek.hu\/hu\/\",\"logo\":{\"@type\":\"ImageObject\",\"inLanguage\":\"hu\",\"@id\":\"https:\/\/staging.premiumkeszulek.hu\/hu\/#\/schema\/logo\/image\/\",\"url\":\"https:\/\/staging.premiumkeszulek.hu\/wp-content\/uploads\/2025\/03\/TURKIZLOGO-kicsi.png\",\"contentUrl\":\"https:\/\/staging.premiumkeszulek.hu\/wp-content\/uploads\/2025\/03\/TURKIZLOGO-kicsi.png\",\"width\":1600,\"height\":547,\"caption\":\"Pr\u00e9miumK\u00e9sz\u00fcl\u00e9k\"},\"image\":{\"@id\":\"https:\/\/staging.premiumkeszulek.hu\/hu\/#\/schema\/logo\/image\/\"},\"sameAs\":[\"https:\/\/www.facebook.com\/konyhaluxnet\",\"https:\/\/www.instagram.com\/konyhaluxnet\/#\"],\"email\":\"info@premiumkeszulek.hu\",\"telephone\":\"36 1 \/ 226-1992\",\"legalName\":\"HPH Special Kft\",\"vatID\":\"HU12549502\",\"taxID\":\"12549502\"}]}<\/script>\n<!-- \/ Yoast SEO Premium plugin. -->","yoast_head_json":{"title":"AEG LTR6G271E Fel\u00fclt\u00f6lt\u0151s mos\u00f3g\u00e9p, 7 kg, 1200 f\/p. - Pr\u00e9miumK\u00e9sz\u00fcl\u00e9k","description":"Az AEG LTR6G271E Fel\u00fclt\u00f6lt\u0151s mos\u00f3g\u00e9p szuper l\u00e1gy ajt\u00f3nyit\u00e1s\u00e1val \u00e9s Eco TimeSave funkci\u00f3j\u00e1val alak\u00edtja \u00e1t a mos\u00e1st. Rendelje meg a legt\u00f6bbet!","robots":{"index":"noindex","follow":"follow","max-snippet":"max-snippet:-1","max-image-preview":"max-image-preview:large","max-video-preview":"max-video-preview:-1"},"og_locale":"hu_HU","og_type":"article","og_title":"AEG LTR6G271E Fel\u00fclt\u00f6lt\u0151s mos\u00f3g\u00e9p, 7 kg, 1200 f\/p.","og_description":"Az AEG LTR6G271E Fel\u00fclt\u00f6lt\u0151s mos\u00f3g\u00e9p szuper l\u00e1gy ajt\u00f3nyit\u00e1s\u00e1val \u00e9s Eco TimeSave funkci\u00f3j\u00e1val alak\u00edtja \u00e1t a mos\u00e1st. Rendelje meg most!","og_url":"https:\/\/staging.premiumkeszulek.hu\/hu\/termek\/aeg-ltr6g271e-felultoltos-mosogep-7-kg-1200-f-p\/","og_site_name":"Pr\u00e9miumK\u00e9sz\u00fcl\u00e9k","article_publisher":"https:\/\/www.facebook.com\/konyhaluxnet","article_modified_time":"2026-04-13T09:54:58+00:00","og_image":[{"width":800,"height":800,"url":"https:\/\/i0.wp.com\/staging.premiumkeszulek.hu\/wp-content\/uploads\/2025\/03\/LTR6G271E.jpg?fit=800%2C800&ssl=1","type":"image\/jpeg"}],"twitter_card":"summary_large_image","twitter_misc":{"Becs\u00fclt olvas\u00e1si id\u0151":"2 perc"},"schema":{"@context":"https:\/\/schema.org","@graph":[{"@type":"WebPage","@id":"https:\/\/staging.premiumkeszulek.hu\/en\/product\/aeg-ltr6g271e-felultoltos-mosogep-7-kg-1200-f-p\/","url":"https:\/\/staging.premiumkeszulek.hu\/en\/product\/aeg-ltr6g271e-felultoltos-mosogep-7-kg-1200-f-p\/","name":"AEG LTR6G271E Fel\u00fclt\u00f6lt\u0151s mos\u00f3g\u00e9p, 7 kg, 1200 f\/p. - Pr\u00e9miumK\u00e9sz\u00fcl\u00e9k","isPartOf":{"@id":"https:\/\/staging.premiumkeszulek.hu\/hu\/#website"},"primaryImageOfPage":{"@id":"https:\/\/staging.premiumkeszulek.hu\/en\/product\/aeg-ltr6g271e-felultoltos-mosogep-7-kg-1200-f-p\/#primaryimage"},"image":{"@id":"https:\/\/staging.premiumkeszulek.hu\/en\/product\/aeg-ltr6g271e-felultoltos-mosogep-7-kg-1200-f-p\/#primaryimage"},"thumbnailUrl":"https:\/\/i0.wp.com\/staging.premiumkeszulek.hu\/wp-content\/uploads\/2025\/03\/LTR6G271E.jpg?fit=800%2C800&ssl=1","datePublished":"2025-03-23T21:29:49+00:00","dateModified":"2026-04-13T09:54:58+00:00","description":"Az AEG LTR6G271E Fel\u00fclt\u00f6lt\u0151s mos\u00f3g\u00e9p szuper l\u00e1gy ajt\u00f3nyit\u00e1s\u00e1val \u00e9s Eco TimeSave funkci\u00f3j\u00e1val alak\u00edtja \u00e1t a mos\u00e1st. Rendelje meg a legt\u00f6bbet!","breadcrumb":{"@id":"https:\/\/staging.premiumkeszulek.hu\/en\/product\/aeg-ltr6g271e-felultoltos-mosogep-7-kg-1200-f-p\/#breadcrumb"},"inLanguage":"hu","potentialAction":[{"@type":"ReadAction","target":["https:\/\/staging.premiumkeszulek.hu\/en\/product\/aeg-ltr6g271e-felultoltos-mosogep-7-kg-1200-f-p\/"]}]},{"@type":"ImageObject","inLanguage":"hu","@id":"https:\/\/staging.premiumkeszulek.hu\/en\/product\/aeg-ltr6g271e-felultoltos-mosogep-7-kg-1200-f-p\/#primaryimage","url":"https:\/\/i0.wp.com\/staging.premiumkeszulek.hu\/wp-content\/uploads\/2025\/03\/LTR6G271E.jpg?fit=800%2C800&ssl=1","contentUrl":"https:\/\/i0.wp.com\/staging.premiumkeszulek.hu\/wp-content\/uploads\/2025\/03\/LTR6G271E.jpg?fit=800%2C800&ssl=1","width":800,"height":800},{"@type":"BreadcrumbList","@id":"https:\/\/staging.premiumkeszulek.hu\/en\/product\/aeg-ltr6g271e-felultoltos-mosogep-7-kg-1200-f-p\/#breadcrumb","itemListElement":[{"@type":"ListItem","position":1,"name":"Home","item":"https:\/\/staging.premiumkeszulek.hu\/hu\/"},{"@type":"ListItem","position":2,"name":"Shop","item":"https:\/\/staging.premiumkeszulek.hu\/hu\/shop\/"},{"@type":"ListItem","position":3,"name":"AEG LTR6G271E Fel\u00fclt\u00f6lt\u0151s mos\u00f3g\u00e9p, 7 kg, 1200 f\/p."}]},{"@type":"WebSite","@id":"https:\/\/staging.premiumkeszulek.hu\/hu\/#website","url":"https:\/\/staging.premiumkeszulek.hu\/hu\/","name":"Pr\u00e9miumK\u00e9sz\u00fcl\u00e9k","description":"","publisher":{"@id":"https:\/\/staging.premiumkeszulek.hu\/hu\/#organization"},"potentialAction":[{"@type":"SearchAction","target":{"@type":"EntryPoint","urlTemplate":"https:\/\/staging.premiumkeszulek.hu\/hu\/?s={search_term_string}"},"query-input":{"@type":"PropertyValueSpecification","valueRequired":true,"valueName":"search_term_string"}}],"inLanguage":"hu"},{"@type":"Organization","@id":"https:\/\/staging.premiumkeszulek.hu\/hu\/#organization","name":"Pr\u00e9miumK\u00e9sz\u00fcl\u00e9k","alternateName":"HPH Special Kft","url":"https:\/\/staging.premiumkeszulek.hu\/hu\/","logo":{"@type":"ImageObject","inLanguage":"hu","@id":"https:\/\/staging.premiumkeszulek.hu\/hu\/#\/schema\/logo\/image\/","url":"https:\/\/staging.premiumkeszulek.hu\/wp-content\/uploads\/2025\/03\/TURKIZLOGO-kicsi.png","contentUrl":"https:\/\/staging.premiumkeszulek.hu\/wp-content\/uploads\/2025\/03\/TURKIZLOGO-kicsi.png","width":1600,"height":547,"caption":"Pr\u00e9miumK\u00e9sz\u00fcl\u00e9k"},"image":{"@id":"https:\/\/staging.premiumkeszulek.hu\/hu\/#\/schema\/logo\/image\/"},"sameAs":["https:\/\/www.facebook.com\/konyhaluxnet","https:\/\/www.instagram.com\/konyhaluxnet\/#"],"email":"info@premiumkeszulek.hu","telephone":"36 1 \/ 226-1992","legalName":"HPH Special Kft","vatID":"HU12549502","taxID":"12549502"}]}},"jetpack_publicize_connections":[],"jetpack_likes_enabled":true,"jetpack_sharing_enabled":true,"jetpack-related-posts":[],"_links":{"self":[{"href":"https:\/\/staging.premiumkeszulek.hu\/hu\/wp-json\/wp\/v2\/product\/9129","targetHints":{"allow":["GET"]}}],"collection":[{"href":"https:\/\/staging.premiumkeszulek.hu\/hu\/wp-json\/wp\/v2\/product"}],"about":[{"href":"https:\/\/staging.premiumkeszulek.hu\/hu\/wp-json\/wp\/v2\/types\/product"}],"replies":[{"embeddable":true,"href":"https:\/\/staging.premiumkeszulek.hu\/hu\/wp-json\/wp\/v2\/comments?post=9129"}],"wp:featuredmedia":[{"embeddable":true,"href":"https:\/\/staging.premiumkeszulek.hu\/hu\/wp-json\/wp\/v2\/media\/9128"}],"wp:attachment":[{"href":"https:\/\/staging.premiumkeszulek.hu\/hu\/wp-json\/wp\/v2\/media?parent=9129"}],"wp:term":[{"taxonomy":"product_brand","embeddable":true,"href":"https:\/\/staging.premiumkeszulek.hu\/hu\/wp-json\/wp\/v2\/product_brand?post=9129"},{"taxonomy":"product_cat","embeddable":true,"href":"https:\/\/staging.premiumkeszulek.hu\/hu\/wp-json\/wp\/v2\/product_cat?post=9129"},{"taxonomy":"product_tag","embeddable":true,"href":"https:\/\/staging.premiumkeszulek.hu\/hu\/wp-json\/wp\/v2\/product_tag?post=9129"},{"taxonomy":"woo-feed-brand","embeddable":true,"href":"https:\/\/staging.premiumkeszulek.hu\/hu\/wp-json\/wp\/v2\/woo-feed-brand?post=9129"}],"curies":[{"name":"wp","href":"https:\/\/api.w.org\/{rel}","templated":true}]}}