{"id":9064,"date":"2025-03-23T22:28:37","date_gmt":"2025-03-23T21:28:37","guid":{"rendered":"https:\/\/premiumkeszulek.hu\/product\/aeg-lfr73944qe-autodose-eloltoltos-gozmosogep-9-kg\/"},"modified":"2026-04-13T11:54:58","modified_gmt":"2026-04-13T09:54:58","slug":"aeg-lfr73944qe-autodose-eloltoltos-gozmosogep-9-kg","status":"publish","type":"product","link":"https:\/\/staging.premiumkeszulek.hu\/hu\/termek\/aeg-lfr73944qe-autodose-eloltoltos-gozmosogep-9-kg\/","title":{"rendered":"AEG LFR73944QE AutoDose el\u00f6lt\u00f6lt\u0151s g\u0151zmos\u00f3g\u00e9p, 9 kg"},"content":{"rendered":"<p>- ProSteam\u00ae 7000-es g\u0151zmos\u00f3g\u00e9p<br \/>\n\t- Igen alacsony fogyaszt\u00e1si \u00e9rt\u00e9kek<br \/>\n\t- Hab\u00e9rz\u00e9kel\u0151 \u00f6bl\u00edt\u00e9si rendszer\u00a0<br \/>\n\t- Friss\u00edt\u0151 g\u0151z, mos\u00e1s helyett - csup\u00e1n 25 perc<br \/>\n\t- Steam Refresh program semleges\u00edti a szagokat* \u00e9s kisim\u00edtja a gy\u0171r\u0151d\u00e9sek egy r\u00e9sz\u00e9t, m\u00e9g a s\u00e9r\u00fcl\u00e9keny anyagokn\u00e1l is, mind\u00f6ssze 25 perc alatt.<br \/>\n\t- Az AUTODOSE \u00f3vja a ruh\u00e1kat, \u00e9s ak\u00e1r 60%-kal kevesebb mos\u00f3szert haszn\u00e1l, \u00e9rz\u00e9kel\u0151k seg\u00edts\u00e9g\u00e9vel kisz\u00e1molja, hogy mennyi mos\u00f3szerre \u00e9s \u00f6bl\u00edt\u0151re van sz\u00fcks\u00e9g.<br \/>\n\t- Mix 69: a t\u00f6ltet s\u00faly\u00e1hoz igaz\u00edtja az energiafogyaszt\u00e1st, vegyes t\u00f6ltet mos\u00e1sa sor\u00e1n. 30\u00b0C-on, csup\u00e1n 69 perc alatt mossa ki a ruh\u00e1kat.<br \/>\n\t- Mos\u00e1s egy magasabb szinten, alkalmaz\u00e1son kereszt\u00fcl ir\u00e1ny\u00edthat\u00f3 k\u00e9sz\u00fcl\u00e9k<br \/>\n\t- PRECISEWASH\u00ae: a t\u00f6ltethez igazodva ak\u00e1r 40%-kal cs\u00f6kkenti a program hossz\u00e1t, a v\u00edz- \u00e9s energiafogyaszt\u00e1st<br \/>\n\t- V\u00edzel\u00e1raszt\u00e1s elleni v\u00e9delem Aqua Control szenzorral<br \/>\n\t- 4 \u00e1ll\u00edthat\u00f3 l\u00e1b<br \/>\n\t- Woolmark k\u00e9k + WoolCare Ariel\/Lenor<br \/>\n\t- Nagy LED kijelz\u0151<\/p>","protected":false},"excerpt":{"rendered":"<p><iframe src=\" https:\/\/www.mbhbank.hu\/sfcalculation\/?ar=[PRICE]&#038;partner=DX030&#038;konstrukcio=DLSK14\" width=\"100%\" height=\"500\" frameborder=\"0\" scrolling=\"yes\" align=\"left\"><\/iframe><\/p>\n","protected":false},"featured_media":9063,"comment_status":"closed","ping_status":"closed","template":"","meta":{"_crdt_document":"","content-type":"","jetpack_post_was_ever_published":false,"jetpack_publicize_message":"","jetpack_publicize_feature_enabled":true,"jetpack_social_post_already_shared":true,"jetpack_social_options":{"image_generator_settings":{"template":"highway","default_image_id":0,"font":"","enabled":false},"version":2},"_wpas_customize_per_network":false},"product_brand":[1632],"product_cat":[1377,1378],"product_tag":[],"woo-feed-brand":[],"class_list":{"0":"post-9064","1":"product","2":"type-product","3":"status-publish","4":"has-post-thumbnail","6":"product_brand-aeg","7":"product_cat-mososzaritogepek","8":"product_cat-mosogep","9":"product_shipping_class-100000felett","11":"first","12":"instock","13":"taxable","14":"shipping-taxable","15":"purchasable","16":"product-type-simple"},"yoast_head":"<!-- This site is optimized with the Yoast SEO Premium plugin v26.9 (Yoast SEO v26.9) - https:\/\/yoast.com\/product\/yoast-seo-premium-wordpress\/ -->\n<title>AEG LFR73944QE AutoDose el\u00f6lt\u00f6lt\u0151s g\u0151zmos\u00f3g\u00e9p, 9 kg - Pr\u00e9miumK\u00e9sz\u00fcl\u00e9k<\/title>\n<meta name=\"description\" content=\"Az AEG LFR73944QE AutoDose g\u0151zmos\u00f3g\u00e9p energiatakar\u00e9kos megold\u00e1s minden mos\u00e1shoz! \u00c9lvezze a gyors \u00e9s hat\u00e9kony friss\u00edt\u0151 g\u0151zprogramot! \ud83c\udf1f\" \/>\n<meta name=\"robots\" content=\"noindex, follow, max-snippet:-1, max-image-preview:large, max-video-preview:-1\" \/>\n<meta property=\"og:locale\" content=\"hu_HU\" \/>\n<meta property=\"og:type\" content=\"article\" \/>\n<meta property=\"og:title\" content=\"AEG LFR73944QE AutoDose el\u00f6lt\u00f6lt\u0151s g\u0151zmos\u00f3g\u00e9p, 9 kg\" \/>\n<meta property=\"og:description\" content=\"Az AEG LFR73944QE AutoDose g\u0151zmos\u00f3g\u00e9p energiatakar\u00e9kos megold\u00e1s minden mos\u00e1shoz! \u00c9lvezze a gyors \u00e9s hat\u00e9kony friss\u00edt\u0151 g\u0151zprogramot! \ud83c\udf1f\" \/>\n<meta property=\"og:url\" content=\"https:\/\/staging.premiumkeszulek.hu\/hu\/termek\/aeg-lfr73944qe-autodose-eloltoltos-gozmosogep-9-kg\/\" \/>\n<meta property=\"og:site_name\" content=\"Pr\u00e9miumK\u00e9sz\u00fcl\u00e9k\" \/>\n<meta property=\"article:publisher\" content=\"https:\/\/www.facebook.com\/konyhaluxnet\" \/>\n<meta property=\"article:modified_time\" content=\"2026-04-13T09:54:58+00:00\" \/>\n<meta property=\"og:image\" content=\"https:\/\/i0.wp.com\/staging.premiumkeszulek.hu\/wp-content\/uploads\/2025\/03\/LFR73944QEA.jpg?fit=800%2C800&ssl=1\" \/>\n\t<meta property=\"og:image:width\" content=\"800\" \/>\n\t<meta property=\"og:image:height\" content=\"800\" \/>\n\t<meta property=\"og:image:type\" content=\"image\/jpeg\" \/>\n<meta name=\"twitter:card\" content=\"summary_large_image\" \/>\n<meta name=\"twitter:label1\" content=\"Becs\u00fclt olvas\u00e1si id\u0151\" \/>\n\t<meta name=\"twitter:data1\" content=\"3 perc\" \/>\n<script type=\"application\/ld+json\" class=\"yoast-schema-graph\">{\"@context\":\"https:\/\/schema.org\",\"@graph\":[{\"@type\":\"WebPage\",\"@id\":\"https:\/\/staging.premiumkeszulek.hu\/en\/product\/aeg-lfr73944qe-autodose-eloltoltos-gozmosogep-9-kg\/\",\"url\":\"https:\/\/staging.premiumkeszulek.hu\/en\/product\/aeg-lfr73944qe-autodose-eloltoltos-gozmosogep-9-kg\/\",\"name\":\"AEG LFR73944QE AutoDose el\u00f6lt\u00f6lt\u0151s g\u0151zmos\u00f3g\u00e9p, 9 kg - Pr\u00e9miumK\u00e9sz\u00fcl\u00e9k\",\"isPartOf\":{\"@id\":\"https:\/\/staging.premiumkeszulek.hu\/hu\/#website\"},\"primaryImageOfPage\":{\"@id\":\"https:\/\/staging.premiumkeszulek.hu\/en\/product\/aeg-lfr73944qe-autodose-eloltoltos-gozmosogep-9-kg\/#primaryimage\"},\"image\":{\"@id\":\"https:\/\/staging.premiumkeszulek.hu\/en\/product\/aeg-lfr73944qe-autodose-eloltoltos-gozmosogep-9-kg\/#primaryimage\"},\"thumbnailUrl\":\"https:\/\/i0.wp.com\/staging.premiumkeszulek.hu\/wp-content\/uploads\/2025\/03\/LFR73944QEA.jpg?fit=800%2C800&ssl=1\",\"datePublished\":\"2025-03-23T21:28:37+00:00\",\"dateModified\":\"2026-04-13T09:54:58+00:00\",\"description\":\"Az AEG LFR73944QE AutoDose g\u0151zmos\u00f3g\u00e9p energiatakar\u00e9kos megold\u00e1s minden mos\u00e1shoz! \u00c9lvezze a gyors \u00e9s hat\u00e9kony friss\u00edt\u0151 g\u0151zprogramot! \ud83c\udf1f\",\"breadcrumb\":{\"@id\":\"https:\/\/staging.premiumkeszulek.hu\/en\/product\/aeg-lfr73944qe-autodose-eloltoltos-gozmosogep-9-kg\/#breadcrumb\"},\"inLanguage\":\"hu\",\"potentialAction\":[{\"@type\":\"ReadAction\",\"target\":[\"https:\/\/staging.premiumkeszulek.hu\/en\/product\/aeg-lfr73944qe-autodose-eloltoltos-gozmosogep-9-kg\/\"]}]},{\"@type\":\"ImageObject\",\"inLanguage\":\"hu\",\"@id\":\"https:\/\/staging.premiumkeszulek.hu\/en\/product\/aeg-lfr73944qe-autodose-eloltoltos-gozmosogep-9-kg\/#primaryimage\",\"url\":\"https:\/\/i0.wp.com\/staging.premiumkeszulek.hu\/wp-content\/uploads\/2025\/03\/LFR73944QEA.jpg?fit=800%2C800&ssl=1\",\"contentUrl\":\"https:\/\/i0.wp.com\/staging.premiumkeszulek.hu\/wp-content\/uploads\/2025\/03\/LFR73944QEA.jpg?fit=800%2C800&ssl=1\",\"width\":800,\"height\":800},{\"@type\":\"BreadcrumbList\",\"@id\":\"https:\/\/staging.premiumkeszulek.hu\/en\/product\/aeg-lfr73944qe-autodose-eloltoltos-gozmosogep-9-kg\/#breadcrumb\",\"itemListElement\":[{\"@type\":\"ListItem\",\"position\":1,\"name\":\"Home\",\"item\":\"https:\/\/staging.premiumkeszulek.hu\/hu\/\"},{\"@type\":\"ListItem\",\"position\":2,\"name\":\"Shop\",\"item\":\"https:\/\/staging.premiumkeszulek.hu\/hu\/shop\/\"},{\"@type\":\"ListItem\",\"position\":3,\"name\":\"AEG LFR73944QE AutoDose el\u00f6lt\u00f6lt\u0151s g\u0151zmos\u00f3g\u00e9p, 9 kg\"}]},{\"@type\":\"WebSite\",\"@id\":\"https:\/\/staging.premiumkeszulek.hu\/hu\/#website\",\"url\":\"https:\/\/staging.premiumkeszulek.hu\/hu\/\",\"name\":\"Pr\u00e9miumK\u00e9sz\u00fcl\u00e9k\",\"description\":\"\",\"publisher\":{\"@id\":\"https:\/\/staging.premiumkeszulek.hu\/hu\/#organization\"},\"potentialAction\":[{\"@type\":\"SearchAction\",\"target\":{\"@type\":\"EntryPoint\",\"urlTemplate\":\"https:\/\/staging.premiumkeszulek.hu\/hu\/?s={search_term_string}\"},\"query-input\":{\"@type\":\"PropertyValueSpecification\",\"valueRequired\":true,\"valueName\":\"search_term_string\"}}],\"inLanguage\":\"hu\"},{\"@type\":\"Organization\",\"@id\":\"https:\/\/staging.premiumkeszulek.hu\/hu\/#organization\",\"name\":\"Pr\u00e9miumK\u00e9sz\u00fcl\u00e9k\",\"alternateName\":\"HPH Special Kft\",\"url\":\"https:\/\/staging.premiumkeszulek.hu\/hu\/\",\"logo\":{\"@type\":\"ImageObject\",\"inLanguage\":\"hu\",\"@id\":\"https:\/\/staging.premiumkeszulek.hu\/hu\/#\/schema\/logo\/image\/\",\"url\":\"https:\/\/staging.premiumkeszulek.hu\/wp-content\/uploads\/2025\/03\/TURKIZLOGO-kicsi.png\",\"contentUrl\":\"https:\/\/staging.premiumkeszulek.hu\/wp-content\/uploads\/2025\/03\/TURKIZLOGO-kicsi.png\",\"width\":1600,\"height\":547,\"caption\":\"Pr\u00e9miumK\u00e9sz\u00fcl\u00e9k\"},\"image\":{\"@id\":\"https:\/\/staging.premiumkeszulek.hu\/hu\/#\/schema\/logo\/image\/\"},\"sameAs\":[\"https:\/\/www.facebook.com\/konyhaluxnet\",\"https:\/\/www.instagram.com\/konyhaluxnet\/#\"],\"email\":\"info@premiumkeszulek.hu\",\"telephone\":\"36 1 \/ 226-1992\",\"legalName\":\"HPH Special Kft\",\"vatID\":\"HU12549502\",\"taxID\":\"12549502\"}]}<\/script>\n<!-- \/ Yoast SEO Premium plugin. -->","yoast_head_json":{"title":"AEG LFR73944QE AutoDose el\u00f6lt\u00f6lt\u0151s g\u0151zmos\u00f3g\u00e9p, 9 kg - Pr\u00e9miumK\u00e9sz\u00fcl\u00e9k","description":"Az AEG LFR73944QE AutoDose g\u0151zmos\u00f3g\u00e9p energiatakar\u00e9kos megold\u00e1s minden mos\u00e1shoz! \u00c9lvezze a gyors \u00e9s hat\u00e9kony friss\u00edt\u0151 g\u0151zprogramot! \ud83c\udf1f","robots":{"index":"noindex","follow":"follow","max-snippet":"max-snippet:-1","max-image-preview":"max-image-preview:large","max-video-preview":"max-video-preview:-1"},"og_locale":"hu_HU","og_type":"article","og_title":"AEG LFR73944QE AutoDose el\u00f6lt\u00f6lt\u0151s g\u0151zmos\u00f3g\u00e9p, 9 kg","og_description":"Az AEG LFR73944QE AutoDose g\u0151zmos\u00f3g\u00e9p energiatakar\u00e9kos megold\u00e1s minden mos\u00e1shoz! \u00c9lvezze a gyors \u00e9s hat\u00e9kony friss\u00edt\u0151 g\u0151zprogramot! \ud83c\udf1f","og_url":"https:\/\/staging.premiumkeszulek.hu\/hu\/termek\/aeg-lfr73944qe-autodose-eloltoltos-gozmosogep-9-kg\/","og_site_name":"Pr\u00e9miumK\u00e9sz\u00fcl\u00e9k","article_publisher":"https:\/\/www.facebook.com\/konyhaluxnet","article_modified_time":"2026-04-13T09:54:58+00:00","og_image":[{"width":800,"height":800,"url":"https:\/\/i0.wp.com\/staging.premiumkeszulek.hu\/wp-content\/uploads\/2025\/03\/LFR73944QEA.jpg?fit=800%2C800&ssl=1","type":"image\/jpeg"}],"twitter_card":"summary_large_image","twitter_misc":{"Becs\u00fclt olvas\u00e1si id\u0151":"3 perc"},"schema":{"@context":"https:\/\/schema.org","@graph":[{"@type":"WebPage","@id":"https:\/\/staging.premiumkeszulek.hu\/en\/product\/aeg-lfr73944qe-autodose-eloltoltos-gozmosogep-9-kg\/","url":"https:\/\/staging.premiumkeszulek.hu\/en\/product\/aeg-lfr73944qe-autodose-eloltoltos-gozmosogep-9-kg\/","name":"AEG LFR73944QE AutoDose el\u00f6lt\u00f6lt\u0151s g\u0151zmos\u00f3g\u00e9p, 9 kg - Pr\u00e9miumK\u00e9sz\u00fcl\u00e9k","isPartOf":{"@id":"https:\/\/staging.premiumkeszulek.hu\/hu\/#website"},"primaryImageOfPage":{"@id":"https:\/\/staging.premiumkeszulek.hu\/en\/product\/aeg-lfr73944qe-autodose-eloltoltos-gozmosogep-9-kg\/#primaryimage"},"image":{"@id":"https:\/\/staging.premiumkeszulek.hu\/en\/product\/aeg-lfr73944qe-autodose-eloltoltos-gozmosogep-9-kg\/#primaryimage"},"thumbnailUrl":"https:\/\/i0.wp.com\/staging.premiumkeszulek.hu\/wp-content\/uploads\/2025\/03\/LFR73944QEA.jpg?fit=800%2C800&ssl=1","datePublished":"2025-03-23T21:28:37+00:00","dateModified":"2026-04-13T09:54:58+00:00","description":"Az AEG LFR73944QE AutoDose g\u0151zmos\u00f3g\u00e9p energiatakar\u00e9kos megold\u00e1s minden mos\u00e1shoz! \u00c9lvezze a gyors \u00e9s hat\u00e9kony friss\u00edt\u0151 g\u0151zprogramot! \ud83c\udf1f","breadcrumb":{"@id":"https:\/\/staging.premiumkeszulek.hu\/en\/product\/aeg-lfr73944qe-autodose-eloltoltos-gozmosogep-9-kg\/#breadcrumb"},"inLanguage":"hu","potentialAction":[{"@type":"ReadAction","target":["https:\/\/staging.premiumkeszulek.hu\/en\/product\/aeg-lfr73944qe-autodose-eloltoltos-gozmosogep-9-kg\/"]}]},{"@type":"ImageObject","inLanguage":"hu","@id":"https:\/\/staging.premiumkeszulek.hu\/en\/product\/aeg-lfr73944qe-autodose-eloltoltos-gozmosogep-9-kg\/#primaryimage","url":"https:\/\/i0.wp.com\/staging.premiumkeszulek.hu\/wp-content\/uploads\/2025\/03\/LFR73944QEA.jpg?fit=800%2C800&ssl=1","contentUrl":"https:\/\/i0.wp.com\/staging.premiumkeszulek.hu\/wp-content\/uploads\/2025\/03\/LFR73944QEA.jpg?fit=800%2C800&ssl=1","width":800,"height":800},{"@type":"BreadcrumbList","@id":"https:\/\/staging.premiumkeszulek.hu\/en\/product\/aeg-lfr73944qe-autodose-eloltoltos-gozmosogep-9-kg\/#breadcrumb","itemListElement":[{"@type":"ListItem","position":1,"name":"Home","item":"https:\/\/staging.premiumkeszulek.hu\/hu\/"},{"@type":"ListItem","position":2,"name":"Shop","item":"https:\/\/staging.premiumkeszulek.hu\/hu\/shop\/"},{"@type":"ListItem","position":3,"name":"AEG LFR73944QE AutoDose el\u00f6lt\u00f6lt\u0151s g\u0151zmos\u00f3g\u00e9p, 9 kg"}]},{"@type":"WebSite","@id":"https:\/\/staging.premiumkeszulek.hu\/hu\/#website","url":"https:\/\/staging.premiumkeszulek.hu\/hu\/","name":"Pr\u00e9miumK\u00e9sz\u00fcl\u00e9k","description":"","publisher":{"@id":"https:\/\/staging.premiumkeszulek.hu\/hu\/#organization"},"potentialAction":[{"@type":"SearchAction","target":{"@type":"EntryPoint","urlTemplate":"https:\/\/staging.premiumkeszulek.hu\/hu\/?s={search_term_string}"},"query-input":{"@type":"PropertyValueSpecification","valueRequired":true,"valueName":"search_term_string"}}],"inLanguage":"hu"},{"@type":"Organization","@id":"https:\/\/staging.premiumkeszulek.hu\/hu\/#organization","name":"Pr\u00e9miumK\u00e9sz\u00fcl\u00e9k","alternateName":"HPH Special Kft","url":"https:\/\/staging.premiumkeszulek.hu\/hu\/","logo":{"@type":"ImageObject","inLanguage":"hu","@id":"https:\/\/staging.premiumkeszulek.hu\/hu\/#\/schema\/logo\/image\/","url":"https:\/\/staging.premiumkeszulek.hu\/wp-content\/uploads\/2025\/03\/TURKIZLOGO-kicsi.png","contentUrl":"https:\/\/staging.premiumkeszulek.hu\/wp-content\/uploads\/2025\/03\/TURKIZLOGO-kicsi.png","width":1600,"height":547,"caption":"Pr\u00e9miumK\u00e9sz\u00fcl\u00e9k"},"image":{"@id":"https:\/\/staging.premiumkeszulek.hu\/hu\/#\/schema\/logo\/image\/"},"sameAs":["https:\/\/www.facebook.com\/konyhaluxnet","https:\/\/www.instagram.com\/konyhaluxnet\/#"],"email":"info@premiumkeszulek.hu","telephone":"36 1 \/ 226-1992","legalName":"HPH Special Kft","vatID":"HU12549502","taxID":"12549502"}]}},"jetpack_publicize_connections":[],"jetpack_likes_enabled":true,"jetpack_sharing_enabled":true,"jetpack-related-posts":[],"_links":{"self":[{"href":"https:\/\/staging.premiumkeszulek.hu\/hu\/wp-json\/wp\/v2\/product\/9064","targetHints":{"allow":["GET"]}}],"collection":[{"href":"https:\/\/staging.premiumkeszulek.hu\/hu\/wp-json\/wp\/v2\/product"}],"about":[{"href":"https:\/\/staging.premiumkeszulek.hu\/hu\/wp-json\/wp\/v2\/types\/product"}],"replies":[{"embeddable":true,"href":"https:\/\/staging.premiumkeszulek.hu\/hu\/wp-json\/wp\/v2\/comments?post=9064"}],"wp:featuredmedia":[{"embeddable":true,"href":"https:\/\/staging.premiumkeszulek.hu\/hu\/wp-json\/wp\/v2\/media\/9063"}],"wp:attachment":[{"href":"https:\/\/staging.premiumkeszulek.hu\/hu\/wp-json\/wp\/v2\/media?parent=9064"}],"wp:term":[{"taxonomy":"product_brand","embeddable":true,"href":"https:\/\/staging.premiumkeszulek.hu\/hu\/wp-json\/wp\/v2\/product_brand?post=9064"},{"taxonomy":"product_cat","embeddable":true,"href":"https:\/\/staging.premiumkeszulek.hu\/hu\/wp-json\/wp\/v2\/product_cat?post=9064"},{"taxonomy":"product_tag","embeddable":true,"href":"https:\/\/staging.premiumkeszulek.hu\/hu\/wp-json\/wp\/v2\/product_tag?post=9064"},{"taxonomy":"woo-feed-brand","embeddable":true,"href":"https:\/\/staging.premiumkeszulek.hu\/hu\/wp-json\/wp\/v2\/woo-feed-brand?post=9064"}],"curies":[{"name":"wp","href":"https:\/\/api.w.org\/{rel}","templated":true}]}}