{"id":78636,"date":"2026-03-03T22:05:32","date_gmt":"2026-03-03T21:05:32","guid":{"rendered":"https:\/\/premiumkeszulek.hu\/product\/bosch-mmbh6p6b-vitaboost-turmixgep-1600w-fekete\/"},"modified":"2026-04-13T11:55:31","modified_gmt":"2026-04-13T09:55:31","slug":"bosch-mmbh6p6b-vitaboost-turmixgep-1600w-fekete","status":"publish","type":"product","link":"https:\/\/staging.premiumkeszulek.hu\/hu\/termek\/bosch-mmbh6p6b-vitaboost-turmixgep-1600w-fekete\/","title":{"rendered":"Bosch MMBH6P6B VitaBoost turmixg\u00e9p 1600W fekete"},"content":{"rendered":"<div class=\"loadbeeTabContent\" data-loadbee-apikey=\"bVxDWaSdseFz5PWWtvKmAkGr88n6WXYY\" data-loadbee-gtin=\"4242002997575\" data-loadbee-locale=\"hu_HU\">\u00a0\n<\/div>\n<p><script async src=\"https:\/\/cdn.loadbee.com\/js\/loadbee_integration.js\"><\/script><script type=\"text\/javascript\"\nsrc=\"https:\/\/tracking.channelsight.com\/api\/tracking\/v2\/Init\">\n<\/script><\/p>","protected":false},"excerpt":{"rendered":"<p>\u00a0 VitaBoost, nagy teljes\u00edtm\u00e9ny\u0171 turmix: a t\u00f6bb, mint 30000 fordulattal percenk\u00e9nt kiv\u00e1l\u00f3, eg\u00e9szs\u00e9ges smoothiek, shakek, levesek, fagylaltok valamint sok egy\u00e9b \u00e9tel k\u00e9sz\u00edthet\u0151.<\/p>\n<p>\u00a0\u00a0\u00a0 Nagy m\u00e9ret\u0171, trit\u00e1n turmixkehely (2,5 l): tart\u00f3s, t\u00f6rhetetlen \u00e9s nagy mennyis\u00e9gekhez is ide\u00e1lis<br \/>\n\t\u00a0\u00a0\u00a0 BPA-mentes alkatr\u00e9szek: \u00e9telei eg\u00e9szs\u00e9ges, biztons\u00e1gos \u00e9s k\u00e9nyelmes elk\u00e9sz\u00edt\u00e9si m\u00f3dja<br \/>\n\t\u00a0\u00a0\u00a0 K\u00f6nny\u0171 tiszt\u00edt\u00e1s: automata tiszt\u00edt\u00f3program \u00e9s mosogat\u00f3g\u00e9pben moshat\u00f3 alkatr\u00e9szek.<br \/>\n\t\u00a0\u00a0\u00a0 K\u00fcl\u00f6n\u00f6sen magas teljes\u00edtm\u00e9ny: kiv\u00e1l\u00f3 eredm\u00e9nyek rekordid\u0151 alatt az 1.600 W-os \u00e9s ak\u00e1r 45.000 fordulat\/perc fordulatsz\u00e1m\u00fa motorral.<br \/>\n\t\u00a0\u00a0\u00a0 Inspir\u00e1l\u00f3 szak\u00e1csk\u00f6nyv: finom \u00e9telreceptek \u00e9s \u00f6tletek az eg\u00e9szs\u00e9ges \u00e9lethez (idegen nyelven)<\/p>","protected":false},"featured_media":78635,"comment_status":"closed","ping_status":"closed","template":"","meta":{"_crdt_document":"","content-type":"","jetpack_post_was_ever_published":false,"jetpack_publicize_message":"","jetpack_publicize_feature_enabled":true,"jetpack_social_post_already_shared":true,"jetpack_social_options":{"image_generator_settings":{"template":"highway","default_image_id":0,"font":"","enabled":false},"version":2},"_wpas_customize_per_network":false},"product_brand":[9058],"product_cat":[5033,5032,5038],"product_tag":[],"woo-feed-brand":[],"class_list":{"0":"post-78636","1":"product","2":"type-product","3":"status-publish","4":"has-post-thumbnail","6":"product_brand-bosch","7":"product_cat-kiskeszulek","8":"product_cat-tobb-kategoria","9":"product_cat-turmix","10":"product_shipping_class-100000felett","12":"first","13":"onbackorder","14":"taxable","15":"shipping-taxable","16":"purchasable","17":"product-type-simple"},"yoast_head":"<!-- This site is optimized with the Yoast SEO Premium plugin v26.9 (Yoast SEO v26.9) - https:\/\/yoast.com\/product\/yoast-seo-premium-wordpress\/ -->\n<title>Bosch MMBH6P6B VitaBoost turmixg\u00e9p 1600W fekete - Pr\u00e9miumK\u00e9sz\u00fcl\u00e9k<\/title>\n<meta name=\"description\" content=\"A Bosch MMBH6P6B VitaBoost turmixg\u00e9p k\u00f6nnyen tiszt\u00edthat\u00f3! K\u00e9sz\u00edtsen gyorsan eg\u00e9szs\u00e9ges italokat a nagy teljes\u00edtm\u00e9ny\u0171 motor seg\u00edts\u00e9g\u00e9vel.\" \/>\n<meta name=\"robots\" content=\"noindex, follow, max-snippet:-1, max-image-preview:large, max-video-preview:-1\" \/>\n<meta property=\"og:locale\" content=\"hu_HU\" \/>\n<meta property=\"og:type\" content=\"article\" \/>\n<meta property=\"og:title\" content=\"Bosch MMBH6P6B VitaBoost turmixg\u00e9p 1600W fekete\" \/>\n<meta property=\"og:description\" content=\"A Bosch MMBH6P6B VitaBoost turmixg\u00e9p k\u00f6nnyen tiszt\u00edthat\u00f3! K\u00e9sz\u00edtsen gyorsan eg\u00e9szs\u00e9ges italokat a nagy teljes\u00edtm\u00e9ny\u0171 motor seg\u00edts\u00e9g\u00e9vel.\" \/>\n<meta property=\"og:url\" content=\"https:\/\/staging.premiumkeszulek.hu\/hu\/termek\/bosch-mmbh6p6b-vitaboost-turmixgep-1600w-fekete\/\" \/>\n<meta property=\"og:site_name\" content=\"Pr\u00e9miumK\u00e9sz\u00fcl\u00e9k\" \/>\n<meta property=\"article:publisher\" content=\"https:\/\/www.facebook.com\/konyhaluxnet\" \/>\n<meta property=\"article:modified_time\" content=\"2026-04-13T09:55:31+00:00\" \/>\n<meta property=\"og:image\" content=\"https:\/\/i0.wp.com\/staging.premiumkeszulek.hu\/wp-content\/uploads\/2026\/03\/MMBH6P6B-111.jpg?fit=800%2C800&ssl=1\" \/>\n\t<meta property=\"og:image:width\" content=\"800\" \/>\n\t<meta property=\"og:image:height\" content=\"800\" \/>\n\t<meta property=\"og:image:type\" content=\"image\/jpeg\" \/>\n<meta name=\"twitter:card\" content=\"summary_large_image\" \/>\n<meta name=\"twitter:label1\" content=\"Becs\u00fclt olvas\u00e1si id\u0151\" \/>\n\t<meta name=\"twitter:data1\" content=\"3 perc\" \/>\n<script type=\"application\/ld+json\" class=\"yoast-schema-graph\">{\"@context\":\"https:\/\/schema.org\",\"@graph\":[{\"@type\":\"WebPage\",\"@id\":\"https:\/\/staging.premiumkeszulek.hu\/en\/product\/bosch-mmbh6p6b-vitaboost-turmixgep-1600w-fekete\/\",\"url\":\"https:\/\/staging.premiumkeszulek.hu\/en\/product\/bosch-mmbh6p6b-vitaboost-turmixgep-1600w-fekete\/\",\"name\":\"Bosch MMBH6P6B VitaBoost turmixg\u00e9p 1600W fekete - Pr\u00e9miumK\u00e9sz\u00fcl\u00e9k\",\"isPartOf\":{\"@id\":\"https:\/\/staging.premiumkeszulek.hu\/hu\/#website\"},\"primaryImageOfPage\":{\"@id\":\"https:\/\/staging.premiumkeszulek.hu\/en\/product\/bosch-mmbh6p6b-vitaboost-turmixgep-1600w-fekete\/#primaryimage\"},\"image\":{\"@id\":\"https:\/\/staging.premiumkeszulek.hu\/en\/product\/bosch-mmbh6p6b-vitaboost-turmixgep-1600w-fekete\/#primaryimage\"},\"thumbnailUrl\":\"https:\/\/i0.wp.com\/staging.premiumkeszulek.hu\/wp-content\/uploads\/2026\/03\/MMBH6P6B-111.jpg?fit=800%2C800&ssl=1\",\"datePublished\":\"2026-03-03T21:05:32+00:00\",\"dateModified\":\"2026-04-13T09:55:31+00:00\",\"description\":\"A Bosch MMBH6P6B VitaBoost turmixg\u00e9p k\u00f6nnyen tiszt\u00edthat\u00f3! K\u00e9sz\u00edtsen gyorsan eg\u00e9szs\u00e9ges italokat a nagy teljes\u00edtm\u00e9ny\u0171 motor seg\u00edts\u00e9g\u00e9vel.\",\"breadcrumb\":{\"@id\":\"https:\/\/staging.premiumkeszulek.hu\/en\/product\/bosch-mmbh6p6b-vitaboost-turmixgep-1600w-fekete\/#breadcrumb\"},\"inLanguage\":\"hu\",\"potentialAction\":[{\"@type\":\"ReadAction\",\"target\":[\"https:\/\/staging.premiumkeszulek.hu\/en\/product\/bosch-mmbh6p6b-vitaboost-turmixgep-1600w-fekete\/\"]}]},{\"@type\":\"ImageObject\",\"inLanguage\":\"hu\",\"@id\":\"https:\/\/staging.premiumkeszulek.hu\/en\/product\/bosch-mmbh6p6b-vitaboost-turmixgep-1600w-fekete\/#primaryimage\",\"url\":\"https:\/\/i0.wp.com\/staging.premiumkeszulek.hu\/wp-content\/uploads\/2026\/03\/MMBH6P6B-111.jpg?fit=800%2C800&ssl=1\",\"contentUrl\":\"https:\/\/i0.wp.com\/staging.premiumkeszulek.hu\/wp-content\/uploads\/2026\/03\/MMBH6P6B-111.jpg?fit=800%2C800&ssl=1\",\"width\":800,\"height\":800},{\"@type\":\"BreadcrumbList\",\"@id\":\"https:\/\/staging.premiumkeszulek.hu\/en\/product\/bosch-mmbh6p6b-vitaboost-turmixgep-1600w-fekete\/#breadcrumb\",\"itemListElement\":[{\"@type\":\"ListItem\",\"position\":1,\"name\":\"Home\",\"item\":\"https:\/\/staging.premiumkeszulek.hu\/hu\/\"},{\"@type\":\"ListItem\",\"position\":2,\"name\":\"Shop\",\"item\":\"https:\/\/staging.premiumkeszulek.hu\/hu\/shop\/\"},{\"@type\":\"ListItem\",\"position\":3,\"name\":\"Bosch MMBH6P6B VitaBoost turmixg\u00e9p 1600W fekete\"}]},{\"@type\":\"WebSite\",\"@id\":\"https:\/\/staging.premiumkeszulek.hu\/hu\/#website\",\"url\":\"https:\/\/staging.premiumkeszulek.hu\/hu\/\",\"name\":\"Pr\u00e9miumK\u00e9sz\u00fcl\u00e9k\",\"description\":\"\",\"publisher\":{\"@id\":\"https:\/\/staging.premiumkeszulek.hu\/hu\/#organization\"},\"potentialAction\":[{\"@type\":\"SearchAction\",\"target\":{\"@type\":\"EntryPoint\",\"urlTemplate\":\"https:\/\/staging.premiumkeszulek.hu\/hu\/?s={search_term_string}\"},\"query-input\":{\"@type\":\"PropertyValueSpecification\",\"valueRequired\":true,\"valueName\":\"search_term_string\"}}],\"inLanguage\":\"hu\"},{\"@type\":\"Organization\",\"@id\":\"https:\/\/staging.premiumkeszulek.hu\/hu\/#organization\",\"name\":\"Pr\u00e9miumK\u00e9sz\u00fcl\u00e9k\",\"alternateName\":\"HPH Special Kft\",\"url\":\"https:\/\/staging.premiumkeszulek.hu\/hu\/\",\"logo\":{\"@type\":\"ImageObject\",\"inLanguage\":\"hu\",\"@id\":\"https:\/\/staging.premiumkeszulek.hu\/hu\/#\/schema\/logo\/image\/\",\"url\":\"https:\/\/staging.premiumkeszulek.hu\/wp-content\/uploads\/2025\/03\/TURKIZLOGO-kicsi.png\",\"contentUrl\":\"https:\/\/staging.premiumkeszulek.hu\/wp-content\/uploads\/2025\/03\/TURKIZLOGO-kicsi.png\",\"width\":1600,\"height\":547,\"caption\":\"Pr\u00e9miumK\u00e9sz\u00fcl\u00e9k\"},\"image\":{\"@id\":\"https:\/\/staging.premiumkeszulek.hu\/hu\/#\/schema\/logo\/image\/\"},\"sameAs\":[\"https:\/\/www.facebook.com\/konyhaluxnet\",\"https:\/\/www.instagram.com\/konyhaluxnet\/#\"],\"email\":\"info@premiumkeszulek.hu\",\"telephone\":\"36 1 \/ 226-1992\",\"legalName\":\"HPH Special Kft\",\"vatID\":\"HU12549502\",\"taxID\":\"12549502\"}]}<\/script>\n<!-- \/ Yoast SEO Premium plugin. -->","yoast_head_json":{"title":"Bosch MMBH6P6B VitaBoost turmixg\u00e9p 1600W fekete - Pr\u00e9miumK\u00e9sz\u00fcl\u00e9k","description":"A Bosch MMBH6P6B VitaBoost turmixg\u00e9p k\u00f6nnyen tiszt\u00edthat\u00f3! K\u00e9sz\u00edtsen gyorsan eg\u00e9szs\u00e9ges italokat a nagy teljes\u00edtm\u00e9ny\u0171 motor seg\u00edts\u00e9g\u00e9vel.","robots":{"index":"noindex","follow":"follow","max-snippet":"max-snippet:-1","max-image-preview":"max-image-preview:large","max-video-preview":"max-video-preview:-1"},"og_locale":"hu_HU","og_type":"article","og_title":"Bosch MMBH6P6B VitaBoost turmixg\u00e9p 1600W fekete","og_description":"A Bosch MMBH6P6B VitaBoost turmixg\u00e9p k\u00f6nnyen tiszt\u00edthat\u00f3! K\u00e9sz\u00edtsen gyorsan eg\u00e9szs\u00e9ges italokat a nagy teljes\u00edtm\u00e9ny\u0171 motor seg\u00edts\u00e9g\u00e9vel.","og_url":"https:\/\/staging.premiumkeszulek.hu\/hu\/termek\/bosch-mmbh6p6b-vitaboost-turmixgep-1600w-fekete\/","og_site_name":"Pr\u00e9miumK\u00e9sz\u00fcl\u00e9k","article_publisher":"https:\/\/www.facebook.com\/konyhaluxnet","article_modified_time":"2026-04-13T09:55:31+00:00","og_image":[{"width":800,"height":800,"url":"https:\/\/i0.wp.com\/staging.premiumkeszulek.hu\/wp-content\/uploads\/2026\/03\/MMBH6P6B-111.jpg?fit=800%2C800&ssl=1","type":"image\/jpeg"}],"twitter_card":"summary_large_image","twitter_misc":{"Becs\u00fclt olvas\u00e1si id\u0151":"3 perc"},"schema":{"@context":"https:\/\/schema.org","@graph":[{"@type":"WebPage","@id":"https:\/\/staging.premiumkeszulek.hu\/en\/product\/bosch-mmbh6p6b-vitaboost-turmixgep-1600w-fekete\/","url":"https:\/\/staging.premiumkeszulek.hu\/en\/product\/bosch-mmbh6p6b-vitaboost-turmixgep-1600w-fekete\/","name":"Bosch MMBH6P6B VitaBoost turmixg\u00e9p 1600W fekete - Pr\u00e9miumK\u00e9sz\u00fcl\u00e9k","isPartOf":{"@id":"https:\/\/staging.premiumkeszulek.hu\/hu\/#website"},"primaryImageOfPage":{"@id":"https:\/\/staging.premiumkeszulek.hu\/en\/product\/bosch-mmbh6p6b-vitaboost-turmixgep-1600w-fekete\/#primaryimage"},"image":{"@id":"https:\/\/staging.premiumkeszulek.hu\/en\/product\/bosch-mmbh6p6b-vitaboost-turmixgep-1600w-fekete\/#primaryimage"},"thumbnailUrl":"https:\/\/i0.wp.com\/staging.premiumkeszulek.hu\/wp-content\/uploads\/2026\/03\/MMBH6P6B-111.jpg?fit=800%2C800&ssl=1","datePublished":"2026-03-03T21:05:32+00:00","dateModified":"2026-04-13T09:55:31+00:00","description":"A Bosch MMBH6P6B VitaBoost turmixg\u00e9p k\u00f6nnyen tiszt\u00edthat\u00f3! K\u00e9sz\u00edtsen gyorsan eg\u00e9szs\u00e9ges italokat a nagy teljes\u00edtm\u00e9ny\u0171 motor seg\u00edts\u00e9g\u00e9vel.","breadcrumb":{"@id":"https:\/\/staging.premiumkeszulek.hu\/en\/product\/bosch-mmbh6p6b-vitaboost-turmixgep-1600w-fekete\/#breadcrumb"},"inLanguage":"hu","potentialAction":[{"@type":"ReadAction","target":["https:\/\/staging.premiumkeszulek.hu\/en\/product\/bosch-mmbh6p6b-vitaboost-turmixgep-1600w-fekete\/"]}]},{"@type":"ImageObject","inLanguage":"hu","@id":"https:\/\/staging.premiumkeszulek.hu\/en\/product\/bosch-mmbh6p6b-vitaboost-turmixgep-1600w-fekete\/#primaryimage","url":"https:\/\/i0.wp.com\/staging.premiumkeszulek.hu\/wp-content\/uploads\/2026\/03\/MMBH6P6B-111.jpg?fit=800%2C800&ssl=1","contentUrl":"https:\/\/i0.wp.com\/staging.premiumkeszulek.hu\/wp-content\/uploads\/2026\/03\/MMBH6P6B-111.jpg?fit=800%2C800&ssl=1","width":800,"height":800},{"@type":"BreadcrumbList","@id":"https:\/\/staging.premiumkeszulek.hu\/en\/product\/bosch-mmbh6p6b-vitaboost-turmixgep-1600w-fekete\/#breadcrumb","itemListElement":[{"@type":"ListItem","position":1,"name":"Home","item":"https:\/\/staging.premiumkeszulek.hu\/hu\/"},{"@type":"ListItem","position":2,"name":"Shop","item":"https:\/\/staging.premiumkeszulek.hu\/hu\/shop\/"},{"@type":"ListItem","position":3,"name":"Bosch MMBH6P6B VitaBoost turmixg\u00e9p 1600W fekete"}]},{"@type":"WebSite","@id":"https:\/\/staging.premiumkeszulek.hu\/hu\/#website","url":"https:\/\/staging.premiumkeszulek.hu\/hu\/","name":"Pr\u00e9miumK\u00e9sz\u00fcl\u00e9k","description":"","publisher":{"@id":"https:\/\/staging.premiumkeszulek.hu\/hu\/#organization"},"potentialAction":[{"@type":"SearchAction","target":{"@type":"EntryPoint","urlTemplate":"https:\/\/staging.premiumkeszulek.hu\/hu\/?s={search_term_string}"},"query-input":{"@type":"PropertyValueSpecification","valueRequired":true,"valueName":"search_term_string"}}],"inLanguage":"hu"},{"@type":"Organization","@id":"https:\/\/staging.premiumkeszulek.hu\/hu\/#organization","name":"Pr\u00e9miumK\u00e9sz\u00fcl\u00e9k","alternateName":"HPH Special Kft","url":"https:\/\/staging.premiumkeszulek.hu\/hu\/","logo":{"@type":"ImageObject","inLanguage":"hu","@id":"https:\/\/staging.premiumkeszulek.hu\/hu\/#\/schema\/logo\/image\/","url":"https:\/\/staging.premiumkeszulek.hu\/wp-content\/uploads\/2025\/03\/TURKIZLOGO-kicsi.png","contentUrl":"https:\/\/staging.premiumkeszulek.hu\/wp-content\/uploads\/2025\/03\/TURKIZLOGO-kicsi.png","width":1600,"height":547,"caption":"Pr\u00e9miumK\u00e9sz\u00fcl\u00e9k"},"image":{"@id":"https:\/\/staging.premiumkeszulek.hu\/hu\/#\/schema\/logo\/image\/"},"sameAs":["https:\/\/www.facebook.com\/konyhaluxnet","https:\/\/www.instagram.com\/konyhaluxnet\/#"],"email":"info@premiumkeszulek.hu","telephone":"36 1 \/ 226-1992","legalName":"HPH Special Kft","vatID":"HU12549502","taxID":"12549502"}]}},"jetpack_publicize_connections":[],"jetpack_likes_enabled":true,"jetpack_sharing_enabled":true,"jetpack-related-posts":[],"_links":{"self":[{"href":"https:\/\/staging.premiumkeszulek.hu\/hu\/wp-json\/wp\/v2\/product\/78636","targetHints":{"allow":["GET"]}}],"collection":[{"href":"https:\/\/staging.premiumkeszulek.hu\/hu\/wp-json\/wp\/v2\/product"}],"about":[{"href":"https:\/\/staging.premiumkeszulek.hu\/hu\/wp-json\/wp\/v2\/types\/product"}],"replies":[{"embeddable":true,"href":"https:\/\/staging.premiumkeszulek.hu\/hu\/wp-json\/wp\/v2\/comments?post=78636"}],"wp:featuredmedia":[{"embeddable":true,"href":"https:\/\/staging.premiumkeszulek.hu\/hu\/wp-json\/wp\/v2\/media\/78635"}],"wp:attachment":[{"href":"https:\/\/staging.premiumkeszulek.hu\/hu\/wp-json\/wp\/v2\/media?parent=78636"}],"wp:term":[{"taxonomy":"product_brand","embeddable":true,"href":"https:\/\/staging.premiumkeszulek.hu\/hu\/wp-json\/wp\/v2\/product_brand?post=78636"},{"taxonomy":"product_cat","embeddable":true,"href":"https:\/\/staging.premiumkeszulek.hu\/hu\/wp-json\/wp\/v2\/product_cat?post=78636"},{"taxonomy":"product_tag","embeddable":true,"href":"https:\/\/staging.premiumkeszulek.hu\/hu\/wp-json\/wp\/v2\/product_tag?post=78636"},{"taxonomy":"woo-feed-brand","embeddable":true,"href":"https:\/\/staging.premiumkeszulek.hu\/hu\/wp-json\/wp\/v2\/woo-feed-brand?post=78636"}],"curies":[{"name":"wp","href":"https:\/\/api.w.org\/{rel}","templated":true}]}}