{"id":2133,"date":"2025-02-10T16:18:52","date_gmt":"2025-02-10T15:18:52","guid":{"rendered":"https:\/\/premiumkeszulek.hu\/product\/neff-s255ecx15e-teljesen-beepitheto-mosogatogep-865cm-magas-collection\/"},"modified":"2026-04-13T11:59:17","modified_gmt":"2026-04-13T09:59:17","slug":"neff-s255ecx15e-teljesen-beepitheto-mosogatogep-865cm-magas-collection","status":"publish","type":"product","link":"https:\/\/staging.premiumkeszulek.hu\/hu\/termek\/neff-s255ecx15e-teljesen-beepitheto-mosogatogep-865cm-magas-collection\/","title":{"rendered":"Neff S255ECX15E teljesen be\u00e9p\u00edthet\u0151 mosogat\u00f3g\u00e9p 86,5cm magas Collection"},"content":{"rendered":"<div class=\"loadbeeTabContent\" data-loadbee-apikey=\"bVxDWaSdseFz5PWWtvKmAkGr88n6WXYY\" data-loadbee-gtin=\"4242004285793\" data-loadbee-locale=\"hu_HU\">\u00a0\n<\/div>\n<p><script async src=\"https:\/\/cdn.loadbee.com\/js\/loadbee_integration.js\"><\/script><script type=\"text\/javascript\"\nsrc=\"https:\/\/tracking.channelsight.com\/api\/tracking\/v2\/Init\">\n<\/script> <\/p>","protected":false},"excerpt":{"rendered":"<p><iframe src=\" https:\/\/www.mbhbank.hu\/sfcalculation\/?ar=[PRICE]&#038;partner=DX030&#038;konstrukcio=DLSK14\" width=\"100%\" height=\"500\" frameborder=\"0\" scrolling=\"yes\" align=\"left\"><\/iframe><\/p>\n","protected":false},"featured_media":2132,"comment_status":"closed","ping_status":"closed","template":"","meta":{"_crdt_document":"","content-type":"","jetpack_post_was_ever_published":false,"jetpack_publicize_message":"","jetpack_publicize_feature_enabled":true,"jetpack_social_post_already_shared":true,"jetpack_social_options":{"image_generator_settings":{"template":"highway","default_image_id":0,"font":"","enabled":false},"version":2},"_wpas_customize_per_network":false},"product_brand":[1570],"product_cat":[1385,1384],"product_tag":[],"woo-feed-brand":[],"class_list":{"0":"post-2133","1":"product","2":"type-product","3":"status-publish","4":"has-post-thumbnail","6":"product_brand-neff","7":"product_cat-beepithetomosogatogep","8":"product_cat-mosogatogep","9":"product_shipping_class-100000felett","11":"first","12":"onbackorder","13":"taxable","14":"shipping-taxable","15":"purchasable","16":"product-type-simple"},"yoast_head":"<!-- This site is optimized with the Yoast SEO Premium plugin v26.9 (Yoast SEO v26.9) - https:\/\/yoast.com\/product\/yoast-seo-premium-wordpress\/ -->\n<title>Neff S255ECX15E teljesen be\u00e9p\u00edthet\u0151 mosogat\u00f3g\u00e9p 86,5cm magas Collection - Pr\u00e9miumK\u00e9sz\u00fcl\u00e9k<\/title>\n<meta name=\"description\" content=\"Fedezze fel a Neff S255ECX15E teljesen be\u00e9p\u00edthet\u0151 mosogat\u00f3g\u00e9p el\u0151nyeit! A legmodernebb funkci\u00f3kkal \u00e9s st\u00edlussal egyszer\u0171s\u00edti a mosogat\u00e1st.\" \/>\n<meta name=\"robots\" content=\"noindex, follow, max-snippet:-1, max-image-preview:large, max-video-preview:-1\" \/>\n<meta property=\"og:locale\" content=\"hu_HU\" \/>\n<meta property=\"og:type\" content=\"article\" \/>\n<meta property=\"og:title\" content=\"Neff S255ECX15E teljesen be\u00e9p\u00edthet\u0151 mosogat\u00f3g\u00e9p 86,5cm magas Collection\" \/>\n<meta property=\"og:description\" content=\"Fedezze fel a Neff S255ECX15E teljesen be\u00e9p\u00edthet\u0151 mosogat\u00f3g\u00e9p el\u0151nyeit! A legmodernebb funkci\u00f3kkal \u00e9s st\u00edlussal egyszer\u0171s\u00edti a mosogat\u00e1st.\" \/>\n<meta property=\"og:url\" content=\"https:\/\/staging.premiumkeszulek.hu\/hu\/termek\/neff-s255ecx15e-teljesen-beepitheto-mosogatogep-865cm-magas-collection\/\" \/>\n<meta property=\"og:site_name\" content=\"Pr\u00e9miumK\u00e9sz\u00fcl\u00e9k\" \/>\n<meta property=\"article:publisher\" content=\"https:\/\/www.facebook.com\/konyhaluxnet\" \/>\n<meta property=\"article:modified_time\" content=\"2026-04-13T09:59:17+00:00\" \/>\n<meta property=\"og:image\" content=\"https:\/\/i0.wp.com\/staging.premiumkeszulek.hu\/wp-content\/uploads\/2025\/02\/S255ECX15E-111.png?fit=800%2C800&ssl=1\" \/>\n\t<meta property=\"og:image:width\" content=\"800\" \/>\n\t<meta property=\"og:image:height\" content=\"800\" \/>\n\t<meta property=\"og:image:type\" content=\"image\/png\" \/>\n<meta name=\"twitter:card\" content=\"summary_large_image\" \/>\n<meta name=\"twitter:label1\" content=\"Becs\u00fclt olvas\u00e1si id\u0151\" \/>\n\t<meta name=\"twitter:data1\" content=\"2 perc\" \/>\n<script type=\"application\/ld+json\" class=\"yoast-schema-graph\">{\"@context\":\"https:\/\/schema.org\",\"@graph\":[{\"@type\":\"WebPage\",\"@id\":\"https:\/\/staging.premiumkeszulek.hu\/hu\/termek\/neff-s255ecx15e-teljesen-beepitheto-mosogatogep-865cm-magas-collection\/\",\"url\":\"https:\/\/staging.premiumkeszulek.hu\/hu\/termek\/neff-s255ecx15e-teljesen-beepitheto-mosogatogep-865cm-magas-collection\/\",\"name\":\"Neff S255ECX15E teljesen be\u00e9p\u00edthet\u0151 mosogat\u00f3g\u00e9p 86,5cm magas Collection - Pr\u00e9miumK\u00e9sz\u00fcl\u00e9k\",\"isPartOf\":{\"@id\":\"https:\/\/staging.premiumkeszulek.hu\/hu\/#website\"},\"primaryImageOfPage\":{\"@id\":\"https:\/\/staging.premiumkeszulek.hu\/hu\/termek\/neff-s255ecx15e-teljesen-beepitheto-mosogatogep-865cm-magas-collection\/#primaryimage\"},\"image\":{\"@id\":\"https:\/\/staging.premiumkeszulek.hu\/hu\/termek\/neff-s255ecx15e-teljesen-beepitheto-mosogatogep-865cm-magas-collection\/#primaryimage\"},\"thumbnailUrl\":\"https:\/\/i0.wp.com\/staging.premiumkeszulek.hu\/wp-content\/uploads\/2025\/02\/S255ECX15E-111.png?fit=800%2C800&ssl=1\",\"datePublished\":\"2025-02-10T15:18:52+00:00\",\"dateModified\":\"2026-04-13T09:59:17+00:00\",\"description\":\"Fedezze fel a Neff S255ECX15E teljesen be\u00e9p\u00edthet\u0151 mosogat\u00f3g\u00e9p el\u0151nyeit! A legmodernebb funkci\u00f3kkal \u00e9s st\u00edlussal egyszer\u0171s\u00edti a mosogat\u00e1st.\",\"breadcrumb\":{\"@id\":\"https:\/\/staging.premiumkeszulek.hu\/hu\/termek\/neff-s255ecx15e-teljesen-beepitheto-mosogatogep-865cm-magas-collection\/#breadcrumb\"},\"inLanguage\":\"hu\",\"potentialAction\":[{\"@type\":\"ReadAction\",\"target\":[\"https:\/\/staging.premiumkeszulek.hu\/hu\/termek\/neff-s255ecx15e-teljesen-beepitheto-mosogatogep-865cm-magas-collection\/\"]}]},{\"@type\":\"ImageObject\",\"inLanguage\":\"hu\",\"@id\":\"https:\/\/staging.premiumkeszulek.hu\/hu\/termek\/neff-s255ecx15e-teljesen-beepitheto-mosogatogep-865cm-magas-collection\/#primaryimage\",\"url\":\"https:\/\/i0.wp.com\/staging.premiumkeszulek.hu\/wp-content\/uploads\/2025\/02\/S255ECX15E-111.png?fit=800%2C800&ssl=1\",\"contentUrl\":\"https:\/\/i0.wp.com\/staging.premiumkeszulek.hu\/wp-content\/uploads\/2025\/02\/S255ECX15E-111.png?fit=800%2C800&ssl=1\",\"width\":800,\"height\":800},{\"@type\":\"BreadcrumbList\",\"@id\":\"https:\/\/staging.premiumkeszulek.hu\/hu\/termek\/neff-s255ecx15e-teljesen-beepitheto-mosogatogep-865cm-magas-collection\/#breadcrumb\",\"itemListElement\":[{\"@type\":\"ListItem\",\"position\":1,\"name\":\"Home\",\"item\":\"https:\/\/staging.premiumkeszulek.hu\/hu\/\"},{\"@type\":\"ListItem\",\"position\":2,\"name\":\"Shop\",\"item\":\"https:\/\/staging.premiumkeszulek.hu\/hu\/shop\/\"},{\"@type\":\"ListItem\",\"position\":3,\"name\":\"Neff S255ECX15E teljesen be\u00e9p\u00edthet\u0151 mosogat\u00f3g\u00e9p 86,5cm magas Collection\"}]},{\"@type\":\"WebSite\",\"@id\":\"https:\/\/staging.premiumkeszulek.hu\/hu\/#website\",\"url\":\"https:\/\/staging.premiumkeszulek.hu\/hu\/\",\"name\":\"Pr\u00e9miumK\u00e9sz\u00fcl\u00e9k\",\"description\":\"\",\"publisher\":{\"@id\":\"https:\/\/staging.premiumkeszulek.hu\/hu\/#organization\"},\"potentialAction\":[{\"@type\":\"SearchAction\",\"target\":{\"@type\":\"EntryPoint\",\"urlTemplate\":\"https:\/\/staging.premiumkeszulek.hu\/hu\/?s={search_term_string}\"},\"query-input\":{\"@type\":\"PropertyValueSpecification\",\"valueRequired\":true,\"valueName\":\"search_term_string\"}}],\"inLanguage\":\"hu\"},{\"@type\":\"Organization\",\"@id\":\"https:\/\/staging.premiumkeszulek.hu\/hu\/#organization\",\"name\":\"Pr\u00e9miumK\u00e9sz\u00fcl\u00e9k\",\"alternateName\":\"HPH Special Kft\",\"url\":\"https:\/\/staging.premiumkeszulek.hu\/hu\/\",\"logo\":{\"@type\":\"ImageObject\",\"inLanguage\":\"hu\",\"@id\":\"https:\/\/staging.premiumkeszulek.hu\/hu\/#\/schema\/logo\/image\/\",\"url\":\"https:\/\/staging.premiumkeszulek.hu\/wp-content\/uploads\/2025\/03\/TURKIZLOGO-kicsi.png\",\"contentUrl\":\"https:\/\/staging.premiumkeszulek.hu\/wp-content\/uploads\/2025\/03\/TURKIZLOGO-kicsi.png\",\"width\":1600,\"height\":547,\"caption\":\"Pr\u00e9miumK\u00e9sz\u00fcl\u00e9k\"},\"image\":{\"@id\":\"https:\/\/staging.premiumkeszulek.hu\/hu\/#\/schema\/logo\/image\/\"},\"sameAs\":[\"https:\/\/www.facebook.com\/konyhaluxnet\",\"https:\/\/www.instagram.com\/konyhaluxnet\/#\"],\"email\":\"info@premiumkeszulek.hu\",\"telephone\":\"36 1 \/ 226-1992\",\"legalName\":\"HPH Special Kft\",\"vatID\":\"HU12549502\",\"taxID\":\"12549502\"}]}<\/script>\n<!-- \/ Yoast SEO Premium plugin. -->","yoast_head_json":{"title":"Neff S255ECX15E teljesen be\u00e9p\u00edthet\u0151 mosogat\u00f3g\u00e9p 86,5cm magas Collection - Pr\u00e9miumK\u00e9sz\u00fcl\u00e9k","description":"Fedezze fel a Neff S255ECX15E teljesen be\u00e9p\u00edthet\u0151 mosogat\u00f3g\u00e9p el\u0151nyeit! A legmodernebb funkci\u00f3kkal \u00e9s st\u00edlussal egyszer\u0171s\u00edti a mosogat\u00e1st.","robots":{"index":"noindex","follow":"follow","max-snippet":"max-snippet:-1","max-image-preview":"max-image-preview:large","max-video-preview":"max-video-preview:-1"},"og_locale":"hu_HU","og_type":"article","og_title":"Neff S255ECX15E teljesen be\u00e9p\u00edthet\u0151 mosogat\u00f3g\u00e9p 86,5cm magas Collection","og_description":"Fedezze fel a Neff S255ECX15E teljesen be\u00e9p\u00edthet\u0151 mosogat\u00f3g\u00e9p el\u0151nyeit! A legmodernebb funkci\u00f3kkal \u00e9s st\u00edlussal egyszer\u0171s\u00edti a mosogat\u00e1st.","og_url":"https:\/\/staging.premiumkeszulek.hu\/hu\/termek\/neff-s255ecx15e-teljesen-beepitheto-mosogatogep-865cm-magas-collection\/","og_site_name":"Pr\u00e9miumK\u00e9sz\u00fcl\u00e9k","article_publisher":"https:\/\/www.facebook.com\/konyhaluxnet","article_modified_time":"2026-04-13T09:59:17+00:00","og_image":[{"width":800,"height":800,"url":"https:\/\/i0.wp.com\/staging.premiumkeszulek.hu\/wp-content\/uploads\/2025\/02\/S255ECX15E-111.png?fit=800%2C800&ssl=1","type":"image\/png"}],"twitter_card":"summary_large_image","twitter_misc":{"Becs\u00fclt olvas\u00e1si id\u0151":"2 perc"},"schema":{"@context":"https:\/\/schema.org","@graph":[{"@type":"WebPage","@id":"https:\/\/staging.premiumkeszulek.hu\/hu\/termek\/neff-s255ecx15e-teljesen-beepitheto-mosogatogep-865cm-magas-collection\/","url":"https:\/\/staging.premiumkeszulek.hu\/hu\/termek\/neff-s255ecx15e-teljesen-beepitheto-mosogatogep-865cm-magas-collection\/","name":"Neff S255ECX15E teljesen be\u00e9p\u00edthet\u0151 mosogat\u00f3g\u00e9p 86,5cm magas Collection - Pr\u00e9miumK\u00e9sz\u00fcl\u00e9k","isPartOf":{"@id":"https:\/\/staging.premiumkeszulek.hu\/hu\/#website"},"primaryImageOfPage":{"@id":"https:\/\/staging.premiumkeszulek.hu\/hu\/termek\/neff-s255ecx15e-teljesen-beepitheto-mosogatogep-865cm-magas-collection\/#primaryimage"},"image":{"@id":"https:\/\/staging.premiumkeszulek.hu\/hu\/termek\/neff-s255ecx15e-teljesen-beepitheto-mosogatogep-865cm-magas-collection\/#primaryimage"},"thumbnailUrl":"https:\/\/i0.wp.com\/staging.premiumkeszulek.hu\/wp-content\/uploads\/2025\/02\/S255ECX15E-111.png?fit=800%2C800&ssl=1","datePublished":"2025-02-10T15:18:52+00:00","dateModified":"2026-04-13T09:59:17+00:00","description":"Fedezze fel a Neff S255ECX15E teljesen be\u00e9p\u00edthet\u0151 mosogat\u00f3g\u00e9p el\u0151nyeit! A legmodernebb funkci\u00f3kkal \u00e9s st\u00edlussal egyszer\u0171s\u00edti a mosogat\u00e1st.","breadcrumb":{"@id":"https:\/\/staging.premiumkeszulek.hu\/hu\/termek\/neff-s255ecx15e-teljesen-beepitheto-mosogatogep-865cm-magas-collection\/#breadcrumb"},"inLanguage":"hu","potentialAction":[{"@type":"ReadAction","target":["https:\/\/staging.premiumkeszulek.hu\/hu\/termek\/neff-s255ecx15e-teljesen-beepitheto-mosogatogep-865cm-magas-collection\/"]}]},{"@type":"ImageObject","inLanguage":"hu","@id":"https:\/\/staging.premiumkeszulek.hu\/hu\/termek\/neff-s255ecx15e-teljesen-beepitheto-mosogatogep-865cm-magas-collection\/#primaryimage","url":"https:\/\/i0.wp.com\/staging.premiumkeszulek.hu\/wp-content\/uploads\/2025\/02\/S255ECX15E-111.png?fit=800%2C800&ssl=1","contentUrl":"https:\/\/i0.wp.com\/staging.premiumkeszulek.hu\/wp-content\/uploads\/2025\/02\/S255ECX15E-111.png?fit=800%2C800&ssl=1","width":800,"height":800},{"@type":"BreadcrumbList","@id":"https:\/\/staging.premiumkeszulek.hu\/hu\/termek\/neff-s255ecx15e-teljesen-beepitheto-mosogatogep-865cm-magas-collection\/#breadcrumb","itemListElement":[{"@type":"ListItem","position":1,"name":"Home","item":"https:\/\/staging.premiumkeszulek.hu\/hu\/"},{"@type":"ListItem","position":2,"name":"Shop","item":"https:\/\/staging.premiumkeszulek.hu\/hu\/shop\/"},{"@type":"ListItem","position":3,"name":"Neff S255ECX15E teljesen be\u00e9p\u00edthet\u0151 mosogat\u00f3g\u00e9p 86,5cm magas Collection"}]},{"@type":"WebSite","@id":"https:\/\/staging.premiumkeszulek.hu\/hu\/#website","url":"https:\/\/staging.premiumkeszulek.hu\/hu\/","name":"Pr\u00e9miumK\u00e9sz\u00fcl\u00e9k","description":"","publisher":{"@id":"https:\/\/staging.premiumkeszulek.hu\/hu\/#organization"},"potentialAction":[{"@type":"SearchAction","target":{"@type":"EntryPoint","urlTemplate":"https:\/\/staging.premiumkeszulek.hu\/hu\/?s={search_term_string}"},"query-input":{"@type":"PropertyValueSpecification","valueRequired":true,"valueName":"search_term_string"}}],"inLanguage":"hu"},{"@type":"Organization","@id":"https:\/\/staging.premiumkeszulek.hu\/hu\/#organization","name":"Pr\u00e9miumK\u00e9sz\u00fcl\u00e9k","alternateName":"HPH Special Kft","url":"https:\/\/staging.premiumkeszulek.hu\/hu\/","logo":{"@type":"ImageObject","inLanguage":"hu","@id":"https:\/\/staging.premiumkeszulek.hu\/hu\/#\/schema\/logo\/image\/","url":"https:\/\/staging.premiumkeszulek.hu\/wp-content\/uploads\/2025\/03\/TURKIZLOGO-kicsi.png","contentUrl":"https:\/\/staging.premiumkeszulek.hu\/wp-content\/uploads\/2025\/03\/TURKIZLOGO-kicsi.png","width":1600,"height":547,"caption":"Pr\u00e9miumK\u00e9sz\u00fcl\u00e9k"},"image":{"@id":"https:\/\/staging.premiumkeszulek.hu\/hu\/#\/schema\/logo\/image\/"},"sameAs":["https:\/\/www.facebook.com\/konyhaluxnet","https:\/\/www.instagram.com\/konyhaluxnet\/#"],"email":"info@premiumkeszulek.hu","telephone":"36 1 \/ 226-1992","legalName":"HPH Special Kft","vatID":"HU12549502","taxID":"12549502"}]}},"jetpack_publicize_connections":[],"jetpack_likes_enabled":true,"jetpack_sharing_enabled":true,"jetpack-related-posts":[],"_links":{"self":[{"href":"https:\/\/staging.premiumkeszulek.hu\/hu\/wp-json\/wp\/v2\/product\/2133","targetHints":{"allow":["GET"]}}],"collection":[{"href":"https:\/\/staging.premiumkeszulek.hu\/hu\/wp-json\/wp\/v2\/product"}],"about":[{"href":"https:\/\/staging.premiumkeszulek.hu\/hu\/wp-json\/wp\/v2\/types\/product"}],"replies":[{"embeddable":true,"href":"https:\/\/staging.premiumkeszulek.hu\/hu\/wp-json\/wp\/v2\/comments?post=2133"}],"wp:featuredmedia":[{"embeddable":true,"href":"https:\/\/staging.premiumkeszulek.hu\/hu\/wp-json\/wp\/v2\/media\/2132"}],"wp:attachment":[{"href":"https:\/\/staging.premiumkeszulek.hu\/hu\/wp-json\/wp\/v2\/media?parent=2133"}],"wp:term":[{"taxonomy":"product_brand","embeddable":true,"href":"https:\/\/staging.premiumkeszulek.hu\/hu\/wp-json\/wp\/v2\/product_brand?post=2133"},{"taxonomy":"product_cat","embeddable":true,"href":"https:\/\/staging.premiumkeszulek.hu\/hu\/wp-json\/wp\/v2\/product_cat?post=2133"},{"taxonomy":"product_tag","embeddable":true,"href":"https:\/\/staging.premiumkeszulek.hu\/hu\/wp-json\/wp\/v2\/product_tag?post=2133"},{"taxonomy":"woo-feed-brand","embeddable":true,"href":"https:\/\/staging.premiumkeszulek.hu\/hu\/wp-json\/wp\/v2\/woo-feed-brand?post=2133"}],"curies":[{"name":"wp","href":"https:\/\/api.w.org\/{rel}","templated":true}]}}