{"id":1591,"date":"2025-02-06T18:40:40","date_gmt":"2025-02-06T17:40:40","guid":{"rendered":"https:\/\/premiumkeszulek.hu\/product\/miele-g-7930-sci-autodos-beepitheto-mosogatogep-lathato-kezelopanellel\/"},"modified":"2026-04-13T11:58:53","modified_gmt":"2026-04-13T09:58:53","slug":"miele-g-7930-sci-autodos-beepitheto-mosogatogep-lathato-kezelopanellel","status":"publish","type":"product","link":"https:\/\/staging.premiumkeszulek.hu\/hu\/termek\/miele-g-7930-sci-autodos-beepitheto-mosogatogep-lathato-kezelopanellel\/","title":{"rendered":"Miele G 7930 SCi AutoDos be\u00e9p\u00edthet\u0151 mosogat\u00f3g\u00e9p l\u00e1that\u00f3 kezel\u0151panellel"},"content":{"rendered":"<figure class=\"wp-block-image size-full\"><img data-recalc-dims=\"1\" fetchpriority=\"high\" decoding=\"async\" width=\"364\" height=\"138\" data-attachment-id=\"79707\" data-permalink=\"https:\/\/staging.premiumkeszulek.hu\/hu\/?attachment_id=79707\" data-orig-file=\"https:\/\/i0.wp.com\/staging.premiumkeszulek.hu\/wp-content\/uploads\/2026\/04\/images-3.png?fit=364%2C138&amp;ssl=1\" data-orig-size=\"364,138\" data-comments-opened=\"1\" data-image-meta=\"{&quot;aperture&quot;:&quot;0&quot;,&quot;credit&quot;:&quot;&quot;,&quot;camera&quot;:&quot;&quot;,&quot;caption&quot;:&quot;&quot;,&quot;created_timestamp&quot;:&quot;0&quot;,&quot;copyright&quot;:&quot;&quot;,&quot;focal_length&quot;:&quot;0&quot;,&quot;iso&quot;:&quot;0&quot;,&quot;shutter_speed&quot;:&quot;0&quot;,&quot;title&quot;:&quot;&quot;,&quot;orientation&quot;:&quot;0&quot;}\" data-image-title=\"images (3)\" data-image-description=\"\" data-image-caption=\"\" data-medium-file=\"https:\/\/i0.wp.com\/staging.premiumkeszulek.hu\/wp-content\/uploads\/2026\/04\/images-3.png?fit=300%2C114&amp;ssl=1\" data-large-file=\"https:\/\/i0.wp.com\/staging.premiumkeszulek.hu\/wp-content\/uploads\/2026\/04\/images-3.png?fit=364%2C138&amp;ssl=1\" src=\"https:\/\/i0.wp.com\/premiumkeszulek.hu\/wp-content\/uploads\/2026\/04\/images-3.png?resize=364%2C138&#038;ssl=1\" alt=\"\" class=\"wp-image-79707\" srcset=\"https:\/\/i0.wp.com\/staging.premiumkeszulek.hu\/wp-content\/uploads\/2026\/04\/images-3.png?w=364&amp;ssl=1 364w, https:\/\/i0.wp.com\/staging.premiumkeszulek.hu\/wp-content\/uploads\/2026\/04\/images-3.png?resize=300%2C114&amp;ssl=1 300w, https:\/\/i0.wp.com\/staging.premiumkeszulek.hu\/wp-content\/uploads\/2026\/04\/images-3.png?resize=18%2C7&amp;ssl=1 18w\" sizes=\"(max-width: 364px) 100vw, 364px\" \/><\/figure>\n<div class=\"loadbeeTabContent\" data-loadbee-apikey=\"bVxDWaSdseFz5PWWtvKmAkGr88n6WXYY\" data-loadbee-gtin=\"4002516745280\" data-loadbee-locale=\"hu_HU\">\u00a0\n<\/div><script async src=\"https:\/\/cdn.loadbee.com\/js\/loadbee_integration.js\"><\/script><script type=\"text\/javascript\"\nsrc=\"https:\/\/tracking.channelsight.com\/api\/tracking\/v2\/Init\">\n<\/script>","protected":false},"excerpt":{"rendered":"<p>\u00a0<\/p>","protected":false},"featured_media":1590,"comment_status":"closed","ping_status":"closed","template":"","meta":{"_crdt_document":"","content-type":"","jetpack_post_was_ever_published":false,"jetpack_publicize_message":"","jetpack_publicize_feature_enabled":true,"jetpack_social_post_already_shared":true,"jetpack_social_options":{"image_generator_settings":{"template":"highway","default_image_id":0,"font":"","enabled":false},"version":2},"_wpas_customize_per_network":false},"product_brand":[1372],"product_cat":[1385,1384],"product_tag":[],"woo-feed-brand":[],"class_list":{"0":"post-1591","1":"product","2":"type-product","3":"status-publish","4":"has-post-thumbnail","6":"product_brand-miele","7":"product_cat-beepithetomosogatogep","8":"product_cat-mosogatogep","9":"product_shipping_class-100000felett","11":"first","12":"onbackorder","13":"sale","14":"taxable","15":"shipping-taxable","16":"purchasable","17":"product-type-simple"},"yoast_head":"<!-- This site is optimized with the Yoast SEO Premium plugin v26.9 (Yoast SEO v26.9) - https:\/\/yoast.com\/product\/yoast-seo-premium-wordpress\/ -->\n<title>Miele G 7930 SCi AutoDos be\u00e9p\u00edthet\u0151 mosogat\u00f3g\u00e9p l\u00e1that\u00f3 kezel\u0151panellel - Pr\u00e9miumK\u00e9sz\u00fcl\u00e9k<\/title>\n<meta name=\"description\" content=\"Fedezd fel a Miele G 7930 be\u00e9p\u00edthet\u0151 mosogat\u00f3g\u00e9pet, amely st\u00edlusos \u00e9s praktikus. \u00c9lvezd a t\u00f6k\u00e9letes tisztas\u00e1got minden ed\u00e9nyedn\u00e9l!\" \/>\n<meta name=\"robots\" content=\"noindex, follow, max-snippet:-1, max-image-preview:large, max-video-preview:-1\" \/>\n<meta property=\"og:locale\" content=\"hu_HU\" \/>\n<meta property=\"og:type\" content=\"article\" \/>\n<meta property=\"og:title\" content=\"Miele G 7930 SCi AutoDos be\u00e9p\u00edthet\u0151 mosogat\u00f3g\u00e9p l\u00e1that\u00f3 kezel\u0151panellel\" \/>\n<meta property=\"og:description\" content=\"Fedezd fel a Miele G 7930 be\u00e9p\u00edthet\u0151 mosogat\u00f3g\u00e9pet, amely st\u00edlusos \u00e9s praktikus. \u00c9lvezd a t\u00f6k\u00e9letes tisztas\u00e1got minden ed\u00e9nyedn\u00e9l!\" \/>\n<meta property=\"og:url\" content=\"https:\/\/staging.premiumkeszulek.hu\/hu\/termek\/miele-g-7930-sci-autodos-beepitheto-mosogatogep-lathato-kezelopanellel\/\" \/>\n<meta property=\"og:site_name\" content=\"Pr\u00e9miumK\u00e9sz\u00fcl\u00e9k\" \/>\n<meta property=\"article:publisher\" content=\"https:\/\/www.facebook.com\/konyhaluxnet\" \/>\n<meta property=\"article:modified_time\" content=\"2026-04-13T09:58:53+00:00\" \/>\n<meta property=\"og:image\" content=\"https:\/\/i0.wp.com\/staging.premiumkeszulek.hu\/wp-content\/uploads\/2025\/02\/7930.webp?fit=800%2C800&ssl=1\" \/>\n\t<meta property=\"og:image:width\" content=\"800\" \/>\n\t<meta property=\"og:image:height\" content=\"800\" \/>\n\t<meta property=\"og:image:type\" content=\"image\/webp\" \/>\n<meta name=\"twitter:card\" content=\"summary_large_image\" \/>\n<meta name=\"twitter:label1\" content=\"Becs\u00fclt olvas\u00e1si id\u0151\" \/>\n\t<meta name=\"twitter:data1\" content=\"1 perc\" \/>\n<script type=\"application\/ld+json\" class=\"yoast-schema-graph\">{\"@context\":\"https:\/\/schema.org\",\"@graph\":[{\"@type\":\"WebPage\",\"@id\":\"https:\/\/staging.premiumkeszulek.hu\/en\/product\/miele-g-7930-sci-autodos-beepitheto-mosogatogep-lathato-kezelopanellel\/\",\"url\":\"https:\/\/staging.premiumkeszulek.hu\/en\/product\/miele-g-7930-sci-autodos-beepitheto-mosogatogep-lathato-kezelopanellel\/\",\"name\":\"Miele G 7930 SCi AutoDos be\u00e9p\u00edthet\u0151 mosogat\u00f3g\u00e9p l\u00e1that\u00f3 kezel\u0151panellel - Pr\u00e9miumK\u00e9sz\u00fcl\u00e9k\",\"isPartOf\":{\"@id\":\"https:\/\/staging.premiumkeszulek.hu\/hu\/#website\"},\"primaryImageOfPage\":{\"@id\":\"https:\/\/staging.premiumkeszulek.hu\/en\/product\/miele-g-7930-sci-autodos-beepitheto-mosogatogep-lathato-kezelopanellel\/#primaryimage\"},\"image\":{\"@id\":\"https:\/\/staging.premiumkeszulek.hu\/en\/product\/miele-g-7930-sci-autodos-beepitheto-mosogatogep-lathato-kezelopanellel\/#primaryimage\"},\"thumbnailUrl\":\"https:\/\/i0.wp.com\/staging.premiumkeszulek.hu\/wp-content\/uploads\/2025\/02\/7930.webp?fit=800%2C800&ssl=1\",\"datePublished\":\"2025-02-06T17:40:40+00:00\",\"dateModified\":\"2026-04-13T09:58:53+00:00\",\"description\":\"Fedezd fel a Miele G 7930 be\u00e9p\u00edthet\u0151 mosogat\u00f3g\u00e9pet, amely st\u00edlusos \u00e9s praktikus. \u00c9lvezd a t\u00f6k\u00e9letes tisztas\u00e1got minden ed\u00e9nyedn\u00e9l!\",\"breadcrumb\":{\"@id\":\"https:\/\/staging.premiumkeszulek.hu\/en\/product\/miele-g-7930-sci-autodos-beepitheto-mosogatogep-lathato-kezelopanellel\/#breadcrumb\"},\"inLanguage\":\"hu\",\"potentialAction\":[{\"@type\":\"ReadAction\",\"target\":[\"https:\/\/staging.premiumkeszulek.hu\/en\/product\/miele-g-7930-sci-autodos-beepitheto-mosogatogep-lathato-kezelopanellel\/\"]}]},{\"@type\":\"ImageObject\",\"inLanguage\":\"hu\",\"@id\":\"https:\/\/staging.premiumkeszulek.hu\/en\/product\/miele-g-7930-sci-autodos-beepitheto-mosogatogep-lathato-kezelopanellel\/#primaryimage\",\"url\":\"https:\/\/i0.wp.com\/staging.premiumkeszulek.hu\/wp-content\/uploads\/2025\/02\/7930.webp?fit=800%2C800&ssl=1\",\"contentUrl\":\"https:\/\/i0.wp.com\/staging.premiumkeszulek.hu\/wp-content\/uploads\/2025\/02\/7930.webp?fit=800%2C800&ssl=1\",\"width\":800,\"height\":800},{\"@type\":\"BreadcrumbList\",\"@id\":\"https:\/\/staging.premiumkeszulek.hu\/en\/product\/miele-g-7930-sci-autodos-beepitheto-mosogatogep-lathato-kezelopanellel\/#breadcrumb\",\"itemListElement\":[{\"@type\":\"ListItem\",\"position\":1,\"name\":\"Home\",\"item\":\"https:\/\/staging.premiumkeszulek.hu\/hu\/\"},{\"@type\":\"ListItem\",\"position\":2,\"name\":\"Shop\",\"item\":\"https:\/\/staging.premiumkeszulek.hu\/hu\/shop\/\"},{\"@type\":\"ListItem\",\"position\":3,\"name\":\"Miele G 7930 SCi AutoDos be\u00e9p\u00edthet\u0151 mosogat\u00f3g\u00e9p l\u00e1that\u00f3 kezel\u0151panellel\"}]},{\"@type\":\"WebSite\",\"@id\":\"https:\/\/staging.premiumkeszulek.hu\/hu\/#website\",\"url\":\"https:\/\/staging.premiumkeszulek.hu\/hu\/\",\"name\":\"Pr\u00e9miumK\u00e9sz\u00fcl\u00e9k\",\"description\":\"\",\"publisher\":{\"@id\":\"https:\/\/staging.premiumkeszulek.hu\/hu\/#organization\"},\"potentialAction\":[{\"@type\":\"SearchAction\",\"target\":{\"@type\":\"EntryPoint\",\"urlTemplate\":\"https:\/\/staging.premiumkeszulek.hu\/hu\/?s={search_term_string}\"},\"query-input\":{\"@type\":\"PropertyValueSpecification\",\"valueRequired\":true,\"valueName\":\"search_term_string\"}}],\"inLanguage\":\"hu\"},{\"@type\":\"Organization\",\"@id\":\"https:\/\/staging.premiumkeszulek.hu\/hu\/#organization\",\"name\":\"Pr\u00e9miumK\u00e9sz\u00fcl\u00e9k\",\"alternateName\":\"HPH Special Kft\",\"url\":\"https:\/\/staging.premiumkeszulek.hu\/hu\/\",\"logo\":{\"@type\":\"ImageObject\",\"inLanguage\":\"hu\",\"@id\":\"https:\/\/staging.premiumkeszulek.hu\/hu\/#\/schema\/logo\/image\/\",\"url\":\"https:\/\/staging.premiumkeszulek.hu\/wp-content\/uploads\/2025\/03\/TURKIZLOGO-kicsi.png\",\"contentUrl\":\"https:\/\/staging.premiumkeszulek.hu\/wp-content\/uploads\/2025\/03\/TURKIZLOGO-kicsi.png\",\"width\":1600,\"height\":547,\"caption\":\"Pr\u00e9miumK\u00e9sz\u00fcl\u00e9k\"},\"image\":{\"@id\":\"https:\/\/staging.premiumkeszulek.hu\/hu\/#\/schema\/logo\/image\/\"},\"sameAs\":[\"https:\/\/www.facebook.com\/konyhaluxnet\",\"https:\/\/www.instagram.com\/konyhaluxnet\/#\"],\"email\":\"info@premiumkeszulek.hu\",\"telephone\":\"36 1 \/ 226-1992\",\"legalName\":\"HPH Special Kft\",\"vatID\":\"HU12549502\",\"taxID\":\"12549502\"}]}<\/script>\n<!-- \/ Yoast SEO Premium plugin. -->","yoast_head_json":{"title":"Miele G 7930 SCi AutoDos be\u00e9p\u00edthet\u0151 mosogat\u00f3g\u00e9p l\u00e1that\u00f3 kezel\u0151panellel - PremiumK\u00e9sz\u00fcl\u00e9k","description":"Fedezd fel a Miele G 7930 be\u00e9p\u00edthet\u0151 mosogat\u00f3g\u00e9pet, amely st\u00edlusos \u00e9s praktikus. \u00c9lvezd a t\u00f6k\u00e9letes tisztas\u00e1got minden ed\u00e9nyedn\u00e9l!","robots":{"index":"noindex","follow":"follow","max-snippet":"max-snippet:-1","max-image-preview":"max-image-preview:large","max-video-preview":"max-video-preview:-1"},"og_locale":"hu_HU","og_type":"article","og_title":"Miele G 7930 SCi AutoDos be\u00e9p\u00edthet\u0151 mosogat\u00f3g\u00e9p l\u00e1that\u00f3 kezel\u0151panellel","og_description":"Fedezd fel a Miele G 7930 be\u00e9p\u00edthet\u0151 mosogat\u00f3g\u00e9pet, amely st\u00edlusos \u00e9s praktikus. \u00c9lvezd a t\u00f6k\u00e9letes tisztas\u00e1got minden ed\u00e9nyedn\u00e9l!","og_url":"https:\/\/staging.premiumkeszulek.hu\/hu\/termek\/miele-g-7930-sci-autodos-beepitheto-mosogatogep-lathato-kezelopanellel\/","og_site_name":"Pr\u00e9miumK\u00e9sz\u00fcl\u00e9k","article_publisher":"https:\/\/www.facebook.com\/konyhaluxnet","article_modified_time":"2026-04-13T09:58:53+00:00","og_image":[{"width":800,"height":800,"url":"https:\/\/i0.wp.com\/staging.premiumkeszulek.hu\/wp-content\/uploads\/2025\/02\/7930.webp?fit=800%2C800&ssl=1","type":"image\/webp"}],"twitter_card":"summary_large_image","twitter_misc":{"Becs\u00fclt olvas\u00e1si id\u0151":"1 perc"},"schema":{"@context":"https:\/\/schema.org","@graph":[{"@type":"WebPage","@id":"https:\/\/staging.premiumkeszulek.hu\/en\/product\/miele-g-7930-sci-autodos-beepitheto-mosogatogep-lathato-kezelopanellel\/","url":"https:\/\/staging.premiumkeszulek.hu\/en\/product\/miele-g-7930-sci-autodos-beepitheto-mosogatogep-lathato-kezelopanellel\/","name":"Miele G 7930 SCi AutoDos be\u00e9p\u00edthet\u0151 mosogat\u00f3g\u00e9p l\u00e1that\u00f3 kezel\u0151panellel - PremiumK\u00e9sz\u00fcl\u00e9k","isPartOf":{"@id":"https:\/\/staging.premiumkeszulek.hu\/hu\/#website"},"primaryImageOfPage":{"@id":"https:\/\/staging.premiumkeszulek.hu\/en\/product\/miele-g-7930-sci-autodos-beepitheto-mosogatogep-lathato-kezelopanellel\/#primaryimage"},"image":{"@id":"https:\/\/staging.premiumkeszulek.hu\/en\/product\/miele-g-7930-sci-autodos-beepitheto-mosogatogep-lathato-kezelopanellel\/#primaryimage"},"thumbnailUrl":"https:\/\/i0.wp.com\/staging.premiumkeszulek.hu\/wp-content\/uploads\/2025\/02\/7930.webp?fit=800%2C800&ssl=1","datePublished":"2025-02-06T17:40:40+00:00","dateModified":"2026-04-13T09:58:53+00:00","description":"Fedezd fel a Miele G 7930 be\u00e9p\u00edthet\u0151 mosogat\u00f3g\u00e9pet, amely st\u00edlusos \u00e9s praktikus. \u00c9lvezd a t\u00f6k\u00e9letes tisztas\u00e1got minden ed\u00e9nyedn\u00e9l!","breadcrumb":{"@id":"https:\/\/staging.premiumkeszulek.hu\/en\/product\/miele-g-7930-sci-autodos-beepitheto-mosogatogep-lathato-kezelopanellel\/#breadcrumb"},"inLanguage":"hu","potentialAction":[{"@type":"ReadAction","target":["https:\/\/staging.premiumkeszulek.hu\/en\/product\/miele-g-7930-sci-autodos-beepitheto-mosogatogep-lathato-kezelopanellel\/"]}]},{"@type":"ImageObject","inLanguage":"hu","@id":"https:\/\/staging.premiumkeszulek.hu\/en\/product\/miele-g-7930-sci-autodos-beepitheto-mosogatogep-lathato-kezelopanellel\/#primaryimage","url":"https:\/\/i0.wp.com\/staging.premiumkeszulek.hu\/wp-content\/uploads\/2025\/02\/7930.webp?fit=800%2C800&ssl=1","contentUrl":"https:\/\/i0.wp.com\/staging.premiumkeszulek.hu\/wp-content\/uploads\/2025\/02\/7930.webp?fit=800%2C800&ssl=1","width":800,"height":800},{"@type":"BreadcrumbList","@id":"https:\/\/staging.premiumkeszulek.hu\/en\/product\/miele-g-7930-sci-autodos-beepitheto-mosogatogep-lathato-kezelopanellel\/#breadcrumb","itemListElement":[{"@type":"ListItem","position":1,"name":"Home","item":"https:\/\/staging.premiumkeszulek.hu\/hu\/"},{"@type":"ListItem","position":2,"name":"Shop","item":"https:\/\/staging.premiumkeszulek.hu\/hu\/shop\/"},{"@type":"ListItem","position":3,"name":"Miele G 7930 SCi AutoDos be\u00e9p\u00edthet\u0151 mosogat\u00f3g\u00e9p l\u00e1that\u00f3 kezel\u0151panellel"}]},{"@type":"WebSite","@id":"https:\/\/staging.premiumkeszulek.hu\/hu\/#website","url":"https:\/\/staging.premiumkeszulek.hu\/hu\/","name":"Pr\u00e9miumK\u00e9sz\u00fcl\u00e9k","description":"","publisher":{"@id":"https:\/\/staging.premiumkeszulek.hu\/hu\/#organization"},"potentialAction":[{"@type":"SearchAction","target":{"@type":"EntryPoint","urlTemplate":"https:\/\/staging.premiumkeszulek.hu\/hu\/?s={search_term_string}"},"query-input":{"@type":"PropertyValueSpecification","valueRequired":true,"valueName":"search_term_string"}}],"inLanguage":"hu"},{"@type":"Organization","@id":"https:\/\/staging.premiumkeszulek.hu\/hu\/#organization","name":"Pr\u00e9miumK\u00e9sz\u00fcl\u00e9k","alternateName":"HPH Special Kft","url":"https:\/\/staging.premiumkeszulek.hu\/hu\/","logo":{"@type":"ImageObject","inLanguage":"hu","@id":"https:\/\/staging.premiumkeszulek.hu\/hu\/#\/schema\/logo\/image\/","url":"https:\/\/staging.premiumkeszulek.hu\/wp-content\/uploads\/2025\/03\/TURKIZLOGO-kicsi.png","contentUrl":"https:\/\/staging.premiumkeszulek.hu\/wp-content\/uploads\/2025\/03\/TURKIZLOGO-kicsi.png","width":1600,"height":547,"caption":"Pr\u00e9miumK\u00e9sz\u00fcl\u00e9k"},"image":{"@id":"https:\/\/staging.premiumkeszulek.hu\/hu\/#\/schema\/logo\/image\/"},"sameAs":["https:\/\/www.facebook.com\/konyhaluxnet","https:\/\/www.instagram.com\/konyhaluxnet\/#"],"email":"info@premiumkeszulek.hu","telephone":"36 1 \/ 226-1992","legalName":"HPH Special Kft","vatID":"HU12549502","taxID":"12549502"}]}},"jetpack_publicize_connections":[],"jetpack_likes_enabled":true,"jetpack_sharing_enabled":true,"jetpack-related-posts":[],"_links":{"self":[{"href":"https:\/\/staging.premiumkeszulek.hu\/hu\/wp-json\/wp\/v2\/product\/1591","targetHints":{"allow":["GET"]}}],"collection":[{"href":"https:\/\/staging.premiumkeszulek.hu\/hu\/wp-json\/wp\/v2\/product"}],"about":[{"href":"https:\/\/staging.premiumkeszulek.hu\/hu\/wp-json\/wp\/v2\/types\/product"}],"replies":[{"embeddable":true,"href":"https:\/\/staging.premiumkeszulek.hu\/hu\/wp-json\/wp\/v2\/comments?post=1591"}],"wp:featuredmedia":[{"embeddable":true,"href":"https:\/\/staging.premiumkeszulek.hu\/hu\/wp-json\/wp\/v2\/media\/1590"}],"wp:attachment":[{"href":"https:\/\/staging.premiumkeszulek.hu\/hu\/wp-json\/wp\/v2\/media?parent=1591"}],"wp:term":[{"taxonomy":"product_brand","embeddable":true,"href":"https:\/\/staging.premiumkeszulek.hu\/hu\/wp-json\/wp\/v2\/product_brand?post=1591"},{"taxonomy":"product_cat","embeddable":true,"href":"https:\/\/staging.premiumkeszulek.hu\/hu\/wp-json\/wp\/v2\/product_cat?post=1591"},{"taxonomy":"product_tag","embeddable":true,"href":"https:\/\/staging.premiumkeszulek.hu\/hu\/wp-json\/wp\/v2\/product_tag?post=1591"},{"taxonomy":"woo-feed-brand","embeddable":true,"href":"https:\/\/staging.premiumkeszulek.hu\/hu\/wp-json\/wp\/v2\/woo-feed-brand?post=1591"}],"curies":[{"name":"wp","href":"https:\/\/api.w.org\/{rel}","templated":true}]}}