{"id":13117,"date":"2025-04-27T11:28:39","date_gmt":"2025-04-27T09:28:39","guid":{"rendered":"https:\/\/premiumkeszulek.hu\/termek\/aeg-gdp866pb-silencetech-7000-beepitheto-teleszkopos-paraelszivo-fekete-60cm\/"},"modified":"2026-04-13T11:54:54","modified_gmt":"2026-04-13T09:54:54","slug":"aeg-gdp866pb-silencetech-7000-beepitheto-teleszkopos-paraelszivo-fekete-60cm","status":"publish","type":"product","link":"https:\/\/staging.premiumkeszulek.hu\/hu\/termek\/aeg-gdp866pb-silencetech-7000-beepitheto-teleszkopos-paraelszivo-fekete-60cm\/","title":{"rendered":"AEG GDP866PB SilenceTech 7000 be\u00e9p\u00edthet\u0151 teleszk\u00f3pos p\u00e1raelsz\u00edv\u00f3 fekete 60cm"},"content":{"rendered":"","protected":false},"excerpt":{"rendered":"<p>Teleszk\u00f3pos, 60 cm, fekete, vez\u00e9rl\u00e9s: \u00e9rint\u0151kapcsol\u00f3, 4 fokozat\u00fa, Hob2Hood, Breeze, SilenceTech funkci\u00f3<\/p>\n<p>Kapacit\u00e1s (min, max, intenz\u00edv) m3h: 210\/400\/650<br \/>\n\tZajszint (min,max,instenz\u00edv) (dB): 44\/55\/66<\/p>\n<p>Visszavezet\u00e9s Min, m\u00b3\/h-2ndGen: 200<br \/>\n\tVisszavezet\u00e9s Max, m\u00b3\/h-2ndGen: 390<br \/>\n\tIntenz\u00edv keringtet\u00e9s, m\u00b3\/h-2ndGen: 555<br \/>\n\tRecirkul\u00e1ci\u00f3s hangteljes\u00edtm\u00e9ny min, dB(A): 53<br \/>\n\tVisszat\u00e9r\u0151 hangteljes\u00edtm\u00e9ny max, dB(A): 68<\/p>\n<p>Sz\u00e9nsz\u0171r\u0151: nem tartoz\u00e9k, k\u00fcl\u00f6n rendelhet\u0151<br \/>\n\tAkt\u00edv sz\u00e9nsz\u0171r\u0151 t\u00edpusa: MCFB82ST<br \/>\n\tSz\u00e9nsz\u0171r\u0151 t\u00edpusa: MCFB83PL<br \/>\n\tNagyteljes\u00edtm\u00e9ny\u0171 sz\u0171r\u0151 t\u00edpus: MCFB75PR<\/p>","protected":false},"featured_media":13116,"comment_status":"closed","ping_status":"closed","template":"","meta":{"_crdt_document":"","content-type":"","jetpack_post_was_ever_published":false,"jetpack_publicize_message":"","jetpack_publicize_feature_enabled":true,"jetpack_social_post_already_shared":true,"jetpack_social_options":{"image_generator_settings":{"template":"highway","default_image_id":0,"font":"","enabled":false},"version":2},"_wpas_customize_per_network":false},"product_brand":[1632],"product_cat":[1525],"product_tag":[],"woo-feed-brand":[],"class_list":{"0":"post-13117","1":"product","2":"type-product","3":"status-publish","4":"has-post-thumbnail","6":"product_brand-aeg","7":"product_cat-paraelszivok","8":"product_shipping_class-100000felett","10":"first","11":"instock","12":"taxable","13":"shipping-taxable","14":"purchasable","15":"product-type-simple"},"yoast_head":"<!-- This site is optimized with the Yoast SEO Premium plugin v26.9 (Yoast SEO v26.9) - https:\/\/yoast.com\/product\/yoast-seo-premium-wordpress\/ -->\n<title>AEG GDP866PB SilenceTech 7000 be\u00e9p\u00edthet\u0151 teleszk\u00f3pos p\u00e1raelsz\u00edv\u00f3 fekete 60cm - Pr\u00e9miumK\u00e9sz\u00fcl\u00e9k<\/title>\n<meta name=\"description\" content=\"Fedezze fel az AEG GDP866PB SilenceTech be\u00e9p\u00edthet\u0151 p\u00e1raelsz\u00edv\u00f3t, amely h\u00e1rom fokozatban hat\u00e9konyan cs\u00f6kkenti a zajt. V\u00e1s\u00e1rolja meg most!\" \/>\n<meta name=\"robots\" content=\"noindex, follow, max-snippet:-1, max-image-preview:large, max-video-preview:-1\" \/>\n<meta property=\"og:locale\" content=\"hu_HU\" \/>\n<meta property=\"og:type\" content=\"article\" \/>\n<meta property=\"og:title\" content=\"AEG GDP866PB SilenceTech 7000 be\u00e9p\u00edthet\u0151 teleszk\u00f3pos p\u00e1raelsz\u00edv\u00f3 fekete 60cm\" \/>\n<meta property=\"og:description\" content=\"Fedezze fel az AEG GDP866PB SilenceTech be\u00e9p\u00edthet\u0151 p\u00e1raelsz\u00edv\u00f3t, amely h\u00e1rom fokozatban hat\u00e9konyan cs\u00f6kkenti a zajt. V\u00e1s\u00e1rolja meg most!\" \/>\n<meta property=\"og:url\" content=\"https:\/\/staging.premiumkeszulek.hu\/hu\/termek\/aeg-gdp866pb-silencetech-7000-beepitheto-teleszkopos-paraelszivo-fekete-60cm\/\" \/>\n<meta property=\"og:site_name\" content=\"Pr\u00e9miumK\u00e9sz\u00fcl\u00e9k\" \/>\n<meta property=\"article:publisher\" content=\"https:\/\/www.facebook.com\/konyhaluxnet\" \/>\n<meta property=\"article:modified_time\" content=\"2026-04-13T09:54:54+00:00\" \/>\n<meta property=\"og:image\" content=\"https:\/\/i0.wp.com\/staging.premiumkeszulek.hu\/wp-content\/uploads\/2025\/04\/GDP866PB-111.png?fit=800%2C800&ssl=1\" \/>\n\t<meta property=\"og:image:width\" content=\"800\" \/>\n\t<meta property=\"og:image:height\" content=\"800\" \/>\n\t<meta property=\"og:image:type\" content=\"image\/png\" \/>\n<meta name=\"twitter:card\" content=\"summary_large_image\" \/>\n<meta name=\"twitter:label1\" content=\"Becs\u00fclt olvas\u00e1si id\u0151\" \/>\n\t<meta name=\"twitter:data1\" content=\"2 perc\" \/>\n<script type=\"application\/ld+json\" class=\"yoast-schema-graph\">{\"@context\":\"https:\/\/schema.org\",\"@graph\":[{\"@type\":\"WebPage\",\"@id\":\"https:\/\/staging.premiumkeszulek.hu\/en\/product\/aeg-gdp866pb-silencetech-7000-beepitheto-teleszkopos-paraelszivo-fekete-60cm\/\",\"url\":\"https:\/\/staging.premiumkeszulek.hu\/en\/product\/aeg-gdp866pb-silencetech-7000-beepitheto-teleszkopos-paraelszivo-fekete-60cm\/\",\"name\":\"AEG GDP866PB SilenceTech 7000 be\u00e9p\u00edthet\u0151 teleszk\u00f3pos p\u00e1raelsz\u00edv\u00f3 fekete 60cm - Pr\u00e9miumK\u00e9sz\u00fcl\u00e9k\",\"isPartOf\":{\"@id\":\"https:\/\/staging.premiumkeszulek.hu\/hu\/#website\"},\"primaryImageOfPage\":{\"@id\":\"https:\/\/staging.premiumkeszulek.hu\/en\/product\/aeg-gdp866pb-silencetech-7000-beepitheto-teleszkopos-paraelszivo-fekete-60cm\/#primaryimage\"},\"image\":{\"@id\":\"https:\/\/staging.premiumkeszulek.hu\/en\/product\/aeg-gdp866pb-silencetech-7000-beepitheto-teleszkopos-paraelszivo-fekete-60cm\/#primaryimage\"},\"thumbnailUrl\":\"https:\/\/i0.wp.com\/staging.premiumkeszulek.hu\/wp-content\/uploads\/2025\/04\/GDP866PB-111.png?fit=800%2C800&ssl=1\",\"datePublished\":\"2025-04-27T09:28:39+00:00\",\"dateModified\":\"2026-04-13T09:54:54+00:00\",\"description\":\"Fedezze fel az AEG GDP866PB SilenceTech be\u00e9p\u00edthet\u0151 p\u00e1raelsz\u00edv\u00f3t, amely h\u00e1rom fokozatban hat\u00e9konyan cs\u00f6kkenti a zajt. V\u00e1s\u00e1rolja meg most!\",\"breadcrumb\":{\"@id\":\"https:\/\/staging.premiumkeszulek.hu\/en\/product\/aeg-gdp866pb-silencetech-7000-beepitheto-teleszkopos-paraelszivo-fekete-60cm\/#breadcrumb\"},\"inLanguage\":\"hu\",\"potentialAction\":[{\"@type\":\"ReadAction\",\"target\":[\"https:\/\/staging.premiumkeszulek.hu\/en\/product\/aeg-gdp866pb-silencetech-7000-beepitheto-teleszkopos-paraelszivo-fekete-60cm\/\"]}]},{\"@type\":\"ImageObject\",\"inLanguage\":\"hu\",\"@id\":\"https:\/\/staging.premiumkeszulek.hu\/en\/product\/aeg-gdp866pb-silencetech-7000-beepitheto-teleszkopos-paraelszivo-fekete-60cm\/#primaryimage\",\"url\":\"https:\/\/i0.wp.com\/staging.premiumkeszulek.hu\/wp-content\/uploads\/2025\/04\/GDP866PB-111.png?fit=800%2C800&ssl=1\",\"contentUrl\":\"https:\/\/i0.wp.com\/staging.premiumkeszulek.hu\/wp-content\/uploads\/2025\/04\/GDP866PB-111.png?fit=800%2C800&ssl=1\",\"width\":800,\"height\":800},{\"@type\":\"BreadcrumbList\",\"@id\":\"https:\/\/staging.premiumkeszulek.hu\/en\/product\/aeg-gdp866pb-silencetech-7000-beepitheto-teleszkopos-paraelszivo-fekete-60cm\/#breadcrumb\",\"itemListElement\":[{\"@type\":\"ListItem\",\"position\":1,\"name\":\"Home\",\"item\":\"https:\/\/staging.premiumkeszulek.hu\/hu\/\"},{\"@type\":\"ListItem\",\"position\":2,\"name\":\"Shop\",\"item\":\"https:\/\/staging.premiumkeszulek.hu\/hu\/shop\/\"},{\"@type\":\"ListItem\",\"position\":3,\"name\":\"AEG GDP866PB SilenceTech 7000 be\u00e9p\u00edthet\u0151 teleszk\u00f3pos p\u00e1raelsz\u00edv\u00f3 fekete 60cm\"}]},{\"@type\":\"WebSite\",\"@id\":\"https:\/\/staging.premiumkeszulek.hu\/hu\/#website\",\"url\":\"https:\/\/staging.premiumkeszulek.hu\/hu\/\",\"name\":\"Pr\u00e9miumK\u00e9sz\u00fcl\u00e9k\",\"description\":\"\",\"publisher\":{\"@id\":\"https:\/\/staging.premiumkeszulek.hu\/hu\/#organization\"},\"potentialAction\":[{\"@type\":\"SearchAction\",\"target\":{\"@type\":\"EntryPoint\",\"urlTemplate\":\"https:\/\/staging.premiumkeszulek.hu\/hu\/?s={search_term_string}\"},\"query-input\":{\"@type\":\"PropertyValueSpecification\",\"valueRequired\":true,\"valueName\":\"search_term_string\"}}],\"inLanguage\":\"hu\"},{\"@type\":\"Organization\",\"@id\":\"https:\/\/staging.premiumkeszulek.hu\/hu\/#organization\",\"name\":\"Pr\u00e9miumK\u00e9sz\u00fcl\u00e9k\",\"alternateName\":\"HPH Special Kft\",\"url\":\"https:\/\/staging.premiumkeszulek.hu\/hu\/\",\"logo\":{\"@type\":\"ImageObject\",\"inLanguage\":\"hu\",\"@id\":\"https:\/\/staging.premiumkeszulek.hu\/hu\/#\/schema\/logo\/image\/\",\"url\":\"https:\/\/staging.premiumkeszulek.hu\/wp-content\/uploads\/2025\/03\/TURKIZLOGO-kicsi.png\",\"contentUrl\":\"https:\/\/staging.premiumkeszulek.hu\/wp-content\/uploads\/2025\/03\/TURKIZLOGO-kicsi.png\",\"width\":1600,\"height\":547,\"caption\":\"Pr\u00e9miumK\u00e9sz\u00fcl\u00e9k\"},\"image\":{\"@id\":\"https:\/\/staging.premiumkeszulek.hu\/hu\/#\/schema\/logo\/image\/\"},\"sameAs\":[\"https:\/\/www.facebook.com\/konyhaluxnet\",\"https:\/\/www.instagram.com\/konyhaluxnet\/#\"],\"email\":\"info@premiumkeszulek.hu\",\"telephone\":\"36 1 \/ 226-1992\",\"legalName\":\"HPH Special Kft\",\"vatID\":\"HU12549502\",\"taxID\":\"12549502\"}]}<\/script>\n<!-- \/ Yoast SEO Premium plugin. -->","yoast_head_json":{"title":"AEG GDP866PB SilenceTech 7000 be\u00e9p\u00edthet\u0151 teleszk\u00f3pos p\u00e1raelsz\u00edv\u00f3 fekete 60cm - Pr\u00e9miumK\u00e9sz\u00fcl\u00e9k","description":"Fedezze fel az AEG GDP866PB SilenceTech be\u00e9p\u00edthet\u0151 p\u00e1raelsz\u00edv\u00f3t, amely h\u00e1rom fokozatban hat\u00e9konyan cs\u00f6kkenti a zajt. V\u00e1s\u00e1rolja meg a legt\u00f6bbet!","robots":{"index":"noindex","follow":"follow","max-snippet":"max-snippet:-1","max-image-preview":"max-image-preview:large","max-video-preview":"max-video-preview:-1"},"og_locale":"hu_HU","og_type":"article","og_title":"AEG GDP866PB SilenceTech 7000 be\u00e9p\u00edthet\u0151 teleszk\u00f3pos p\u00e1raelsz\u00edv\u00f3 fekete 60cm","og_description":"Fedezze fel az AEG GDP866PB SilenceTech be\u00e9p\u00edthet\u0151 p\u00e1raelsz\u00edv\u00f3t, amely h\u00e1rom fokozatban hat\u00e9konyan cs\u00f6kkenti a zajt. V\u00e1s\u00e1rolja meg most!","og_url":"https:\/\/staging.premiumkeszulek.hu\/hu\/termek\/aeg-gdp866pb-silencetech-7000-beepitheto-teleszkopos-paraelszivo-fekete-60cm\/","og_site_name":"Pr\u00e9miumK\u00e9sz\u00fcl\u00e9k","article_publisher":"https:\/\/www.facebook.com\/konyhaluxnet","article_modified_time":"2026-04-13T09:54:54+00:00","og_image":[{"width":800,"height":800,"url":"https:\/\/i0.wp.com\/staging.premiumkeszulek.hu\/wp-content\/uploads\/2025\/04\/GDP866PB-111.png?fit=800%2C800&ssl=1","type":"image\/png"}],"twitter_card":"summary_large_image","twitter_misc":{"Becs\u00fclt olvas\u00e1si id\u0151":"2 perc"},"schema":{"@context":"https:\/\/schema.org","@graph":[{"@type":"WebPage","@id":"https:\/\/staging.premiumkeszulek.hu\/en\/product\/aeg-gdp866pb-silencetech-7000-beepitheto-teleszkopos-paraelszivo-fekete-60cm\/","url":"https:\/\/staging.premiumkeszulek.hu\/en\/product\/aeg-gdp866pb-silencetech-7000-beepitheto-teleszkopos-paraelszivo-fekete-60cm\/","name":"AEG GDP866PB SilenceTech 7000 be\u00e9p\u00edthet\u0151 teleszk\u00f3pos p\u00e1raelsz\u00edv\u00f3 fekete 60cm - Pr\u00e9miumK\u00e9sz\u00fcl\u00e9k","isPartOf":{"@id":"https:\/\/staging.premiumkeszulek.hu\/hu\/#website"},"primaryImageOfPage":{"@id":"https:\/\/staging.premiumkeszulek.hu\/en\/product\/aeg-gdp866pb-silencetech-7000-beepitheto-teleszkopos-paraelszivo-fekete-60cm\/#primaryimage"},"image":{"@id":"https:\/\/staging.premiumkeszulek.hu\/en\/product\/aeg-gdp866pb-silencetech-7000-beepitheto-teleszkopos-paraelszivo-fekete-60cm\/#primaryimage"},"thumbnailUrl":"https:\/\/i0.wp.com\/staging.premiumkeszulek.hu\/wp-content\/uploads\/2025\/04\/GDP866PB-111.png?fit=800%2C800&ssl=1","datePublished":"2025-04-27T09:28:39+00:00","dateModified":"2026-04-13T09:54:54+00:00","description":"Fedezze fel az AEG GDP866PB SilenceTech be\u00e9p\u00edthet\u0151 p\u00e1raelsz\u00edv\u00f3t, amely h\u00e1rom fokozatban hat\u00e9konyan cs\u00f6kkenti a zajt. V\u00e1s\u00e1rolja meg a legt\u00f6bbet!","breadcrumb":{"@id":"https:\/\/staging.premiumkeszulek.hu\/en\/product\/aeg-gdp866pb-silencetech-7000-beepitheto-teleszkopos-paraelszivo-fekete-60cm\/#breadcrumb"},"inLanguage":"hu","potentialAction":[{"@type":"ReadAction","target":["https:\/\/staging.premiumkeszulek.hu\/en\/product\/aeg-gdp866pb-silencetech-7000-beepitheto-teleszkopos-paraelszivo-fekete-60cm\/"]}]},{"@type":"ImageObject","inLanguage":"hu","@id":"https:\/\/staging.premiumkeszulek.hu\/en\/product\/aeg-gdp866pb-silencetech-7000-beepitheto-teleszkopos-paraelszivo-fekete-60cm\/#primaryimage","url":"https:\/\/i0.wp.com\/staging.premiumkeszulek.hu\/wp-content\/uploads\/2025\/04\/GDP866PB-111.png?fit=800%2C800&ssl=1","contentUrl":"https:\/\/i0.wp.com\/staging.premiumkeszulek.hu\/wp-content\/uploads\/2025\/04\/GDP866PB-111.png?fit=800%2C800&ssl=1","width":800,"height":800},{"@type":"BreadcrumbList","@id":"https:\/\/staging.premiumkeszulek.hu\/en\/product\/aeg-gdp866pb-silencetech-7000-beepitheto-teleszkopos-paraelszivo-fekete-60cm\/#breadcrumb","itemListElement":[{"@type":"ListItem","position":1,"name":"Home","item":"https:\/\/staging.premiumkeszulek.hu\/hu\/"},{"@type":"ListItem","position":2,"name":"Shop","item":"https:\/\/staging.premiumkeszulek.hu\/hu\/shop\/"},{"@type":"ListItem","position":3,"name":"AEG GDP866PB SilenceTech 7000 be\u00e9p\u00edthet\u0151 teleszk\u00f3pos p\u00e1raelsz\u00edv\u00f3 fekete 60cm"}]},{"@type":"WebSite","@id":"https:\/\/staging.premiumkeszulek.hu\/hu\/#website","url":"https:\/\/staging.premiumkeszulek.hu\/hu\/","name":"Pr\u00e9miumK\u00e9sz\u00fcl\u00e9k","description":"","publisher":{"@id":"https:\/\/staging.premiumkeszulek.hu\/hu\/#organization"},"potentialAction":[{"@type":"SearchAction","target":{"@type":"EntryPoint","urlTemplate":"https:\/\/staging.premiumkeszulek.hu\/hu\/?s={search_term_string}"},"query-input":{"@type":"PropertyValueSpecification","valueRequired":true,"valueName":"search_term_string"}}],"inLanguage":"hu"},{"@type":"Organization","@id":"https:\/\/staging.premiumkeszulek.hu\/hu\/#organization","name":"Pr\u00e9miumK\u00e9sz\u00fcl\u00e9k","alternateName":"HPH Special Kft","url":"https:\/\/staging.premiumkeszulek.hu\/hu\/","logo":{"@type":"ImageObject","inLanguage":"hu","@id":"https:\/\/staging.premiumkeszulek.hu\/hu\/#\/schema\/logo\/image\/","url":"https:\/\/staging.premiumkeszulek.hu\/wp-content\/uploads\/2025\/03\/TURKIZLOGO-kicsi.png","contentUrl":"https:\/\/staging.premiumkeszulek.hu\/wp-content\/uploads\/2025\/03\/TURKIZLOGO-kicsi.png","width":1600,"height":547,"caption":"Pr\u00e9miumK\u00e9sz\u00fcl\u00e9k"},"image":{"@id":"https:\/\/staging.premiumkeszulek.hu\/hu\/#\/schema\/logo\/image\/"},"sameAs":["https:\/\/www.facebook.com\/konyhaluxnet","https:\/\/www.instagram.com\/konyhaluxnet\/#"],"email":"info@premiumkeszulek.hu","telephone":"36 1 \/ 226-1992","legalName":"HPH Special Kft","vatID":"HU12549502","taxID":"12549502"}]}},"jetpack_publicize_connections":[],"jetpack_likes_enabled":true,"jetpack_sharing_enabled":true,"jetpack-related-posts":[],"_links":{"self":[{"href":"https:\/\/staging.premiumkeszulek.hu\/hu\/wp-json\/wp\/v2\/product\/13117","targetHints":{"allow":["GET"]}}],"collection":[{"href":"https:\/\/staging.premiumkeszulek.hu\/hu\/wp-json\/wp\/v2\/product"}],"about":[{"href":"https:\/\/staging.premiumkeszulek.hu\/hu\/wp-json\/wp\/v2\/types\/product"}],"replies":[{"embeddable":true,"href":"https:\/\/staging.premiumkeszulek.hu\/hu\/wp-json\/wp\/v2\/comments?post=13117"}],"wp:featuredmedia":[{"embeddable":true,"href":"https:\/\/staging.premiumkeszulek.hu\/hu\/wp-json\/wp\/v2\/media\/13116"}],"wp:attachment":[{"href":"https:\/\/staging.premiumkeszulek.hu\/hu\/wp-json\/wp\/v2\/media?parent=13117"}],"wp:term":[{"taxonomy":"product_brand","embeddable":true,"href":"https:\/\/staging.premiumkeszulek.hu\/hu\/wp-json\/wp\/v2\/product_brand?post=13117"},{"taxonomy":"product_cat","embeddable":true,"href":"https:\/\/staging.premiumkeszulek.hu\/hu\/wp-json\/wp\/v2\/product_cat?post=13117"},{"taxonomy":"product_tag","embeddable":true,"href":"https:\/\/staging.premiumkeszulek.hu\/hu\/wp-json\/wp\/v2\/product_tag?post=13117"},{"taxonomy":"woo-feed-brand","embeddable":true,"href":"https:\/\/staging.premiumkeszulek.hu\/hu\/wp-json\/wp\/v2\/woo-feed-brand?post=13117"}],"curies":[{"name":"wp","href":"https:\/\/api.w.org\/{rel}","templated":true}]}}