{"id":12807,"date":"2025-04-25T16:11:53","date_gmt":"2025-04-25T14:11:53","guid":{"rendered":"https:\/\/premiumkeszulek.hu\/termek\/aeg-tu5pb431sb-surroundcook-5000-suto-pirolitikus-tisztitassal-fekete\/"},"modified":"2026-04-13T11:55:09","modified_gmt":"2026-04-13T09:55:09","slug":"aeg-tu5pb431sb-surroundcook-5000-suto-pirolitikus-tisztitassal-fekete","status":"publish","type":"product","link":"https:\/\/staging.premiumkeszulek.hu\/hu\/termek\/aeg-tu5pb431sb-surroundcook-5000-suto-pirolitikus-tisztitassal-fekete\/","title":{"rendered":"AEG TU5PB431SB SurroundCook 5000 s\u00fct\u0151 pirolitikus tiszt\u00edt\u00e1ssal fekete"},"content":{"rendered":"<p>Wifi; SurroundCook s\u00fct\u0151; sz\u00edn: fekete; vez\u00e9rl\u00e9s: benyomhat\u00f3 teker\u0151gomb EXPlore LED kijelz\u0151vel(LUX); automatikus programok(45); tiszt\u00edt\u00e1s: pirolitikus; 3 r\u00e9teg\u0171 \u00fcvegajt\u00f3; nett\u00f3 \u0171rtartalom: 72l; teleszk\u00f3pos s\u00fct\u0151s\u00edn S\u00fct\u00e9si Funkci\u00f3k: als\u00f3 s\u00fct\u00e9s, hagyom\u00e1nyos s\u00fct\u00e9s, grill, nedves h\u0151l\u00e9gbef\u00fav\u00e1s, kiolvaszt\u00e1s, f\u00e9lk\u00e9sz \u00e9tel, h\u0151l\u00e9gkever\u00e9s, turb\u00f3grill, pizza<\/p>","protected":false},"excerpt":{"rendered":"<p>Wifi; SurroundCook s\u00fct\u0151; sz\u00edn: fekete; vez\u00e9rl\u00e9s: benyomhat\u00f3 teker\u0151gomb EXPlore LED kijelz\u0151vel(LUX); automatikus programok(45); tiszt\u00edt\u00e1s: pirolitikus; 3 r\u00e9teg\u0171 \u00fcvegajt\u00f3; nett\u00f3 \u0171rtartalom: 72l; teleszk\u00f3pos s\u00fct\u0151s\u00edn S\u00fct\u00e9si Funkci\u00f3k: als\u00f3 s\u00fct\u00e9s, hagyom\u00e1nyos s\u00fct\u00e9s, grill, nedves h\u0151l\u00e9gbef\u00fav\u00e1s, kiolvaszt\u00e1s, f\u00e9lk\u00e9sz \u00e9tel, h\u0151l\u00e9gkever\u00e9s, turb\u00f3grill, pizza<\/p>","protected":false},"featured_media":12806,"comment_status":"closed","ping_status":"closed","template":"","meta":{"_crdt_document":"","content-type":"","jetpack_post_was_ever_published":false,"jetpack_publicize_message":"","jetpack_publicize_feature_enabled":true,"jetpack_social_post_already_shared":true,"jetpack_social_options":{"image_generator_settings":{"template":"highway","default_image_id":0,"font":"","enabled":false},"version":2},"_wpas_customize_per_network":false},"product_brand":[1632],"product_cat":[1389,1527],"product_tag":[],"woo-feed-brand":[],"class_list":{"0":"post-12807","1":"product","2":"type-product","3":"status-publish","4":"has-post-thumbnail","6":"product_brand-aeg","7":"product_cat-beepithetosutok","8":"product_cat-sutok-es-fozolapok","9":"product_shipping_class-100000felett","11":"first","12":"instock","13":"sale","14":"taxable","15":"shipping-taxable","16":"purchasable","17":"product-type-simple"},"yoast_head":"<!-- This site is optimized with the Yoast SEO Premium plugin v26.9 (Yoast SEO v26.9) - https:\/\/yoast.com\/product\/yoast-seo-premium-wordpress\/ -->\n<title>AEG TU5PB431SB SurroundCook 5000 s\u00fct\u0151 pirolitikus tiszt\u00edt\u00e1ssal fekete - Pr\u00e9miumK\u00e9sz\u00fcl\u00e9k<\/title>\n<meta name=\"description\" content=\"Fedezze fel az AEG TU5PB431SB SurroundCook 5000 s\u00fct\u0151 k\u00e9nyelm\u00e9t! Wifi, pirolitikus tiszt\u00edt\u00e1s \u00e9s 45 automatikus program v\u00e1r \u00d6nre.\" \/>\n<meta name=\"robots\" content=\"noindex, follow, max-snippet:-1, max-image-preview:large, max-video-preview:-1\" \/>\n<meta property=\"og:locale\" content=\"hu_HU\" \/>\n<meta property=\"og:type\" content=\"article\" \/>\n<meta property=\"og:title\" content=\"AEG TU5PB431SB SurroundCook 5000 s\u00fct\u0151 pirolitikus tiszt\u00edt\u00e1ssal fekete\" \/>\n<meta property=\"og:description\" content=\"Fedezze fel az AEG TU5PB431SB SurroundCook 5000 s\u00fct\u0151 k\u00e9nyelm\u00e9t! Wifi, pirolitikus tiszt\u00edt\u00e1s \u00e9s 45 automatikus program v\u00e1r \u00d6nre.\" \/>\n<meta property=\"og:url\" content=\"https:\/\/staging.premiumkeszulek.hu\/hu\/termek\/aeg-tu5pb431sb-surroundcook-5000-suto-pirolitikus-tisztitassal-fekete\/\" \/>\n<meta property=\"og:site_name\" content=\"Pr\u00e9miumK\u00e9sz\u00fcl\u00e9k\" \/>\n<meta property=\"article:publisher\" content=\"https:\/\/www.facebook.com\/konyhaluxnet\" \/>\n<meta property=\"article:modified_time\" content=\"2026-04-13T09:55:09+00:00\" \/>\n<meta property=\"og:image\" content=\"https:\/\/i0.wp.com\/staging.premiumkeszulek.hu\/wp-content\/uploads\/2025\/04\/TU5PB431SB-111.png?fit=800%2C800&ssl=1\" \/>\n\t<meta property=\"og:image:width\" content=\"800\" \/>\n\t<meta property=\"og:image:height\" content=\"800\" \/>\n\t<meta property=\"og:image:type\" content=\"image\/png\" \/>\n<meta name=\"twitter:card\" content=\"summary_large_image\" \/>\n<meta name=\"twitter:label1\" content=\"Becs\u00fclt olvas\u00e1si id\u0151\" \/>\n\t<meta name=\"twitter:data1\" content=\"2 perc\" \/>\n<script type=\"application\/ld+json\" class=\"yoast-schema-graph\">{\"@context\":\"https:\/\/schema.org\",\"@graph\":[{\"@type\":\"WebPage\",\"@id\":\"https:\/\/staging.premiumkeszulek.hu\/en\/product\/aeg-tu5pb431sb-surroundcook-5000-suto-pirolitikus-tisztitassal-fekete\/\",\"url\":\"https:\/\/staging.premiumkeszulek.hu\/en\/product\/aeg-tu5pb431sb-surroundcook-5000-suto-pirolitikus-tisztitassal-fekete\/\",\"name\":\"AEG TU5PB431SB SurroundCook 5000 s\u00fct\u0151 pirolitikus tiszt\u00edt\u00e1ssal fekete - Pr\u00e9miumK\u00e9sz\u00fcl\u00e9k\",\"isPartOf\":{\"@id\":\"https:\/\/staging.premiumkeszulek.hu\/hu\/#website\"},\"primaryImageOfPage\":{\"@id\":\"https:\/\/staging.premiumkeszulek.hu\/en\/product\/aeg-tu5pb431sb-surroundcook-5000-suto-pirolitikus-tisztitassal-fekete\/#primaryimage\"},\"image\":{\"@id\":\"https:\/\/staging.premiumkeszulek.hu\/en\/product\/aeg-tu5pb431sb-surroundcook-5000-suto-pirolitikus-tisztitassal-fekete\/#primaryimage\"},\"thumbnailUrl\":\"https:\/\/i0.wp.com\/staging.premiumkeszulek.hu\/wp-content\/uploads\/2025\/04\/TU5PB431SB-111.png?fit=800%2C800&ssl=1\",\"datePublished\":\"2025-04-25T14:11:53+00:00\",\"dateModified\":\"2026-04-13T09:55:09+00:00\",\"description\":\"Fedezze fel az AEG TU5PB431SB SurroundCook 5000 s\u00fct\u0151 k\u00e9nyelm\u00e9t! Wifi, pirolitikus tiszt\u00edt\u00e1s \u00e9s 45 automatikus program v\u00e1r \u00d6nre.\",\"breadcrumb\":{\"@id\":\"https:\/\/staging.premiumkeszulek.hu\/en\/product\/aeg-tu5pb431sb-surroundcook-5000-suto-pirolitikus-tisztitassal-fekete\/#breadcrumb\"},\"inLanguage\":\"hu\",\"potentialAction\":[{\"@type\":\"ReadAction\",\"target\":[\"https:\/\/staging.premiumkeszulek.hu\/en\/product\/aeg-tu5pb431sb-surroundcook-5000-suto-pirolitikus-tisztitassal-fekete\/\"]}]},{\"@type\":\"ImageObject\",\"inLanguage\":\"hu\",\"@id\":\"https:\/\/staging.premiumkeszulek.hu\/en\/product\/aeg-tu5pb431sb-surroundcook-5000-suto-pirolitikus-tisztitassal-fekete\/#primaryimage\",\"url\":\"https:\/\/i0.wp.com\/staging.premiumkeszulek.hu\/wp-content\/uploads\/2025\/04\/TU5PB431SB-111.png?fit=800%2C800&ssl=1\",\"contentUrl\":\"https:\/\/i0.wp.com\/staging.premiumkeszulek.hu\/wp-content\/uploads\/2025\/04\/TU5PB431SB-111.png?fit=800%2C800&ssl=1\",\"width\":800,\"height\":800},{\"@type\":\"BreadcrumbList\",\"@id\":\"https:\/\/staging.premiumkeszulek.hu\/en\/product\/aeg-tu5pb431sb-surroundcook-5000-suto-pirolitikus-tisztitassal-fekete\/#breadcrumb\",\"itemListElement\":[{\"@type\":\"ListItem\",\"position\":1,\"name\":\"Home\",\"item\":\"https:\/\/staging.premiumkeszulek.hu\/hu\/\"},{\"@type\":\"ListItem\",\"position\":2,\"name\":\"Shop\",\"item\":\"https:\/\/staging.premiumkeszulek.hu\/hu\/shop\/\"},{\"@type\":\"ListItem\",\"position\":3,\"name\":\"AEG TU5PB431SB SurroundCook 5000 s\u00fct\u0151 pirolitikus tiszt\u00edt\u00e1ssal fekete\"}]},{\"@type\":\"WebSite\",\"@id\":\"https:\/\/staging.premiumkeszulek.hu\/hu\/#website\",\"url\":\"https:\/\/staging.premiumkeszulek.hu\/hu\/\",\"name\":\"Pr\u00e9miumK\u00e9sz\u00fcl\u00e9k\",\"description\":\"\",\"publisher\":{\"@id\":\"https:\/\/staging.premiumkeszulek.hu\/hu\/#organization\"},\"potentialAction\":[{\"@type\":\"SearchAction\",\"target\":{\"@type\":\"EntryPoint\",\"urlTemplate\":\"https:\/\/staging.premiumkeszulek.hu\/hu\/?s={search_term_string}\"},\"query-input\":{\"@type\":\"PropertyValueSpecification\",\"valueRequired\":true,\"valueName\":\"search_term_string\"}}],\"inLanguage\":\"hu\"},{\"@type\":\"Organization\",\"@id\":\"https:\/\/staging.premiumkeszulek.hu\/hu\/#organization\",\"name\":\"Pr\u00e9miumK\u00e9sz\u00fcl\u00e9k\",\"alternateName\":\"HPH Special Kft\",\"url\":\"https:\/\/staging.premiumkeszulek.hu\/hu\/\",\"logo\":{\"@type\":\"ImageObject\",\"inLanguage\":\"hu\",\"@id\":\"https:\/\/staging.premiumkeszulek.hu\/hu\/#\/schema\/logo\/image\/\",\"url\":\"https:\/\/staging.premiumkeszulek.hu\/wp-content\/uploads\/2025\/03\/TURKIZLOGO-kicsi.png\",\"contentUrl\":\"https:\/\/staging.premiumkeszulek.hu\/wp-content\/uploads\/2025\/03\/TURKIZLOGO-kicsi.png\",\"width\":1600,\"height\":547,\"caption\":\"Pr\u00e9miumK\u00e9sz\u00fcl\u00e9k\"},\"image\":{\"@id\":\"https:\/\/staging.premiumkeszulek.hu\/hu\/#\/schema\/logo\/image\/\"},\"sameAs\":[\"https:\/\/www.facebook.com\/konyhaluxnet\",\"https:\/\/www.instagram.com\/konyhaluxnet\/#\"],\"email\":\"info@premiumkeszulek.hu\",\"telephone\":\"36 1 \/ 226-1992\",\"legalName\":\"HPH Special Kft\",\"vatID\":\"HU12549502\",\"taxID\":\"12549502\"}]}<\/script>\n<!-- \/ Yoast SEO Premium plugin. -->","yoast_head_json":{"title":"AEG TU5PB431SB SurroundCook 5000 s\u00fct\u0151 pirolitikus tiszt\u00edt\u00e1ssal fekete - Pr\u00e9miumK\u00e9sz\u00fcl\u00e9k","description":"Fedezze fel az AEG TU5PB431SB SurroundCook 5000 s\u00fct\u0151 k\u00e9nyelm\u00e9t! Wifi, pirolitikus tiszt\u00edt\u00e1s \u00e9s 45 automatikus program v\u00e1r \u00d6nre.","robots":{"index":"noindex","follow":"follow","max-snippet":"max-snippet:-1","max-image-preview":"max-image-preview:large","max-video-preview":"max-video-preview:-1"},"og_locale":"hu_HU","og_type":"article","og_title":"AEG TU5PB431SB SurroundCook 5000 s\u00fct\u0151 pirolitikus tiszt\u00edt\u00e1ssal fekete","og_description":"Fedezze fel az AEG TU5PB431SB SurroundCook 5000 s\u00fct\u0151 k\u00e9nyelm\u00e9t! Wifi, pirolitikus tiszt\u00edt\u00e1s \u00e9s 45 automatikus program v\u00e1r \u00d6nre.","og_url":"https:\/\/staging.premiumkeszulek.hu\/hu\/termek\/aeg-tu5pb431sb-surroundcook-5000-suto-pirolitikus-tisztitassal-fekete\/","og_site_name":"Pr\u00e9miumK\u00e9sz\u00fcl\u00e9k","article_publisher":"https:\/\/www.facebook.com\/konyhaluxnet","article_modified_time":"2026-04-13T09:55:09+00:00","og_image":[{"width":800,"height":800,"url":"https:\/\/i0.wp.com\/staging.premiumkeszulek.hu\/wp-content\/uploads\/2025\/04\/TU5PB431SB-111.png?fit=800%2C800&ssl=1","type":"image\/png"}],"twitter_card":"summary_large_image","twitter_misc":{"Becs\u00fclt olvas\u00e1si id\u0151":"2 perc"},"schema":{"@context":"https:\/\/schema.org","@graph":[{"@type":"WebPage","@id":"https:\/\/staging.premiumkeszulek.hu\/en\/product\/aeg-tu5pb431sb-surroundcook-5000-suto-pirolitikus-tisztitassal-fekete\/","url":"https:\/\/staging.premiumkeszulek.hu\/en\/product\/aeg-tu5pb431sb-surroundcook-5000-suto-pirolitikus-tisztitassal-fekete\/","name":"AEG TU5PB431SB SurroundCook 5000 s\u00fct\u0151 pirolitikus tiszt\u00edt\u00e1ssal fekete - Pr\u00e9miumK\u00e9sz\u00fcl\u00e9k","isPartOf":{"@id":"https:\/\/staging.premiumkeszulek.hu\/hu\/#website"},"primaryImageOfPage":{"@id":"https:\/\/staging.premiumkeszulek.hu\/en\/product\/aeg-tu5pb431sb-surroundcook-5000-suto-pirolitikus-tisztitassal-fekete\/#primaryimage"},"image":{"@id":"https:\/\/staging.premiumkeszulek.hu\/en\/product\/aeg-tu5pb431sb-surroundcook-5000-suto-pirolitikus-tisztitassal-fekete\/#primaryimage"},"thumbnailUrl":"https:\/\/i0.wp.com\/staging.premiumkeszulek.hu\/wp-content\/uploads\/2025\/04\/TU5PB431SB-111.png?fit=800%2C800&ssl=1","datePublished":"2025-04-25T14:11:53+00:00","dateModified":"2026-04-13T09:55:09+00:00","description":"Fedezze fel az AEG TU5PB431SB SurroundCook 5000 s\u00fct\u0151 k\u00e9nyelm\u00e9t! Wifi, pirolitikus tiszt\u00edt\u00e1s \u00e9s 45 automatikus program v\u00e1r \u00d6nre.","breadcrumb":{"@id":"https:\/\/staging.premiumkeszulek.hu\/en\/product\/aeg-tu5pb431sb-surroundcook-5000-suto-pirolitikus-tisztitassal-fekete\/#breadcrumb"},"inLanguage":"hu","potentialAction":[{"@type":"ReadAction","target":["https:\/\/staging.premiumkeszulek.hu\/en\/product\/aeg-tu5pb431sb-surroundcook-5000-suto-pirolitikus-tisztitassal-fekete\/"]}]},{"@type":"ImageObject","inLanguage":"hu","@id":"https:\/\/staging.premiumkeszulek.hu\/en\/product\/aeg-tu5pb431sb-surroundcook-5000-suto-pirolitikus-tisztitassal-fekete\/#primaryimage","url":"https:\/\/i0.wp.com\/staging.premiumkeszulek.hu\/wp-content\/uploads\/2025\/04\/TU5PB431SB-111.png?fit=800%2C800&ssl=1","contentUrl":"https:\/\/i0.wp.com\/staging.premiumkeszulek.hu\/wp-content\/uploads\/2025\/04\/TU5PB431SB-111.png?fit=800%2C800&ssl=1","width":800,"height":800},{"@type":"BreadcrumbList","@id":"https:\/\/staging.premiumkeszulek.hu\/en\/product\/aeg-tu5pb431sb-surroundcook-5000-suto-pirolitikus-tisztitassal-fekete\/#breadcrumb","itemListElement":[{"@type":"ListItem","position":1,"name":"Home","item":"https:\/\/staging.premiumkeszulek.hu\/hu\/"},{"@type":"ListItem","position":2,"name":"Shop","item":"https:\/\/staging.premiumkeszulek.hu\/hu\/shop\/"},{"@type":"ListItem","position":3,"name":"AEG TU5PB431SB SurroundCook 5000 s\u00fct\u0151 pirolitikus tiszt\u00edt\u00e1ssal fekete"}]},{"@type":"WebSite","@id":"https:\/\/staging.premiumkeszulek.hu\/hu\/#website","url":"https:\/\/staging.premiumkeszulek.hu\/hu\/","name":"Pr\u00e9miumK\u00e9sz\u00fcl\u00e9k","description":"","publisher":{"@id":"https:\/\/staging.premiumkeszulek.hu\/hu\/#organization"},"potentialAction":[{"@type":"SearchAction","target":{"@type":"EntryPoint","urlTemplate":"https:\/\/staging.premiumkeszulek.hu\/hu\/?s={search_term_string}"},"query-input":{"@type":"PropertyValueSpecification","valueRequired":true,"valueName":"search_term_string"}}],"inLanguage":"hu"},{"@type":"Organization","@id":"https:\/\/staging.premiumkeszulek.hu\/hu\/#organization","name":"Pr\u00e9miumK\u00e9sz\u00fcl\u00e9k","alternateName":"HPH Special Kft","url":"https:\/\/staging.premiumkeszulek.hu\/hu\/","logo":{"@type":"ImageObject","inLanguage":"hu","@id":"https:\/\/staging.premiumkeszulek.hu\/hu\/#\/schema\/logo\/image\/","url":"https:\/\/staging.premiumkeszulek.hu\/wp-content\/uploads\/2025\/03\/TURKIZLOGO-kicsi.png","contentUrl":"https:\/\/staging.premiumkeszulek.hu\/wp-content\/uploads\/2025\/03\/TURKIZLOGO-kicsi.png","width":1600,"height":547,"caption":"Pr\u00e9miumK\u00e9sz\u00fcl\u00e9k"},"image":{"@id":"https:\/\/staging.premiumkeszulek.hu\/hu\/#\/schema\/logo\/image\/"},"sameAs":["https:\/\/www.facebook.com\/konyhaluxnet","https:\/\/www.instagram.com\/konyhaluxnet\/#"],"email":"info@premiumkeszulek.hu","telephone":"36 1 \/ 226-1992","legalName":"HPH Special Kft","vatID":"HU12549502","taxID":"12549502"}]}},"jetpack_publicize_connections":[],"jetpack_likes_enabled":true,"jetpack_sharing_enabled":true,"jetpack-related-posts":[],"_links":{"self":[{"href":"https:\/\/staging.premiumkeszulek.hu\/hu\/wp-json\/wp\/v2\/product\/12807","targetHints":{"allow":["GET"]}}],"collection":[{"href":"https:\/\/staging.premiumkeszulek.hu\/hu\/wp-json\/wp\/v2\/product"}],"about":[{"href":"https:\/\/staging.premiumkeszulek.hu\/hu\/wp-json\/wp\/v2\/types\/product"}],"replies":[{"embeddable":true,"href":"https:\/\/staging.premiumkeszulek.hu\/hu\/wp-json\/wp\/v2\/comments?post=12807"}],"wp:featuredmedia":[{"embeddable":true,"href":"https:\/\/staging.premiumkeszulek.hu\/hu\/wp-json\/wp\/v2\/media\/12806"}],"wp:attachment":[{"href":"https:\/\/staging.premiumkeszulek.hu\/hu\/wp-json\/wp\/v2\/media?parent=12807"}],"wp:term":[{"taxonomy":"product_brand","embeddable":true,"href":"https:\/\/staging.premiumkeszulek.hu\/hu\/wp-json\/wp\/v2\/product_brand?post=12807"},{"taxonomy":"product_cat","embeddable":true,"href":"https:\/\/staging.premiumkeszulek.hu\/hu\/wp-json\/wp\/v2\/product_cat?post=12807"},{"taxonomy":"product_tag","embeddable":true,"href":"https:\/\/staging.premiumkeszulek.hu\/hu\/wp-json\/wp\/v2\/product_tag?post=12807"},{"taxonomy":"woo-feed-brand","embeddable":true,"href":"https:\/\/staging.premiumkeszulek.hu\/hu\/wp-json\/wp\/v2\/woo-feed-brand?post=12807"}],"curies":[{"name":"wp","href":"https:\/\/api.w.org\/{rel}","templated":true}]}}