{"id":10826,"date":"2025-04-08T18:15:25","date_gmt":"2025-04-08T16:15:25","guid":{"rendered":"https:\/\/premiumkeszulek.hu\/termek\/miele-guard-l1-nordic-kek-porzsakos-padloporszivo\/"},"modified":"2026-04-13T11:58:53","modified_gmt":"2026-04-13T09:58:53","slug":"miele-guard-l1-nordic-kek-porzsakos-padloporszivo","status":"publish","type":"product","link":"https:\/\/staging.premiumkeszulek.hu\/hu\/termek\/miele-guard-l1-nordic-kek-porzsakos-padloporszivo\/","title":{"rendered":"MIELE Guard L1 Nordic k\u00e9k porzs\u00e1kos padl\u00f3porsz\u00edv\u00f3"},"content":{"rendered":"<figure class=\"wp-block-image size-full\"><img data-recalc-dims=\"1\" fetchpriority=\"high\" decoding=\"async\" width=\"364\" height=\"138\" data-attachment-id=\"79707\" data-permalink=\"https:\/\/staging.premiumkeszulek.hu\/hu\/?attachment_id=79707\" data-orig-file=\"https:\/\/i0.wp.com\/staging.premiumkeszulek.hu\/wp-content\/uploads\/2026\/04\/images-3.png?fit=364%2C138&amp;ssl=1\" data-orig-size=\"364,138\" data-comments-opened=\"1\" data-image-meta=\"{&quot;aperture&quot;:&quot;0&quot;,&quot;credit&quot;:&quot;&quot;,&quot;camera&quot;:&quot;&quot;,&quot;caption&quot;:&quot;&quot;,&quot;created_timestamp&quot;:&quot;0&quot;,&quot;copyright&quot;:&quot;&quot;,&quot;focal_length&quot;:&quot;0&quot;,&quot;iso&quot;:&quot;0&quot;,&quot;shutter_speed&quot;:&quot;0&quot;,&quot;title&quot;:&quot;&quot;,&quot;orientation&quot;:&quot;0&quot;}\" data-image-title=\"images (3)\" data-image-description=\"\" data-image-caption=\"\" data-medium-file=\"https:\/\/i0.wp.com\/staging.premiumkeszulek.hu\/wp-content\/uploads\/2026\/04\/images-3.png?fit=300%2C114&amp;ssl=1\" data-large-file=\"https:\/\/i0.wp.com\/staging.premiumkeszulek.hu\/wp-content\/uploads\/2026\/04\/images-3.png?fit=364%2C138&amp;ssl=1\" src=\"https:\/\/i0.wp.com\/premiumkeszulek.hu\/wp-content\/uploads\/2026\/04\/images-3.png?resize=364%2C138&#038;ssl=1\" alt=\"\" class=\"wp-image-79707\" srcset=\"https:\/\/i0.wp.com\/staging.premiumkeszulek.hu\/wp-content\/uploads\/2026\/04\/images-3.png?w=364&amp;ssl=1 364w, https:\/\/i0.wp.com\/staging.premiumkeszulek.hu\/wp-content\/uploads\/2026\/04\/images-3.png?resize=300%2C114&amp;ssl=1 300w, https:\/\/i0.wp.com\/staging.premiumkeszulek.hu\/wp-content\/uploads\/2026\/04\/images-3.png?resize=18%2C7&amp;ssl=1 18w\" sizes=\"(max-width: 364px) 100vw, 364px\" \/><\/figure>\n<div class=\"loadbeeTabContent\" data-loadbee-apikey=\"bVxDWaSdseFz5PWWtvKmAkGr88n6WXYY\" data-loadbee-gtin=\"4002516794813\" data-loadbee-locale=\"hu_HU\"><\/div>\n<script async src=\"https:\/\/cdn.loadbee.com\/js\/loadbee_integration.js\"><\/script>","protected":false},"excerpt":{"rendered":"<p>ComfortFit: a legmagasabb higi\u00e9niai el\u0151\u00edr\u00e1soknak megfelel\u0151en fejlesztve<br \/>\nHossz\u00fa \u00e9lettartam: 20 \u00e9ves \u00e9lettartamra tesztelve2<br \/>\nAz optim\u00e1lis teljes\u00edtm\u00e9ny minden tiszt\u00edt\u00e1si feladathoz: 4 v\u00e1laszthat\u00f3 \u00fczemm\u00f3d<br \/>\nEgyedileg \u00e1ll\u00edthat\u00f3 magass\u00e1g \u00e9s ergonomikusComfort-foganty\u00fa<br \/>\nPr\u00e9mium designkoncepci\u00f3st\u00edlusos alkalmaz\u00e1skkal<br \/>\nExtra hat\u00f3t\u00e1vols\u00e1g, kevesebb aljzatcsere:12 m m\u0171k\u00f6d\u00e9si sug\u00e1r<br \/>\nHigi\u00e9nikus AirClean sz\u0171r\u0151: hat\u00e9kony sz\u0171r\u00e9s a helyis\u00e9g tiszta leveg\u0151j\u00e9\u00e9rt<\/p>","protected":false},"featured_media":10825,"comment_status":"closed","ping_status":"closed","template":"","meta":{"_crdt_document":"","content-type":"","jetpack_post_was_ever_published":false,"jetpack_publicize_message":"","jetpack_publicize_feature_enabled":true,"jetpack_social_post_already_shared":true,"jetpack_social_options":{"image_generator_settings":{"template":"highway","default_image_id":0,"font":"","enabled":false},"version":2},"_wpas_customize_per_network":false},"product_brand":[1372],"product_cat":[1380,1381],"product_tag":[],"woo-feed-brand":[],"class_list":{"0":"post-10826","1":"product","2":"type-product","3":"status-publish","4":"has-post-thumbnail","6":"product_brand-miele","7":"product_cat-porszivo","8":"product_cat-porzsakporszivo","9":"product_shipping_class-100000felett","11":"first","12":"instock","13":"sale","14":"taxable","15":"shipping-taxable","16":"purchasable","17":"product-type-simple"},"yoast_head":"<!-- This site is optimized with the Yoast SEO Premium plugin v26.9 (Yoast SEO v26.9) - https:\/\/yoast.com\/product\/yoast-seo-premium-wordpress\/ -->\n<title>MIELE Guard L1 Nordic k\u00e9k porzs\u00e1kos padl\u00f3porsz\u00edv\u00f3 - Pr\u00e9miumK\u00e9sz\u00fcl\u00e9k<\/title>\n<meta name=\"description\" content=\"\u00c9rezd a pr\u00e9mium min\u0151s\u00e9get a MIELE Guard L1 Nordic k\u00e9k padl\u00f3porsz\u00edv\u00f3val! Tedd komfortoss\u00e1 a takar\u00edt\u00e1st 4 \u00fczemm\u00f3dnak k\u00f6sz\u00f6nhet\u0151en. \ud83c\udf1f\" \/>\n<meta name=\"robots\" content=\"noindex, follow, max-snippet:-1, max-image-preview:large, max-video-preview:-1\" \/>\n<meta property=\"og:locale\" content=\"hu_HU\" \/>\n<meta property=\"og:type\" content=\"article\" \/>\n<meta property=\"og:title\" content=\"MIELE Guard L1 Nordic k\u00e9k porzs\u00e1kos padl\u00f3porsz\u00edv\u00f3\" \/>\n<meta property=\"og:description\" content=\"\u00c9rezd a pr\u00e9mium min\u0151s\u00e9get a MIELE Guard L1 Nordic k\u00e9k padl\u00f3porsz\u00edv\u00f3val! Tedd komfortoss\u00e1 a takar\u00edt\u00e1st 4 \u00fczemm\u00f3dnak k\u00f6sz\u00f6nhet\u0151en. \ud83c\udf1f\" \/>\n<meta property=\"og:url\" content=\"https:\/\/staging.premiumkeszulek.hu\/hu\/termek\/miele-guard-l1-nordic-kek-porzsakos-padloporszivo\/\" \/>\n<meta property=\"og:site_name\" content=\"Pr\u00e9miumK\u00e9sz\u00fcl\u00e9k\" \/>\n<meta property=\"article:publisher\" content=\"https:\/\/www.facebook.com\/konyhaluxnet\" \/>\n<meta property=\"article:modified_time\" content=\"2026-04-13T09:58:53+00:00\" \/>\n<meta property=\"og:image\" content=\"https:\/\/i0.wp.com\/staging.premiumkeszulek.hu\/wp-content\/uploads\/2025\/04\/GUARD3.jpg?fit=800%2C800&ssl=1\" \/>\n\t<meta property=\"og:image:width\" content=\"800\" \/>\n\t<meta property=\"og:image:height\" content=\"800\" \/>\n\t<meta property=\"og:image:type\" content=\"image\/jpeg\" \/>\n<meta name=\"twitter:card\" content=\"summary_large_image\" \/>\n<meta name=\"twitter:label1\" content=\"Becs\u00fclt olvas\u00e1si id\u0151\" \/>\n\t<meta name=\"twitter:data1\" content=\"1 perc\" \/>\n<script type=\"application\/ld+json\" class=\"yoast-schema-graph\">{\"@context\":\"https:\/\/schema.org\",\"@graph\":[{\"@type\":\"WebPage\",\"@id\":\"https:\/\/staging.premiumkeszulek.hu\/en\/product\/miele-guard-l1-nordic-kek-porzsakos-padloporszivo\/\",\"url\":\"https:\/\/staging.premiumkeszulek.hu\/en\/product\/miele-guard-l1-nordic-kek-porzsakos-padloporszivo\/\",\"name\":\"MIELE Guard L1 Nordic k\u00e9k porzs\u00e1kos padl\u00f3porsz\u00edv\u00f3 - Pr\u00e9miumK\u00e9sz\u00fcl\u00e9k\",\"isPartOf\":{\"@id\":\"https:\/\/staging.premiumkeszulek.hu\/hu\/#website\"},\"primaryImageOfPage\":{\"@id\":\"https:\/\/staging.premiumkeszulek.hu\/en\/product\/miele-guard-l1-nordic-kek-porzsakos-padloporszivo\/#primaryimage\"},\"image\":{\"@id\":\"https:\/\/staging.premiumkeszulek.hu\/en\/product\/miele-guard-l1-nordic-kek-porzsakos-padloporszivo\/#primaryimage\"},\"thumbnailUrl\":\"https:\/\/i0.wp.com\/staging.premiumkeszulek.hu\/wp-content\/uploads\/2025\/04\/GUARD3.jpg?fit=800%2C800&ssl=1\",\"datePublished\":\"2025-04-08T16:15:25+00:00\",\"dateModified\":\"2026-04-13T09:58:53+00:00\",\"description\":\"\u00c9rezd a pr\u00e9mium min\u0151s\u00e9get a MIELE Guard L1 Nordic k\u00e9k padl\u00f3porsz\u00edv\u00f3val! Tedd komfortoss\u00e1 a takar\u00edt\u00e1st 4 \u00fczemm\u00f3dnak k\u00f6sz\u00f6nhet\u0151en. \ud83c\udf1f\",\"breadcrumb\":{\"@id\":\"https:\/\/staging.premiumkeszulek.hu\/en\/product\/miele-guard-l1-nordic-kek-porzsakos-padloporszivo\/#breadcrumb\"},\"inLanguage\":\"hu\",\"potentialAction\":[{\"@type\":\"ReadAction\",\"target\":[\"https:\/\/staging.premiumkeszulek.hu\/en\/product\/miele-guard-l1-nordic-kek-porzsakos-padloporszivo\/\"]}]},{\"@type\":\"ImageObject\",\"inLanguage\":\"hu\",\"@id\":\"https:\/\/staging.premiumkeszulek.hu\/en\/product\/miele-guard-l1-nordic-kek-porzsakos-padloporszivo\/#primaryimage\",\"url\":\"https:\/\/i0.wp.com\/staging.premiumkeszulek.hu\/wp-content\/uploads\/2025\/04\/GUARD3.jpg?fit=800%2C800&ssl=1\",\"contentUrl\":\"https:\/\/i0.wp.com\/staging.premiumkeszulek.hu\/wp-content\/uploads\/2025\/04\/GUARD3.jpg?fit=800%2C800&ssl=1\",\"width\":800,\"height\":800},{\"@type\":\"BreadcrumbList\",\"@id\":\"https:\/\/staging.premiumkeszulek.hu\/en\/product\/miele-guard-l1-nordic-kek-porzsakos-padloporszivo\/#breadcrumb\",\"itemListElement\":[{\"@type\":\"ListItem\",\"position\":1,\"name\":\"Home\",\"item\":\"https:\/\/staging.premiumkeszulek.hu\/hu\/\"},{\"@type\":\"ListItem\",\"position\":2,\"name\":\"Shop\",\"item\":\"https:\/\/staging.premiumkeszulek.hu\/hu\/shop\/\"},{\"@type\":\"ListItem\",\"position\":3,\"name\":\"MIELE Guard L1 Nordic k\u00e9k porzs\u00e1kos padl\u00f3porsz\u00edv\u00f3\"}]},{\"@type\":\"WebSite\",\"@id\":\"https:\/\/staging.premiumkeszulek.hu\/hu\/#website\",\"url\":\"https:\/\/staging.premiumkeszulek.hu\/hu\/\",\"name\":\"Pr\u00e9miumK\u00e9sz\u00fcl\u00e9k\",\"description\":\"\",\"publisher\":{\"@id\":\"https:\/\/staging.premiumkeszulek.hu\/hu\/#organization\"},\"potentialAction\":[{\"@type\":\"SearchAction\",\"target\":{\"@type\":\"EntryPoint\",\"urlTemplate\":\"https:\/\/staging.premiumkeszulek.hu\/hu\/?s={search_term_string}\"},\"query-input\":{\"@type\":\"PropertyValueSpecification\",\"valueRequired\":true,\"valueName\":\"search_term_string\"}}],\"inLanguage\":\"hu\"},{\"@type\":\"Organization\",\"@id\":\"https:\/\/staging.premiumkeszulek.hu\/hu\/#organization\",\"name\":\"Pr\u00e9miumK\u00e9sz\u00fcl\u00e9k\",\"alternateName\":\"HPH Special Kft\",\"url\":\"https:\/\/staging.premiumkeszulek.hu\/hu\/\",\"logo\":{\"@type\":\"ImageObject\",\"inLanguage\":\"hu\",\"@id\":\"https:\/\/staging.premiumkeszulek.hu\/hu\/#\/schema\/logo\/image\/\",\"url\":\"https:\/\/staging.premiumkeszulek.hu\/wp-content\/uploads\/2025\/03\/TURKIZLOGO-kicsi.png\",\"contentUrl\":\"https:\/\/staging.premiumkeszulek.hu\/wp-content\/uploads\/2025\/03\/TURKIZLOGO-kicsi.png\",\"width\":1600,\"height\":547,\"caption\":\"Pr\u00e9miumK\u00e9sz\u00fcl\u00e9k\"},\"image\":{\"@id\":\"https:\/\/staging.premiumkeszulek.hu\/hu\/#\/schema\/logo\/image\/\"},\"sameAs\":[\"https:\/\/www.facebook.com\/konyhaluxnet\",\"https:\/\/www.instagram.com\/konyhaluxnet\/#\"],\"email\":\"info@premiumkeszulek.hu\",\"telephone\":\"36 1 \/ 226-1992\",\"legalName\":\"HPH Special Kft\",\"vatID\":\"HU12549502\",\"taxID\":\"12549502\"}]}<\/script>\n<!-- \/ Yoast SEO Premium plugin. -->","yoast_head_json":{"title":"MIELE Guard L1 Nordic k\u00e9k porzs\u00e1kos padl\u00f3porsz\u00edv\u00f3 - Pr\u00e9miumK\u00e9sz\u00fcl\u00e9k","description":"\u00c9rezd a pr\u00e9mium min\u0151s\u00e9get a MIELE Guard L1 Nordic k\u00e9k padl\u00f3porsz\u00edv\u00f3val! Tedd komfortoss\u00e1 a takar\u00edt\u00e1st 4 \u00fczemm\u00f3dnak k\u00f6sz\u00f6nhet\u0151en. \ud83c\udf1f","robots":{"index":"noindex","follow":"follow","max-snippet":"max-snippet:-1","max-image-preview":"max-image-preview:large","max-video-preview":"max-video-preview:-1"},"og_locale":"hu_HU","og_type":"article","og_title":"MIELE Guard L1 Nordic k\u00e9k porzs\u00e1kos padl\u00f3porsz\u00edv\u00f3","og_description":"\u00c9rezd a pr\u00e9mium min\u0151s\u00e9get a MIELE Guard L1 Nordic k\u00e9k padl\u00f3porsz\u00edv\u00f3val! Tedd komfortoss\u00e1 a takar\u00edt\u00e1st 4 \u00fczemm\u00f3dnak k\u00f6sz\u00f6nhet\u0151en. \ud83c\udf1f","og_url":"https:\/\/staging.premiumkeszulek.hu\/hu\/termek\/miele-guard-l1-nordic-kek-porzsakos-padloporszivo\/","og_site_name":"Pr\u00e9miumK\u00e9sz\u00fcl\u00e9k","article_publisher":"https:\/\/www.facebook.com\/konyhaluxnet","article_modified_time":"2026-04-13T09:58:53+00:00","og_image":[{"width":800,"height":800,"url":"https:\/\/i0.wp.com\/staging.premiumkeszulek.hu\/wp-content\/uploads\/2025\/04\/GUARD3.jpg?fit=800%2C800&ssl=1","type":"image\/jpeg"}],"twitter_card":"summary_large_image","twitter_misc":{"Becs\u00fclt olvas\u00e1si id\u0151":"1 perc"},"schema":{"@context":"https:\/\/schema.org","@graph":[{"@type":"WebPage","@id":"https:\/\/staging.premiumkeszulek.hu\/en\/product\/miele-guard-l1-nordic-kek-porzsakos-padloporszivo\/","url":"https:\/\/staging.premiumkeszulek.hu\/en\/product\/miele-guard-l1-nordic-kek-porzsakos-padloporszivo\/","name":"MIELE Guard L1 Nordic k\u00e9k porzs\u00e1kos padl\u00f3porsz\u00edv\u00f3 - Pr\u00e9miumK\u00e9sz\u00fcl\u00e9k","isPartOf":{"@id":"https:\/\/staging.premiumkeszulek.hu\/hu\/#website"},"primaryImageOfPage":{"@id":"https:\/\/staging.premiumkeszulek.hu\/en\/product\/miele-guard-l1-nordic-kek-porzsakos-padloporszivo\/#primaryimage"},"image":{"@id":"https:\/\/staging.premiumkeszulek.hu\/en\/product\/miele-guard-l1-nordic-kek-porzsakos-padloporszivo\/#primaryimage"},"thumbnailUrl":"https:\/\/i0.wp.com\/staging.premiumkeszulek.hu\/wp-content\/uploads\/2025\/04\/GUARD3.jpg?fit=800%2C800&ssl=1","datePublished":"2025-04-08T16:15:25+00:00","dateModified":"2026-04-13T09:58:53+00:00","description":"\u00c9rezd a pr\u00e9mium min\u0151s\u00e9get a MIELE Guard L1 Nordic k\u00e9k padl\u00f3porsz\u00edv\u00f3val! Tedd komfortoss\u00e1 a takar\u00edt\u00e1st 4 \u00fczemm\u00f3dnak k\u00f6sz\u00f6nhet\u0151en. \ud83c\udf1f","breadcrumb":{"@id":"https:\/\/staging.premiumkeszulek.hu\/en\/product\/miele-guard-l1-nordic-kek-porzsakos-padloporszivo\/#breadcrumb"},"inLanguage":"hu","potentialAction":[{"@type":"ReadAction","target":["https:\/\/staging.premiumkeszulek.hu\/en\/product\/miele-guard-l1-nordic-kek-porzsakos-padloporszivo\/"]}]},{"@type":"ImageObject","inLanguage":"hu","@id":"https:\/\/staging.premiumkeszulek.hu\/en\/product\/miele-guard-l1-nordic-kek-porzsakos-padloporszivo\/#primaryimage","url":"https:\/\/i0.wp.com\/staging.premiumkeszulek.hu\/wp-content\/uploads\/2025\/04\/GUARD3.jpg?fit=800%2C800&ssl=1","contentUrl":"https:\/\/i0.wp.com\/staging.premiumkeszulek.hu\/wp-content\/uploads\/2025\/04\/GUARD3.jpg?fit=800%2C800&ssl=1","width":800,"height":800},{"@type":"BreadcrumbList","@id":"https:\/\/staging.premiumkeszulek.hu\/en\/product\/miele-guard-l1-nordic-kek-porzsakos-padloporszivo\/#breadcrumb","itemListElement":[{"@type":"ListItem","position":1,"name":"Home","item":"https:\/\/staging.premiumkeszulek.hu\/hu\/"},{"@type":"ListItem","position":2,"name":"Shop","item":"https:\/\/staging.premiumkeszulek.hu\/hu\/shop\/"},{"@type":"ListItem","position":3,"name":"MIELE Guard L1 Nordic k\u00e9k porzs\u00e1kos padl\u00f3porsz\u00edv\u00f3"}]},{"@type":"WebSite","@id":"https:\/\/staging.premiumkeszulek.hu\/hu\/#website","url":"https:\/\/staging.premiumkeszulek.hu\/hu\/","name":"Pr\u00e9miumK\u00e9sz\u00fcl\u00e9k","description":"","publisher":{"@id":"https:\/\/staging.premiumkeszulek.hu\/hu\/#organization"},"potentialAction":[{"@type":"SearchAction","target":{"@type":"EntryPoint","urlTemplate":"https:\/\/staging.premiumkeszulek.hu\/hu\/?s={search_term_string}"},"query-input":{"@type":"PropertyValueSpecification","valueRequired":true,"valueName":"search_term_string"}}],"inLanguage":"hu"},{"@type":"Organization","@id":"https:\/\/staging.premiumkeszulek.hu\/hu\/#organization","name":"Pr\u00e9miumK\u00e9sz\u00fcl\u00e9k","alternateName":"HPH Special Kft","url":"https:\/\/staging.premiumkeszulek.hu\/hu\/","logo":{"@type":"ImageObject","inLanguage":"hu","@id":"https:\/\/staging.premiumkeszulek.hu\/hu\/#\/schema\/logo\/image\/","url":"https:\/\/staging.premiumkeszulek.hu\/wp-content\/uploads\/2025\/03\/TURKIZLOGO-kicsi.png","contentUrl":"https:\/\/staging.premiumkeszulek.hu\/wp-content\/uploads\/2025\/03\/TURKIZLOGO-kicsi.png","width":1600,"height":547,"caption":"Pr\u00e9miumK\u00e9sz\u00fcl\u00e9k"},"image":{"@id":"https:\/\/staging.premiumkeszulek.hu\/hu\/#\/schema\/logo\/image\/"},"sameAs":["https:\/\/www.facebook.com\/konyhaluxnet","https:\/\/www.instagram.com\/konyhaluxnet\/#"],"email":"info@premiumkeszulek.hu","telephone":"36 1 \/ 226-1992","legalName":"HPH Special Kft","vatID":"HU12549502","taxID":"12549502"}]}},"jetpack_publicize_connections":[],"jetpack_likes_enabled":true,"jetpack_sharing_enabled":true,"jetpack-related-posts":[],"_links":{"self":[{"href":"https:\/\/staging.premiumkeszulek.hu\/hu\/wp-json\/wp\/v2\/product\/10826","targetHints":{"allow":["GET"]}}],"collection":[{"href":"https:\/\/staging.premiumkeszulek.hu\/hu\/wp-json\/wp\/v2\/product"}],"about":[{"href":"https:\/\/staging.premiumkeszulek.hu\/hu\/wp-json\/wp\/v2\/types\/product"}],"replies":[{"embeddable":true,"href":"https:\/\/staging.premiumkeszulek.hu\/hu\/wp-json\/wp\/v2\/comments?post=10826"}],"wp:featuredmedia":[{"embeddable":true,"href":"https:\/\/staging.premiumkeszulek.hu\/hu\/wp-json\/wp\/v2\/media\/10825"}],"wp:attachment":[{"href":"https:\/\/staging.premiumkeszulek.hu\/hu\/wp-json\/wp\/v2\/media?parent=10826"}],"wp:term":[{"taxonomy":"product_brand","embeddable":true,"href":"https:\/\/staging.premiumkeszulek.hu\/hu\/wp-json\/wp\/v2\/product_brand?post=10826"},{"taxonomy":"product_cat","embeddable":true,"href":"https:\/\/staging.premiumkeszulek.hu\/hu\/wp-json\/wp\/v2\/product_cat?post=10826"},{"taxonomy":"product_tag","embeddable":true,"href":"https:\/\/staging.premiumkeszulek.hu\/hu\/wp-json\/wp\/v2\/product_tag?post=10826"},{"taxonomy":"woo-feed-brand","embeddable":true,"href":"https:\/\/staging.premiumkeszulek.hu\/hu\/wp-json\/wp\/v2\/woo-feed-brand?post=10826"}],"curies":[{"name":"wp","href":"https:\/\/api.w.org\/{rel}","templated":true}]}}