{"id":79461,"date":"2026-03-26T13:10:43","date_gmt":"2026-03-26T12:10:43","guid":{"rendered":"https:\/\/premiumkeszulek.hu\/termek\/smeg-wkf01pk-vizforralo-teaskanna-23l-retro-rozsaszin\/"},"modified":"2026-04-13T12:00:16","modified_gmt":"2026-04-13T10:00:16","slug":"smeg-wkf01pk-vizforralo-teaskanna-23l-retro-rozsaszin","status":"publish","type":"product","link":"https:\/\/staging.premiumkeszulek.hu\/en\/product\/smeg-wkf01pk-vizforralo-teaskanna-23l-retro-rozsaszin\/","title":{"rendered":"Smeg WKF01PK v\u00edzforral\u00f3 te\u00e1skanna 2,3L retro r\u00f3zsasz\u00edn"},"content":{"rendered":"<p>Vigyen st\u00edlust napi k\u00e1v\u00e9- vagy tearitu\u00e1l\u00e9j\u00e1ba. Jellegzetes g\u0151zs\u00edpj\u00e1val mindig tudni fogja, mikor k\u00e9sz a v\u00edz, \u00edgy a mindennapok egy kicsit k\u00fcl\u00f6nlegesebbek lesznek.<\/p>\n<p>\u00a0\u00a0\u00a0 Minden f\u0151z\u0151fel\u00fclettel kompatibilis, bele\u00e9rtve az indukci\u00f3t is<br \/>\n\t\u00a0\u00a0\u00a0 M\u00e9rete 2,3 l<br \/>\n\t\u00a0\u00a0\u00a0 Praktikus kifoly\u00f3sapka a forr\u00f3 folyad\u00e9kok biztons\u00e1gos ki\u00f6nt\u00e9s\u00e9hez<\/p>\n<p>A levehet\u0151 fed\u00e9l lehet\u0151v\u00e9 teszi a gyors \u00e9s egyszer\u0171 felt\u00f6lt\u00e9st, m\u00edg a r\u00f6gz\u00edtett egyhang\u00fa s\u00edp t\u00e1j\u00e9koztat, ha a v\u00edz el\u00e9rte a forr\u00e1spontot, \u00edgy biztos\u00edtva a hat\u00e9konys\u00e1got \u00e9s a biztons\u00e1got. Ezenk\u00edv\u00fcl a v\u00edzforral\u00f3 ergonomikus, h\u0171v\u00f6s tapint\u00e1s\u00fa foganty\u00faja cs\u00fasz\u00e1smentes szilikon bevonattal rendelkezik, amely m\u00e9g forr\u00f3n is biztons\u00e1gos \u00e9s k\u00e9nyelmes fog\u00e1st biztos\u00edt.<\/p>\n<p>A term\u00e9k m\u00e9retei HxSzxM (mm): 277x243x205<\/p>\n<p>Rendelhet\u0151 sz\u00ednek:<\/p>\n<p>WKF01CR &#8211; b\u00e9zs<br \/>\n\tWKF01SS &#8211; inox<br \/>\n\tWKF01RD &#8211; piros<br \/>\n\tWKF01BL &#8211; fekete<br \/>\n\tWKF01PK &#8211; r\u00f3zsasz\u00edn<br \/>\n\tWKF01PB &#8211; vil\u00e1gosk\u00e9k<br \/>\n\tWKF01PG &#8211; vil\u00e1gosz\u00f6ld<\/p>\n","protected":false},"excerpt":{"rendered":"<p>Vigyen st\u00edlust napi k\u00e1v\u00e9- vagy tearitu\u00e1l\u00e9j\u00e1ba. Jellegzetes g\u0151zs\u00edpj\u00e1val mindig tudni fogja, mikor k\u00e9sz a v\u00edz, \u00edgy a mindennapok egy kicsit k\u00fcl\u00f6nlegesebbek lesznek. \u00a0\u00a0\u00a0 Minden f\u0151z\u0151fel\u00fclettel kompatibilis, bele\u00e9rtve az indukci\u00f3t is \u00a0\u00a0\u00a0 M\u00e9rete 2,3 l \u00a0\u00a0\u00a0 Praktikus kifoly\u00f3sapka a forr\u00f3 folyad\u00e9kok biztons\u00e1gos ki\u00f6nt\u00e9s\u00e9hez A levehet\u0151 fed\u00e9l lehet\u0151v\u00e9 teszi a gyors \u00e9s egyszer\u0171 felt\u00f6lt\u00e9st, m\u00edg a r\u00f6gz\u00edtett [&hellip;]<\/p>\n","protected":false},"featured_media":79460,"comment_status":"closed","ping_status":"closed","template":"","meta":{"_crdt_document":"","content-type":"","jetpack_post_was_ever_published":false,"jetpack_publicize_message":"","jetpack_publicize_feature_enabled":true,"jetpack_social_post_already_shared":true,"jetpack_social_options":{"image_generator_settings":{"template":"highway","default_image_id":0,"font":"","enabled":false},"version":2},"_wpas_customize_per_network":false},"product_brand":[1634],"product_cat":[5033,5032,5333],"product_tag":[],"woo-feed-brand":[],"class_list":{"0":"post-79461","1":"product","2":"type-product","3":"status-publish","4":"has-post-thumbnail","6":"product_brand-smeg","7":"product_cat-kiskeszulek","8":"product_cat-tobb-kategoria","9":"product_cat-vizforralo","10":"product_shipping_class-100000alatt","12":"first","13":"instock","14":"taxable","15":"shipping-taxable","16":"purchasable","17":"product-type-simple"},"yoast_head":"<!-- This site is optimized with the Yoast SEO Premium plugin v26.9 (Yoast SEO v26.9) - https:\/\/yoast.com\/product\/yoast-seo-premium-wordpress\/ -->\n<title>Smeg WKF01PK v\u00edzforral\u00f3 te\u00e1skanna 2,3L retro r\u00f3zsasz\u00edn - Pr\u00e9miumK\u00e9sz\u00fcl\u00e9k<\/title>\n<meta name=\"robots\" content=\"noindex, follow, max-snippet:-1, max-image-preview:large, max-video-preview:-1\" \/>\n<meta property=\"og:locale\" content=\"en_GB\" \/>\n<meta property=\"og:type\" content=\"article\" \/>\n<meta property=\"og:title\" content=\"Smeg WKF01PK v\u00edzforral\u00f3 te\u00e1skanna 2,3L retro r\u00f3zsasz\u00edn\" \/>\n<meta property=\"og:description\" content=\"Vigyen st\u00edlust napi k\u00e1v\u00e9- vagy tearitu\u00e1l\u00e9j\u00e1ba. Jellegzetes g\u0151zs\u00edpj\u00e1val mindig tudni fogja, mikor k\u00e9sz a v\u00edz, \u00edgy a mindennapok egy kicsit k\u00fcl\u00f6nlegesebbek lesznek. \u00a0\u00a0\u00a0 Minden f\u0151z\u0151fel\u00fclettel kompatibilis, bele\u00e9rtve az indukci\u00f3t is \u00a0\u00a0\u00a0 M\u00e9rete 2,3 l \u00a0\u00a0\u00a0 Praktikus kifoly\u00f3sapka a forr\u00f3 folyad\u00e9kok biztons\u00e1gos ki\u00f6nt\u00e9s\u00e9hez A levehet\u0151 fed\u00e9l lehet\u0151v\u00e9 teszi a gyors \u00e9s egyszer\u0171 felt\u00f6lt\u00e9st, m\u00edg a r\u00f6gz\u00edtett [&hellip;]\" \/>\n<meta property=\"og:url\" content=\"https:\/\/staging.premiumkeszulek.hu\/en\/product\/smeg-wkf01pk-vizforralo-teaskanna-23l-retro-rozsaszin\/\" \/>\n<meta property=\"og:site_name\" content=\"Pr\u00e9miumK\u00e9sz\u00fcl\u00e9k\" \/>\n<meta property=\"article:publisher\" content=\"https:\/\/www.facebook.com\/konyhaluxnet\" \/>\n<meta property=\"article:modified_time\" content=\"2026-04-13T10:00:16+00:00\" \/>\n<meta property=\"og:image\" content=\"https:\/\/i0.wp.com\/staging.premiumkeszulek.hu\/wp-content\/uploads\/2026\/03\/WKF01PK-111.jpg?fit=800%2C800&ssl=1\" \/>\n\t<meta property=\"og:image:width\" content=\"800\" \/>\n\t<meta property=\"og:image:height\" content=\"800\" \/>\n\t<meta property=\"og:image:type\" content=\"image\/jpeg\" \/>\n<meta name=\"twitter:card\" content=\"summary_large_image\" \/>\n<meta name=\"twitter:label1\" content=\"Estimated reading time\" \/>\n\t<meta name=\"twitter:data1\" content=\"1 minute\" \/>\n<script type=\"application\/ld+json\" class=\"yoast-schema-graph\">{\"@context\":\"https:\/\/schema.org\",\"@graph\":[{\"@type\":\"WebPage\",\"@id\":\"https:\/\/staging.premiumkeszulek.hu\/en\/product\/smeg-wkf01pk-vizforralo-teaskanna-23l-retro-rozsaszin\/\",\"url\":\"https:\/\/staging.premiumkeszulek.hu\/en\/product\/smeg-wkf01pk-vizforralo-teaskanna-23l-retro-rozsaszin\/\",\"name\":\"Smeg WKF01PK v\u00edzforral\u00f3 te\u00e1skanna 2,3L retro r\u00f3zsasz\u00edn - Pr\u00e9miumK\u00e9sz\u00fcl\u00e9k\",\"isPartOf\":{\"@id\":\"https:\/\/staging.premiumkeszulek.hu\/hu\/#website\"},\"primaryImageOfPage\":{\"@id\":\"https:\/\/staging.premiumkeszulek.hu\/en\/product\/smeg-wkf01pk-vizforralo-teaskanna-23l-retro-rozsaszin\/#primaryimage\"},\"image\":{\"@id\":\"https:\/\/staging.premiumkeszulek.hu\/en\/product\/smeg-wkf01pk-vizforralo-teaskanna-23l-retro-rozsaszin\/#primaryimage\"},\"thumbnailUrl\":\"https:\/\/i0.wp.com\/staging.premiumkeszulek.hu\/wp-content\/uploads\/2026\/03\/WKF01PK-111.jpg?fit=800%2C800&ssl=1\",\"datePublished\":\"2026-03-26T12:10:43+00:00\",\"dateModified\":\"2026-04-13T10:00:16+00:00\",\"breadcrumb\":{\"@id\":\"https:\/\/staging.premiumkeszulek.hu\/en\/product\/smeg-wkf01pk-vizforralo-teaskanna-23l-retro-rozsaszin\/#breadcrumb\"},\"inLanguage\":\"en-GB\",\"potentialAction\":[{\"@type\":\"ReadAction\",\"target\":[\"https:\/\/staging.premiumkeszulek.hu\/en\/product\/smeg-wkf01pk-vizforralo-teaskanna-23l-retro-rozsaszin\/\"]}]},{\"@type\":\"ImageObject\",\"inLanguage\":\"en-GB\",\"@id\":\"https:\/\/staging.premiumkeszulek.hu\/en\/product\/smeg-wkf01pk-vizforralo-teaskanna-23l-retro-rozsaszin\/#primaryimage\",\"url\":\"https:\/\/i0.wp.com\/staging.premiumkeszulek.hu\/wp-content\/uploads\/2026\/03\/WKF01PK-111.jpg?fit=800%2C800&ssl=1\",\"contentUrl\":\"https:\/\/i0.wp.com\/staging.premiumkeszulek.hu\/wp-content\/uploads\/2026\/03\/WKF01PK-111.jpg?fit=800%2C800&ssl=1\",\"width\":800,\"height\":800},{\"@type\":\"BreadcrumbList\",\"@id\":\"https:\/\/staging.premiumkeszulek.hu\/en\/product\/smeg-wkf01pk-vizforralo-teaskanna-23l-retro-rozsaszin\/#breadcrumb\",\"itemListElement\":[{\"@type\":\"ListItem\",\"position\":1,\"name\":\"Home\",\"item\":\"https:\/\/staging.premiumkeszulek.hu\/hu\/\"},{\"@type\":\"ListItem\",\"position\":2,\"name\":\"Shop\",\"item\":\"https:\/\/staging.premiumkeszulek.hu\/hu\/shop\/\"},{\"@type\":\"ListItem\",\"position\":3,\"name\":\"Smeg WKF01PK v\u00edzforral\u00f3 te\u00e1skanna 2,3L retro r\u00f3zsasz\u00edn\"}]},{\"@type\":\"WebSite\",\"@id\":\"https:\/\/staging.premiumkeszulek.hu\/hu\/#website\",\"url\":\"https:\/\/staging.premiumkeszulek.hu\/hu\/\",\"name\":\"Pr\u00e9miumK\u00e9sz\u00fcl\u00e9k\",\"description\":\"\",\"publisher\":{\"@id\":\"https:\/\/staging.premiumkeszulek.hu\/hu\/#organization\"},\"potentialAction\":[{\"@type\":\"SearchAction\",\"target\":{\"@type\":\"EntryPoint\",\"urlTemplate\":\"https:\/\/staging.premiumkeszulek.hu\/hu\/?s={search_term_string}\"},\"query-input\":{\"@type\":\"PropertyValueSpecification\",\"valueRequired\":true,\"valueName\":\"search_term_string\"}}],\"inLanguage\":\"en-GB\"},{\"@type\":\"Organization\",\"@id\":\"https:\/\/staging.premiumkeszulek.hu\/hu\/#organization\",\"name\":\"Pr\u00e9miumK\u00e9sz\u00fcl\u00e9k\",\"alternateName\":\"HPH Special Kft\",\"url\":\"https:\/\/staging.premiumkeszulek.hu\/hu\/\",\"logo\":{\"@type\":\"ImageObject\",\"inLanguage\":\"en-GB\",\"@id\":\"https:\/\/staging.premiumkeszulek.hu\/hu\/#\/schema\/logo\/image\/\",\"url\":\"https:\/\/staging.premiumkeszulek.hu\/wp-content\/uploads\/2025\/03\/TURKIZLOGO-kicsi.png\",\"contentUrl\":\"https:\/\/staging.premiumkeszulek.hu\/wp-content\/uploads\/2025\/03\/TURKIZLOGO-kicsi.png\",\"width\":1600,\"height\":547,\"caption\":\"Pr\u00e9miumK\u00e9sz\u00fcl\u00e9k\"},\"image\":{\"@id\":\"https:\/\/staging.premiumkeszulek.hu\/hu\/#\/schema\/logo\/image\/\"},\"sameAs\":[\"https:\/\/www.facebook.com\/konyhaluxnet\",\"https:\/\/www.instagram.com\/konyhaluxnet\/#\"],\"email\":\"info@premiumkeszulek.hu\",\"telephone\":\"36 1 \/ 226-1992\",\"legalName\":\"HPH Special Kft\",\"vatID\":\"HU12549502\",\"taxID\":\"12549502\"}]}<\/script>\n<!-- \/ Yoast SEO Premium plugin. -->","yoast_head_json":{"title":"Smeg WKF01PK v\u00edzforral\u00f3 te\u00e1skanna 2,3L retro r\u00f3zsasz\u00edn - Pr\u00e9miumK\u00e9sz\u00fcl\u00e9k","robots":{"index":"noindex","follow":"follow","max-snippet":"max-snippet:-1","max-image-preview":"max-image-preview:large","max-video-preview":"max-video-preview:-1"},"og_locale":"en_GB","og_type":"article","og_title":"Smeg WKF01PK v\u00edzforral\u00f3 te\u00e1skanna 2,3L retro r\u00f3zsasz\u00edn","og_description":"Vigyen st\u00edlust napi k\u00e1v\u00e9- vagy tearitu\u00e1l\u00e9j\u00e1ba. Jellegzetes g\u0151zs\u00edpj\u00e1val mindig tudni fogja, mikor k\u00e9sz a v\u00edz, \u00edgy a mindennapok egy kicsit k\u00fcl\u00f6nlegesebbek lesznek. \u00a0\u00a0\u00a0 Minden f\u0151z\u0151fel\u00fclettel kompatibilis, bele\u00e9rtve az indukci\u00f3t is \u00a0\u00a0\u00a0 M\u00e9rete 2,3 l \u00a0\u00a0\u00a0 Praktikus kifoly\u00f3sapka a forr\u00f3 folyad\u00e9kok biztons\u00e1gos ki\u00f6nt\u00e9s\u00e9hez A levehet\u0151 fed\u00e9l lehet\u0151v\u00e9 teszi a gyors \u00e9s egyszer\u0171 felt\u00f6lt\u00e9st, m\u00edg a r\u00f6gz\u00edtett [&hellip;]","og_url":"https:\/\/staging.premiumkeszulek.hu\/en\/product\/smeg-wkf01pk-vizforralo-teaskanna-23l-retro-rozsaszin\/","og_site_name":"Pr\u00e9miumK\u00e9sz\u00fcl\u00e9k","article_publisher":"https:\/\/www.facebook.com\/konyhaluxnet","article_modified_time":"2026-04-13T10:00:16+00:00","og_image":[{"width":800,"height":800,"url":"https:\/\/i0.wp.com\/staging.premiumkeszulek.hu\/wp-content\/uploads\/2026\/03\/WKF01PK-111.jpg?fit=800%2C800&ssl=1","type":"image\/jpeg"}],"twitter_card":"summary_large_image","twitter_misc":{"Estimated reading time":"1 minute"},"schema":{"@context":"https:\/\/schema.org","@graph":[{"@type":"WebPage","@id":"https:\/\/staging.premiumkeszulek.hu\/en\/product\/smeg-wkf01pk-vizforralo-teaskanna-23l-retro-rozsaszin\/","url":"https:\/\/staging.premiumkeszulek.hu\/en\/product\/smeg-wkf01pk-vizforralo-teaskanna-23l-retro-rozsaszin\/","name":"Smeg WKF01PK v\u00edzforral\u00f3 te\u00e1skanna 2,3L retro r\u00f3zsasz\u00edn - Pr\u00e9miumK\u00e9sz\u00fcl\u00e9k","isPartOf":{"@id":"https:\/\/staging.premiumkeszulek.hu\/hu\/#website"},"primaryImageOfPage":{"@id":"https:\/\/staging.premiumkeszulek.hu\/en\/product\/smeg-wkf01pk-vizforralo-teaskanna-23l-retro-rozsaszin\/#primaryimage"},"image":{"@id":"https:\/\/staging.premiumkeszulek.hu\/en\/product\/smeg-wkf01pk-vizforralo-teaskanna-23l-retro-rozsaszin\/#primaryimage"},"thumbnailUrl":"https:\/\/i0.wp.com\/staging.premiumkeszulek.hu\/wp-content\/uploads\/2026\/03\/WKF01PK-111.jpg?fit=800%2C800&ssl=1","datePublished":"2026-03-26T12:10:43+00:00","dateModified":"2026-04-13T10:00:16+00:00","breadcrumb":{"@id":"https:\/\/staging.premiumkeszulek.hu\/en\/product\/smeg-wkf01pk-vizforralo-teaskanna-23l-retro-rozsaszin\/#breadcrumb"},"inLanguage":"en-GB","potentialAction":[{"@type":"ReadAction","target":["https:\/\/staging.premiumkeszulek.hu\/en\/product\/smeg-wkf01pk-vizforralo-teaskanna-23l-retro-rozsaszin\/"]}]},{"@type":"ImageObject","inLanguage":"en-GB","@id":"https:\/\/staging.premiumkeszulek.hu\/en\/product\/smeg-wkf01pk-vizforralo-teaskanna-23l-retro-rozsaszin\/#primaryimage","url":"https:\/\/i0.wp.com\/staging.premiumkeszulek.hu\/wp-content\/uploads\/2026\/03\/WKF01PK-111.jpg?fit=800%2C800&ssl=1","contentUrl":"https:\/\/i0.wp.com\/staging.premiumkeszulek.hu\/wp-content\/uploads\/2026\/03\/WKF01PK-111.jpg?fit=800%2C800&ssl=1","width":800,"height":800},{"@type":"BreadcrumbList","@id":"https:\/\/staging.premiumkeszulek.hu\/en\/product\/smeg-wkf01pk-vizforralo-teaskanna-23l-retro-rozsaszin\/#breadcrumb","itemListElement":[{"@type":"ListItem","position":1,"name":"Home","item":"https:\/\/staging.premiumkeszulek.hu\/hu\/"},{"@type":"ListItem","position":2,"name":"Shop","item":"https:\/\/staging.premiumkeszulek.hu\/hu\/shop\/"},{"@type":"ListItem","position":3,"name":"Smeg WKF01PK v\u00edzforral\u00f3 te\u00e1skanna 2,3L retro r\u00f3zsasz\u00edn"}]},{"@type":"WebSite","@id":"https:\/\/staging.premiumkeszulek.hu\/hu\/#website","url":"https:\/\/staging.premiumkeszulek.hu\/hu\/","name":"Pr\u00e9miumK\u00e9sz\u00fcl\u00e9k","description":"","publisher":{"@id":"https:\/\/staging.premiumkeszulek.hu\/hu\/#organization"},"potentialAction":[{"@type":"SearchAction","target":{"@type":"EntryPoint","urlTemplate":"https:\/\/staging.premiumkeszulek.hu\/hu\/?s={search_term_string}"},"query-input":{"@type":"PropertyValueSpecification","valueRequired":true,"valueName":"search_term_string"}}],"inLanguage":"en-GB"},{"@type":"Organization","@id":"https:\/\/staging.premiumkeszulek.hu\/hu\/#organization","name":"Pr\u00e9miumK\u00e9sz\u00fcl\u00e9k","alternateName":"HPH Special Kft","url":"https:\/\/staging.premiumkeszulek.hu\/hu\/","logo":{"@type":"ImageObject","inLanguage":"en-GB","@id":"https:\/\/staging.premiumkeszulek.hu\/hu\/#\/schema\/logo\/image\/","url":"https:\/\/staging.premiumkeszulek.hu\/wp-content\/uploads\/2025\/03\/TURKIZLOGO-kicsi.png","contentUrl":"https:\/\/staging.premiumkeszulek.hu\/wp-content\/uploads\/2025\/03\/TURKIZLOGO-kicsi.png","width":1600,"height":547,"caption":"Pr\u00e9miumK\u00e9sz\u00fcl\u00e9k"},"image":{"@id":"https:\/\/staging.premiumkeszulek.hu\/hu\/#\/schema\/logo\/image\/"},"sameAs":["https:\/\/www.facebook.com\/konyhaluxnet","https:\/\/www.instagram.com\/konyhaluxnet\/#"],"email":"info@premiumkeszulek.hu","telephone":"36 1 \/ 226-1992","legalName":"HPH Special Kft","vatID":"HU12549502","taxID":"12549502"}]}},"jetpack_publicize_connections":[],"jetpack_likes_enabled":true,"jetpack_sharing_enabled":true,"jetpack-related-posts":[],"_links":{"self":[{"href":"https:\/\/staging.premiumkeszulek.hu\/en\/wp-json\/wp\/v2\/product\/79461","targetHints":{"allow":["GET"]}}],"collection":[{"href":"https:\/\/staging.premiumkeszulek.hu\/en\/wp-json\/wp\/v2\/product"}],"about":[{"href":"https:\/\/staging.premiumkeszulek.hu\/en\/wp-json\/wp\/v2\/types\/product"}],"replies":[{"embeddable":true,"href":"https:\/\/staging.premiumkeszulek.hu\/en\/wp-json\/wp\/v2\/comments?post=79461"}],"wp:featuredmedia":[{"embeddable":true,"href":"https:\/\/staging.premiumkeszulek.hu\/en\/wp-json\/wp\/v2\/media\/79460"}],"wp:attachment":[{"href":"https:\/\/staging.premiumkeszulek.hu\/en\/wp-json\/wp\/v2\/media?parent=79461"}],"wp:term":[{"taxonomy":"product_brand","embeddable":true,"href":"https:\/\/staging.premiumkeszulek.hu\/en\/wp-json\/wp\/v2\/product_brand?post=79461"},{"taxonomy":"product_cat","embeddable":true,"href":"https:\/\/staging.premiumkeszulek.hu\/en\/wp-json\/wp\/v2\/product_cat?post=79461"},{"taxonomy":"product_tag","embeddable":true,"href":"https:\/\/staging.premiumkeszulek.hu\/en\/wp-json\/wp\/v2\/product_tag?post=79461"},{"taxonomy":"woo-feed-brand","embeddable":true,"href":"https:\/\/staging.premiumkeszulek.hu\/en\/wp-json\/wp\/v2\/woo-feed-brand?post=79461"}],"curies":[{"name":"wp","href":"https:\/\/api.w.org\/{rel}","templated":true}]}}