{"id":78149,"date":"2026-03-03T21:05:53","date_gmt":"2026-03-03T20:05:53","guid":{"rendered":"https:\/\/premiumkeszulek.hu\/product\/bosch-dbb63bc60-beepitheto-paraelszivo-60cm-fekete-serie2\/"},"modified":"2026-04-13T11:55:16","modified_gmt":"2026-04-13T09:55:16","slug":"bosch-dbb63bc60-beepitheto-paraelszivo-60cm-fekete-serie2","status":"publish","type":"product","link":"https:\/\/staging.premiumkeszulek.hu\/en\/product\/bosch-dbb63bc60-beepitheto-paraelszivo-60cm-fekete-serie2\/","title":{"rendered":"Bosch DBB63BC60 be\u00e9p\u00edthet\u0151 p\u00e1raelsz\u00edv\u00f3 60cm fekete Serie2"},"content":{"rendered":"<div class=\"loadbeeTabContent\" data-loadbee-apikey=\"bVxDWaSdseFz5PWWtvKmAkGr88n6WXYY\" data-loadbee-gtin=\"4242005527328\n\" data-loadbee-locale=\"hu_HU\">\u00a0\n<\/div>\n<p><script async src=\"https:\/\/cdn.loadbee.com\/js\/loadbee_integration.js\"><\/script><script type=\"text\/javascript\"\nsrc=\"https:\/\/tracking.channelsight.com\/api\/tracking\/v2\/Init\">\n<\/script><\/p>\n","protected":false},"excerpt":{"rendered":"<p>Maxim\u00e1lis t\u00e1rol\u00f3hely: a T-alak\u00fa diz\u00e1jn rengeteg helyet biztos\u00edt, ak\u00e1r 20 kg terhel\u00e9ssel.<br \/>\n\t\u00a0 \u00a0 Z\u00f6kken\u0151mentes be\u00e9p\u00edt\u00e9s: be\u00e9p\u00edtett telep\u00edt\u00e9s a letisztult, szinte l\u00e1thatatlan megjelen\u00e9s\u00e9rt.<br \/>\n\t\u00a0 \u00a0 Nyom\u00f3gombos vez\u00e9rl\u00e9s: egyszer\u0171 \u00e9s k\u00e9nyelmes kezel\u00e9s a p\u00e1raelsz\u00edv\u00f3hoz.<br \/>\n\t\u00a0 \u00a0 Dupla sz\u0171r\u0151rendszer: hat\u00e9kony \u00e9s tart\u00f3s leveg\u0151- \u00e9s szagelsz\u00edv\u00e1s.<br \/>\n\t\u00a0 \u00a0 K\u00f6nny\u0171 \u00e9s sokoldal\u00fa be\u00e9p\u00edt\u00e9s: egyszer\u0171en, egy szem\u00e9ly \u00e1ltal is telep\u00edthet\u0151, sokf\u00e9le elrendez\u00e9si lehet\u0151s\u00e9ggel.<\/p>\n<p>Kivezet\u00e9ses \u00fczemm\u00f3d:<br \/>\n\tAz EN 61591 \u00e9s EN\/IEC 60704-2-13 szabv\u00e1nyok szerint k\u00e9sz\u00fcl\u00e9ke a k\u00f6vetkez\u0151 \u00e9rt\u00e9keket \u00e9rheti el kivezet\u00e9ses \u00fczemm\u00f3dban:<br \/>\n\t1-es fokozat: Elsz\u00edv\u00e1si teljes\u00edtm\u00e9ny 174 m3\/h; Zajszint 49 dB(A) re1pW<br \/>\n\t2-es fokozat:Elsz\u00edv\u00e1si teljes\u00edtm\u00e9ny 246 m3\/h; Zajszint 57 dB(A) re1pW\u00a0<br \/>\n\t3-as fokozat: Elsz\u00edv\u00e1si teljes\u00edtm\u00e9ny 384 m3\/h; Zajszint\u00a0 65 dB (A) re1pW<br \/>\n\tEnergiahat\u00e9konys\u00e1gi oszt\u00e1ly: D<br \/>\n\t\u00c1tlagos \u00e9ves energiafogyaszt\u00e1s: 56.1 kWh\/\u00e9v<br \/>\n\tHidrodinamikai hat\u00e9konys\u00e1g: E*<br \/>\n\tMegvil\u00e1g\u00edt\u00e1si hat\u00e9konys\u00e1g: A<br \/>\n\tZs\u00edrkisz\u0171r\u00e9si hat\u00e9konys\u00e1g: B<\/p>\n<p>\tBels\u0151 keringtet\u00e9ses \u00fczemm\u00f3d:<br \/>\n\tBels\u0151 keringet\u00e9ses \u00fczemm\u00f3dhoz sz\u00fcks\u00e9ges a hossz\u00fa \u00e9lettartam\u00fa CleanAir sz\u0171r\u0151 k\u00e9szlet (kieg\u00e9sz\u00edt\u0151)<br \/>\n\tA Long-life CleanAir szagsz\u0171r\u0151 elnyeli az intenz\u00edv szagokat, p\u00e9ld\u00e1ul a hal szag\u00e1t, valamint a pollent is. A sz\u0171r\u0151 \u00e9lettartama ak\u00e1r n\u00e9gyszeres\u00e9re is meghosszabb\u00edthat\u00f3, ha a s\u00fct\u0151ben regener\u00e1lj\u00e1k.<br \/>\n\tAz EN 61591 \u00e9s EN\/IEC 60704-2-13 szabv\u00e1nyok szerint k\u00e9sz\u00fcl\u00e9ke a k\u00f6vetkez\u0151 \u00e9rt\u00e9keket \u00e9rheti el bels\u0151 keringet\u00e9tes \u00fczemm\u00f3dban a Long-life CleanAir k\u00e9szlettel (opcion\u00e1lis kieg\u00e9sz\u00edt\u0151k\u00e9nt kaphat\u00f3):<br \/>\n\t1-es fokozat: Elsz\u00edv\u00e1si teljes\u00edtm\u00e9ny: 140 m3\/h; Zajszint: 49 dB(A) re1pW<br \/>\n\t2-es fokozat: Elsz\u00edv\u00e1si teljes\u00edtm\u00e9ny 212 m3\/h; Zajszint:59 dB(A) re1pW<br \/>\n\t3-as fokozat: Elsz\u00edv\u00e1si teljes\u00edtm\u00e9ny 291 m3\/h; Zajszint: 66 dB (A) re1pW<\/p>\n","protected":false},"featured_media":78148,"comment_status":"closed","ping_status":"closed","template":"","meta":{"_crdt_document":"","content-type":"","jetpack_post_was_ever_published":false,"jetpack_publicize_message":"","jetpack_publicize_feature_enabled":true,"jetpack_social_post_already_shared":true,"jetpack_social_options":{"image_generator_settings":{"template":"highway","default_image_id":0,"font":"","enabled":false},"version":2},"_wpas_customize_per_network":false},"product_brand":[9058],"product_cat":[1525],"product_tag":[],"woo-feed-brand":[],"class_list":{"0":"post-78149","1":"product","2":"type-product","3":"status-publish","4":"has-post-thumbnail","6":"product_brand-bosch","7":"product_cat-paraelszivok","8":"product_shipping_class-100000felett","10":"first","11":"instock","12":"taxable","13":"shipping-taxable","14":"purchasable","15":"product-type-simple"},"yoast_head":"<!-- This site is optimized with the Yoast SEO Premium plugin v26.9 (Yoast SEO v26.9) - https:\/\/yoast.com\/product\/yoast-seo-premium-wordpress\/ -->\n<title>Bosch DBB63BC60 be\u00e9p\u00edthet\u0151 p\u00e1raelsz\u00edv\u00f3 60cm fekete Serie2 - Pr\u00e9miumK\u00e9sz\u00fcl\u00e9k<\/title>\n<meta name=\"description\" content=\"Optimaliz\u00e1lja konyh\u00e1j\u00e1t a Bosch DBB63BC60 be\u00e9p\u00edthet\u0151 p\u00e1raelsz\u00edv\u00f3val, amely egyszer\u0171 be\u00e9p\u00edt\u00e9st \u00e9s kiv\u00e1l\u00f3 teljes\u00edtm\u00e9nyt ny\u00fajt. V\u00e1s\u00e1roljon most!\" \/>\n<meta name=\"robots\" content=\"noindex, follow, max-snippet:-1, max-image-preview:large, max-video-preview:-1\" \/>\n<meta property=\"og:locale\" content=\"en_GB\" \/>\n<meta property=\"og:type\" content=\"article\" \/>\n<meta property=\"og:title\" content=\"Bosch DBB63BC60 be\u00e9p\u00edthet\u0151 p\u00e1raelsz\u00edv\u00f3 60cm fekete Serie2\" \/>\n<meta property=\"og:description\" content=\"Optimaliz\u00e1lja konyh\u00e1j\u00e1t a Bosch DBB63BC60 be\u00e9p\u00edthet\u0151 p\u00e1raelsz\u00edv\u00f3val, amely egyszer\u0171 be\u00e9p\u00edt\u00e9st \u00e9s kiv\u00e1l\u00f3 teljes\u00edtm\u00e9nyt ny\u00fajt. V\u00e1s\u00e1roljon most!\" \/>\n<meta property=\"og:url\" content=\"https:\/\/staging.premiumkeszulek.hu\/en\/product\/bosch-dbb63bc60-beepitheto-paraelszivo-60cm-fekete-serie2\/\" \/>\n<meta property=\"og:site_name\" content=\"Pr\u00e9miumK\u00e9sz\u00fcl\u00e9k\" \/>\n<meta property=\"article:publisher\" content=\"https:\/\/www.facebook.com\/konyhaluxnet\" \/>\n<meta property=\"article:modified_time\" content=\"2026-04-13T09:55:16+00:00\" \/>\n<meta property=\"og:image\" content=\"https:\/\/i0.wp.com\/staging.premiumkeszulek.hu\/wp-content\/uploads\/2026\/03\/DBB63BC60-111.jpg?fit=800%2C800&ssl=1\" \/>\n\t<meta property=\"og:image:width\" content=\"800\" \/>\n\t<meta property=\"og:image:height\" content=\"800\" \/>\n\t<meta property=\"og:image:type\" content=\"image\/jpeg\" \/>\n<meta name=\"twitter:card\" content=\"summary_large_image\" \/>\n<meta name=\"twitter:label1\" content=\"Estimated reading time\" \/>\n\t<meta name=\"twitter:data1\" content=\"4 minutes\" \/>\n<script type=\"application\/ld+json\" class=\"yoast-schema-graph\">{\"@context\":\"https:\/\/schema.org\",\"@graph\":[{\"@type\":\"WebPage\",\"@id\":\"https:\/\/staging.premiumkeszulek.hu\/en\/product\/bosch-dbb63bc60-beepitheto-paraelszivo-60cm-fekete-serie2\/\",\"url\":\"https:\/\/staging.premiumkeszulek.hu\/en\/product\/bosch-dbb63bc60-beepitheto-paraelszivo-60cm-fekete-serie2\/\",\"name\":\"Bosch DBB63BC60 be\u00e9p\u00edthet\u0151 p\u00e1raelsz\u00edv\u00f3 60cm fekete Serie2 - Pr\u00e9miumK\u00e9sz\u00fcl\u00e9k\",\"isPartOf\":{\"@id\":\"https:\/\/staging.premiumkeszulek.hu\/hu\/#website\"},\"primaryImageOfPage\":{\"@id\":\"https:\/\/staging.premiumkeszulek.hu\/en\/product\/bosch-dbb63bc60-beepitheto-paraelszivo-60cm-fekete-serie2\/#primaryimage\"},\"image\":{\"@id\":\"https:\/\/staging.premiumkeszulek.hu\/en\/product\/bosch-dbb63bc60-beepitheto-paraelszivo-60cm-fekete-serie2\/#primaryimage\"},\"thumbnailUrl\":\"https:\/\/i0.wp.com\/staging.premiumkeszulek.hu\/wp-content\/uploads\/2026\/03\/DBB63BC60-111.jpg?fit=800%2C800&ssl=1\",\"datePublished\":\"2026-03-03T20:05:53+00:00\",\"dateModified\":\"2026-04-13T09:55:16+00:00\",\"description\":\"Optimaliz\u00e1lja konyh\u00e1j\u00e1t a Bosch DBB63BC60 be\u00e9p\u00edthet\u0151 p\u00e1raelsz\u00edv\u00f3val, amely egyszer\u0171 be\u00e9p\u00edt\u00e9st \u00e9s kiv\u00e1l\u00f3 teljes\u00edtm\u00e9nyt ny\u00fajt. V\u00e1s\u00e1roljon most!\",\"breadcrumb\":{\"@id\":\"https:\/\/staging.premiumkeszulek.hu\/en\/product\/bosch-dbb63bc60-beepitheto-paraelszivo-60cm-fekete-serie2\/#breadcrumb\"},\"inLanguage\":\"en-GB\",\"potentialAction\":[{\"@type\":\"ReadAction\",\"target\":[\"https:\/\/staging.premiumkeszulek.hu\/en\/product\/bosch-dbb63bc60-beepitheto-paraelszivo-60cm-fekete-serie2\/\"]}]},{\"@type\":\"ImageObject\",\"inLanguage\":\"en-GB\",\"@id\":\"https:\/\/staging.premiumkeszulek.hu\/en\/product\/bosch-dbb63bc60-beepitheto-paraelszivo-60cm-fekete-serie2\/#primaryimage\",\"url\":\"https:\/\/i0.wp.com\/staging.premiumkeszulek.hu\/wp-content\/uploads\/2026\/03\/DBB63BC60-111.jpg?fit=800%2C800&ssl=1\",\"contentUrl\":\"https:\/\/i0.wp.com\/staging.premiumkeszulek.hu\/wp-content\/uploads\/2026\/03\/DBB63BC60-111.jpg?fit=800%2C800&ssl=1\",\"width\":800,\"height\":800},{\"@type\":\"BreadcrumbList\",\"@id\":\"https:\/\/staging.premiumkeszulek.hu\/en\/product\/bosch-dbb63bc60-beepitheto-paraelszivo-60cm-fekete-serie2\/#breadcrumb\",\"itemListElement\":[{\"@type\":\"ListItem\",\"position\":1,\"name\":\"Home\",\"item\":\"https:\/\/staging.premiumkeszulek.hu\/hu\/\"},{\"@type\":\"ListItem\",\"position\":2,\"name\":\"Shop\",\"item\":\"https:\/\/staging.premiumkeszulek.hu\/hu\/shop\/\"},{\"@type\":\"ListItem\",\"position\":3,\"name\":\"Bosch DBB63BC60 be\u00e9p\u00edthet\u0151 p\u00e1raelsz\u00edv\u00f3 60cm fekete Serie2\"}]},{\"@type\":\"WebSite\",\"@id\":\"https:\/\/staging.premiumkeszulek.hu\/hu\/#website\",\"url\":\"https:\/\/staging.premiumkeszulek.hu\/hu\/\",\"name\":\"Pr\u00e9miumK\u00e9sz\u00fcl\u00e9k\",\"description\":\"\",\"publisher\":{\"@id\":\"https:\/\/staging.premiumkeszulek.hu\/hu\/#organization\"},\"potentialAction\":[{\"@type\":\"SearchAction\",\"target\":{\"@type\":\"EntryPoint\",\"urlTemplate\":\"https:\/\/staging.premiumkeszulek.hu\/hu\/?s={search_term_string}\"},\"query-input\":{\"@type\":\"PropertyValueSpecification\",\"valueRequired\":true,\"valueName\":\"search_term_string\"}}],\"inLanguage\":\"en-GB\"},{\"@type\":\"Organization\",\"@id\":\"https:\/\/staging.premiumkeszulek.hu\/hu\/#organization\",\"name\":\"Pr\u00e9miumK\u00e9sz\u00fcl\u00e9k\",\"alternateName\":\"HPH Special Kft\",\"url\":\"https:\/\/staging.premiumkeszulek.hu\/hu\/\",\"logo\":{\"@type\":\"ImageObject\",\"inLanguage\":\"en-GB\",\"@id\":\"https:\/\/staging.premiumkeszulek.hu\/hu\/#\/schema\/logo\/image\/\",\"url\":\"https:\/\/staging.premiumkeszulek.hu\/wp-content\/uploads\/2025\/03\/TURKIZLOGO-kicsi.png\",\"contentUrl\":\"https:\/\/staging.premiumkeszulek.hu\/wp-content\/uploads\/2025\/03\/TURKIZLOGO-kicsi.png\",\"width\":1600,\"height\":547,\"caption\":\"Pr\u00e9miumK\u00e9sz\u00fcl\u00e9k\"},\"image\":{\"@id\":\"https:\/\/staging.premiumkeszulek.hu\/hu\/#\/schema\/logo\/image\/\"},\"sameAs\":[\"https:\/\/www.facebook.com\/konyhaluxnet\",\"https:\/\/www.instagram.com\/konyhaluxnet\/#\"],\"email\":\"info@premiumkeszulek.hu\",\"telephone\":\"36 1 \/ 226-1992\",\"legalName\":\"HPH Special Kft\",\"vatID\":\"HU12549502\",\"taxID\":\"12549502\"}]}<\/script>\n<!-- \/ Yoast SEO Premium plugin. -->","yoast_head_json":{"title":"Bosch DBB63BC60 be\u00e9p\u00edthet\u0151 p\u00e1raelsz\u00edv\u00f3 60cm fekete Serie2 - Pr\u00e9miumK\u00e9sz\u00fcl\u00e9k","description":"Optimaliz\u00e1lja konyh\u00e1j\u00e1t a Bosch DBB63BC60 be\u00e9p\u00edthet\u0151 p\u00e1raelsz\u00edv\u00f3val, amely egyszer\u0171 be\u00e9p\u00edt\u00e9st \u00e9s kiv\u00e1l\u00f3 teljes\u00edtm\u00e9nyt ny\u00fajt. V\u00e1s\u00e1roljon most!","robots":{"index":"noindex","follow":"follow","max-snippet":"max-snippet:-1","max-image-preview":"max-image-preview:large","max-video-preview":"max-video-preview:-1"},"og_locale":"en_GB","og_type":"article","og_title":"Bosch DBB63BC60 be\u00e9p\u00edthet\u0151 p\u00e1raelsz\u00edv\u00f3 60cm fekete Serie2","og_description":"Optimaliz\u00e1lja konyh\u00e1j\u00e1t a Bosch DBB63BC60 be\u00e9p\u00edthet\u0151 p\u00e1raelsz\u00edv\u00f3val, amely egyszer\u0171 be\u00e9p\u00edt\u00e9st \u00e9s kiv\u00e1l\u00f3 teljes\u00edtm\u00e9nyt ny\u00fajt. V\u00e1s\u00e1roljon most!","og_url":"https:\/\/staging.premiumkeszulek.hu\/en\/product\/bosch-dbb63bc60-beepitheto-paraelszivo-60cm-fekete-serie2\/","og_site_name":"Pr\u00e9miumK\u00e9sz\u00fcl\u00e9k","article_publisher":"https:\/\/www.facebook.com\/konyhaluxnet","article_modified_time":"2026-04-13T09:55:16+00:00","og_image":[{"width":800,"height":800,"url":"https:\/\/i0.wp.com\/staging.premiumkeszulek.hu\/wp-content\/uploads\/2026\/03\/DBB63BC60-111.jpg?fit=800%2C800&ssl=1","type":"image\/jpeg"}],"twitter_card":"summary_large_image","twitter_misc":{"Estimated reading time":"4 minutes"},"schema":{"@context":"https:\/\/schema.org","@graph":[{"@type":"WebPage","@id":"https:\/\/staging.premiumkeszulek.hu\/en\/product\/bosch-dbb63bc60-beepitheto-paraelszivo-60cm-fekete-serie2\/","url":"https:\/\/staging.premiumkeszulek.hu\/en\/product\/bosch-dbb63bc60-beepitheto-paraelszivo-60cm-fekete-serie2\/","name":"Bosch DBB63BC60 be\u00e9p\u00edthet\u0151 p\u00e1raelsz\u00edv\u00f3 60cm fekete Serie2 - Pr\u00e9miumK\u00e9sz\u00fcl\u00e9k","isPartOf":{"@id":"https:\/\/staging.premiumkeszulek.hu\/hu\/#website"},"primaryImageOfPage":{"@id":"https:\/\/staging.premiumkeszulek.hu\/en\/product\/bosch-dbb63bc60-beepitheto-paraelszivo-60cm-fekete-serie2\/#primaryimage"},"image":{"@id":"https:\/\/staging.premiumkeszulek.hu\/en\/product\/bosch-dbb63bc60-beepitheto-paraelszivo-60cm-fekete-serie2\/#primaryimage"},"thumbnailUrl":"https:\/\/i0.wp.com\/staging.premiumkeszulek.hu\/wp-content\/uploads\/2026\/03\/DBB63BC60-111.jpg?fit=800%2C800&ssl=1","datePublished":"2026-03-03T20:05:53+00:00","dateModified":"2026-04-13T09:55:16+00:00","description":"Optimaliz\u00e1lja konyh\u00e1j\u00e1t a Bosch DBB63BC60 be\u00e9p\u00edthet\u0151 p\u00e1raelsz\u00edv\u00f3val, amely egyszer\u0171 be\u00e9p\u00edt\u00e9st \u00e9s kiv\u00e1l\u00f3 teljes\u00edtm\u00e9nyt ny\u00fajt. V\u00e1s\u00e1roljon most!","breadcrumb":{"@id":"https:\/\/staging.premiumkeszulek.hu\/en\/product\/bosch-dbb63bc60-beepitheto-paraelszivo-60cm-fekete-serie2\/#breadcrumb"},"inLanguage":"en-GB","potentialAction":[{"@type":"ReadAction","target":["https:\/\/staging.premiumkeszulek.hu\/en\/product\/bosch-dbb63bc60-beepitheto-paraelszivo-60cm-fekete-serie2\/"]}]},{"@type":"ImageObject","inLanguage":"en-GB","@id":"https:\/\/staging.premiumkeszulek.hu\/en\/product\/bosch-dbb63bc60-beepitheto-paraelszivo-60cm-fekete-serie2\/#primaryimage","url":"https:\/\/i0.wp.com\/staging.premiumkeszulek.hu\/wp-content\/uploads\/2026\/03\/DBB63BC60-111.jpg?fit=800%2C800&ssl=1","contentUrl":"https:\/\/i0.wp.com\/staging.premiumkeszulek.hu\/wp-content\/uploads\/2026\/03\/DBB63BC60-111.jpg?fit=800%2C800&ssl=1","width":800,"height":800},{"@type":"BreadcrumbList","@id":"https:\/\/staging.premiumkeszulek.hu\/en\/product\/bosch-dbb63bc60-beepitheto-paraelszivo-60cm-fekete-serie2\/#breadcrumb","itemListElement":[{"@type":"ListItem","position":1,"name":"Home","item":"https:\/\/staging.premiumkeszulek.hu\/hu\/"},{"@type":"ListItem","position":2,"name":"Shop","item":"https:\/\/staging.premiumkeszulek.hu\/hu\/shop\/"},{"@type":"ListItem","position":3,"name":"Bosch DBB63BC60 be\u00e9p\u00edthet\u0151 p\u00e1raelsz\u00edv\u00f3 60cm fekete Serie2"}]},{"@type":"WebSite","@id":"https:\/\/staging.premiumkeszulek.hu\/hu\/#website","url":"https:\/\/staging.premiumkeszulek.hu\/hu\/","name":"Pr\u00e9miumK\u00e9sz\u00fcl\u00e9k","description":"","publisher":{"@id":"https:\/\/staging.premiumkeszulek.hu\/hu\/#organization"},"potentialAction":[{"@type":"SearchAction","target":{"@type":"EntryPoint","urlTemplate":"https:\/\/staging.premiumkeszulek.hu\/hu\/?s={search_term_string}"},"query-input":{"@type":"PropertyValueSpecification","valueRequired":true,"valueName":"search_term_string"}}],"inLanguage":"en-GB"},{"@type":"Organization","@id":"https:\/\/staging.premiumkeszulek.hu\/hu\/#organization","name":"Pr\u00e9miumK\u00e9sz\u00fcl\u00e9k","alternateName":"HPH Special Kft","url":"https:\/\/staging.premiumkeszulek.hu\/hu\/","logo":{"@type":"ImageObject","inLanguage":"en-GB","@id":"https:\/\/staging.premiumkeszulek.hu\/hu\/#\/schema\/logo\/image\/","url":"https:\/\/staging.premiumkeszulek.hu\/wp-content\/uploads\/2025\/03\/TURKIZLOGO-kicsi.png","contentUrl":"https:\/\/staging.premiumkeszulek.hu\/wp-content\/uploads\/2025\/03\/TURKIZLOGO-kicsi.png","width":1600,"height":547,"caption":"Pr\u00e9miumK\u00e9sz\u00fcl\u00e9k"},"image":{"@id":"https:\/\/staging.premiumkeszulek.hu\/hu\/#\/schema\/logo\/image\/"},"sameAs":["https:\/\/www.facebook.com\/konyhaluxnet","https:\/\/www.instagram.com\/konyhaluxnet\/#"],"email":"info@premiumkeszulek.hu","telephone":"36 1 \/ 226-1992","legalName":"HPH Special Kft","vatID":"HU12549502","taxID":"12549502"}]}},"jetpack_publicize_connections":[],"jetpack_likes_enabled":true,"jetpack_sharing_enabled":true,"jetpack-related-posts":[],"_links":{"self":[{"href":"https:\/\/staging.premiumkeszulek.hu\/en\/wp-json\/wp\/v2\/product\/78149","targetHints":{"allow":["GET"]}}],"collection":[{"href":"https:\/\/staging.premiumkeszulek.hu\/en\/wp-json\/wp\/v2\/product"}],"about":[{"href":"https:\/\/staging.premiumkeszulek.hu\/en\/wp-json\/wp\/v2\/types\/product"}],"replies":[{"embeddable":true,"href":"https:\/\/staging.premiumkeszulek.hu\/en\/wp-json\/wp\/v2\/comments?post=78149"}],"wp:featuredmedia":[{"embeddable":true,"href":"https:\/\/staging.premiumkeszulek.hu\/en\/wp-json\/wp\/v2\/media\/78148"}],"wp:attachment":[{"href":"https:\/\/staging.premiumkeszulek.hu\/en\/wp-json\/wp\/v2\/media?parent=78149"}],"wp:term":[{"taxonomy":"product_brand","embeddable":true,"href":"https:\/\/staging.premiumkeszulek.hu\/en\/wp-json\/wp\/v2\/product_brand?post=78149"},{"taxonomy":"product_cat","embeddable":true,"href":"https:\/\/staging.premiumkeszulek.hu\/en\/wp-json\/wp\/v2\/product_cat?post=78149"},{"taxonomy":"product_tag","embeddable":true,"href":"https:\/\/staging.premiumkeszulek.hu\/en\/wp-json\/wp\/v2\/product_tag?post=78149"},{"taxonomy":"woo-feed-brand","embeddable":true,"href":"https:\/\/staging.premiumkeszulek.hu\/en\/wp-json\/wp\/v2\/woo-feed-brand?post=78149"}],"curies":[{"name":"wp","href":"https:\/\/api.w.org\/{rel}","templated":true}]}}