{"id":32164,"date":"2025-07-07T14:13:15","date_gmt":"2025-07-07T12:13:15","guid":{"rendered":"https:\/\/premiumkeszulek.hu\/termek\/dunavox-dauf-17-58db-beepitheto-borhuto-fekete-17-palackos\/"},"modified":"2026-04-13T11:55:57","modified_gmt":"2026-04-13T09:55:57","slug":"dunavox-dauf-17-58db-beepitheto-borhuto-fekete-17-palackos","status":"publish","type":"product","link":"https:\/\/staging.premiumkeszulek.hu\/en\/product\/dunavox-dauf-17-58db-beepitheto-borhuto-fekete-17-palackos\/","title":{"rendered":"Dunavox DAUF-17.58DB be\u00e9p\u00edthet\u0151 borh\u0171t\u0151 fekete 17 palackos"},"content":{"rendered":"<p>Integr\u00e1lt kialak\u00edt\u00e1s: Ez a borh\u0171t\u0151 t\u00f6k\u00e9letesen illeszkedik a konyhai vagy b\u00e1rdekor\u00e1ci\u00f3hoz, \u00edgy z\u00f6kken\u0151mentesen illeszkedik b\u00e1rmilyen helyis\u00e9gbe. Karcs\u00fa, minimalista kialak\u00edt\u00e1sa n\u00f6veli otthona eszt\u00e9tikai vonzerej\u00e9t.<br \/>\nOptim\u00e1lis bortart\u00f3s\u00edt\u00e1s: Tartsa borait t\u00f6k\u00e9letes h\u0151m\u00e9rs\u00e9kleten a k\u00e9tz\u00f3n\u00e1s h\u0171t\u00e9si technol\u00f3gi\u00e1val. Borh\u0171t\u0151nk biztos\u00edtja, hogy minden palackot ide\u00e1lis k\u00f6r\u00fclm\u00e9nyek k\u00f6z\u00f6tt t\u00e1roljanak, meg\u0151rizve gy\u0171jtem\u00e9ny\u00e9nek \u00edz\u00e9t \u00e9s min\u0151s\u00e9g\u00e9t.<br \/>\nEnergiatakar\u00e9kos: A k\u00f6rnyezetbar\u00e1t technol\u00f3gi\u00e1val tervezett borh\u0171t\u0151nk nagy teljes\u00edtm\u00e9nyt ny\u00fajt alacsony energiafogyaszt\u00e1s mellett, cs\u00f6kkentve a sz\u00e9nl\u00e1bnyomot an\u00e9lk\u00fcl, hogy kompromisszumot k\u00f6tne a min\u0151s\u00e9g ter\u00e9n.<br \/>\nBe\u00e9p\u00edt\u00e9s t\u00edpusa: Csak szekr\u00e9nybe \u00e9p\u00edthet\u0151<br \/>\nPalack sz\u00e1m (0,75 literes bord\u00f3i palack): 17<br \/>\nNyit\u00e1s tipusa: Foganty\u00fa<br \/>\nZsan\u00e9r tipusa: Hagyom\u00e1nyos (pivot)<br \/>\nKijelz\u0151 tipusa: LED \u00e9rint\u0151 k\u00e9perny\u0151<br \/>\nH\u0171t\u00e9si z\u00f3na: 1<br \/>\nH\u0171t\u00e9si tartom\u00e1ny: 5-12\u00b0C \/\/ 12-20\u00b0C<br \/>\nKiemelt tulajdons\u00e1g: Pezsg\u0151s \u00fcvegek elf\u00e9rnek a polcokon<br \/>\nTelep\u00edt\u00e9si k\u00f6vetelm\u00e9ny: El\u00fcls\u0151 \u00e9s h\u00e1ts\u00f3 szell\u0151z\u0151 csatorna kialak\u00edt\u00e1sa sz\u00fcks\u00e9ges<br \/>\nPolcok: Teleszk\u00f3pos fa polcok<br \/>\nAlacsony vibr\u00e1ci\u00f3: Igen<br \/>\nH\u0171t\u00e9s tipusa: Bels\u0151 l\u00e9gkeringet\u00e9s, kompresszor<br \/>\n\u00dcvegajt\u00f3: UV v\u00e9dett 3 r\u00e9teg\u0171 \u00fcvegajt\u00f3, ford\u00edthat\u00f3 nyit\u00e1s<br \/>\nBels\u0151vil\u00e1g\u00edt\u00e1s: K\u00e9k LED vil\u00e1g\u00edt\u00e1s<\/p>\n","protected":false},"excerpt":{"rendered":"<p>Integr\u00e1lt kialak\u00edt\u00e1s: Ez a borh\u0171t\u0151 t\u00f6k\u00e9letesen illeszkedik a konyhai vagy b\u00e1rdekor\u00e1ci\u00f3hoz, \u00edgy z\u00f6kken\u0151mentesen illeszkedik b\u00e1rmilyen helyis\u00e9gbe. Karcs\u00fa, minimalista kialak\u00edt\u00e1sa n\u00f6veli otthona eszt\u00e9tikai vonzerej\u00e9t. Optim\u00e1lis bortart\u00f3s\u00edt\u00e1s: Tartsa borait t\u00f6k\u00e9letes h\u0151m\u00e9rs\u00e9kleten a k\u00e9tz\u00f3n\u00e1s h\u0171t\u00e9si technol\u00f3gi\u00e1val. Borh\u0171t\u0151nk biztos\u00edtja, hogy minden palackot ide\u00e1lis k\u00f6r\u00fclm\u00e9nyek k\u00f6z\u00f6tt t\u00e1roljanak, meg\u0151rizve gy\u0171jtem\u00e9ny\u00e9nek \u00edz\u00e9t \u00e9s min\u0151s\u00e9g\u00e9t. Energiatakar\u00e9kos: A k\u00f6rnyezetbar\u00e1t technol\u00f3gi\u00e1val tervezett borh\u0171t\u0151nk nagy teljes\u00edtm\u00e9nyt [&hellip;]<\/p>\n","protected":false},"featured_media":32163,"comment_status":"closed","ping_status":"closed","template":"","meta":{"_crdt_document":"","content-type":"","jetpack_post_was_ever_published":false,"jetpack_publicize_message":"","jetpack_publicize_feature_enabled":true,"jetpack_social_post_already_shared":true,"jetpack_social_options":{"image_generator_settings":{"template":"highway","default_image_id":0,"font":"","enabled":false},"version":2},"_wpas_customize_per_network":false},"product_brand":[8441],"product_cat":[1546,1404],"product_tag":[],"woo-feed-brand":[],"class_list":{"0":"post-32164","1":"product","2":"type-product","3":"status-publish","4":"has-post-thumbnail","6":"product_brand-dunavox","7":"product_cat-beepitheto-borhutok","8":"product_cat-hutokfagyasztok","9":"product_shipping_class-100000felett","11":"first","12":"instock","13":"taxable","14":"shipping-taxable","15":"purchasable","16":"product-type-simple"},"yoast_head":"<!-- This site is optimized with the Yoast SEO Premium plugin v26.9 (Yoast SEO v26.9) - https:\/\/yoast.com\/product\/yoast-seo-premium-wordpress\/ -->\n<title>Dunavox DAUF-17.58DB be\u00e9p\u00edthet\u0151 borh\u0171t\u0151 fekete 17 palackos - Pr\u00e9miumK\u00e9sz\u00fcl\u00e9k<\/title>\n<meta name=\"description\" content=\"A Dunavox DAUF-17.58DB be\u00e9p\u00edthet\u0151 borh\u0171t\u0151 karcs\u00fa diz\u00e1jnja emeli otthona eszt\u00e9tikai vonzerej\u00e9t. K\u00e9nyeztesse borait a legjobb k\u00f6r\u00fclm\u00e9nyek k\u00f6z\u00f6tt! \ud83c\udf77\" \/>\n<meta name=\"robots\" content=\"noindex, follow, max-snippet:-1, max-image-preview:large, max-video-preview:-1\" \/>\n<meta property=\"og:locale\" content=\"en_GB\" \/>\n<meta property=\"og:type\" content=\"article\" \/>\n<meta property=\"og:title\" content=\"Dunavox DAUF-17.58DB be\u00e9p\u00edthet\u0151 borh\u0171t\u0151 fekete 17 palackos\" \/>\n<meta property=\"og:description\" content=\"A Dunavox DAUF-17.58DB be\u00e9p\u00edthet\u0151 borh\u0171t\u0151 karcs\u00fa diz\u00e1jnja emeli otthona eszt\u00e9tikai vonzerej\u00e9t. K\u00e9nyeztesse borait a legjobb k\u00f6r\u00fclm\u00e9nyek k\u00f6z\u00f6tt! \ud83c\udf77\" \/>\n<meta property=\"og:url\" content=\"https:\/\/staging.premiumkeszulek.hu\/en\/product\/dunavox-dauf-17-58db-beepitheto-borhuto-fekete-17-palackos\/\" \/>\n<meta property=\"og:site_name\" content=\"Pr\u00e9miumK\u00e9sz\u00fcl\u00e9k\" \/>\n<meta property=\"article:publisher\" content=\"https:\/\/www.facebook.com\/konyhaluxnet\" \/>\n<meta property=\"article:modified_time\" content=\"2026-04-13T09:55:57+00:00\" \/>\n<meta property=\"og:image\" content=\"https:\/\/i0.wp.com\/staging.premiumkeszulek.hu\/wp-content\/uploads\/2025\/07\/DAUF1758DB-11111111111111111.jpg?fit=800%2C800&ssl=1\" \/>\n\t<meta property=\"og:image:width\" content=\"800\" \/>\n\t<meta property=\"og:image:height\" content=\"800\" \/>\n\t<meta property=\"og:image:type\" content=\"image\/jpeg\" \/>\n<meta name=\"twitter:card\" content=\"summary_large_image\" \/>\n<meta name=\"twitter:label1\" content=\"Estimated reading time\" \/>\n\t<meta name=\"twitter:data1\" content=\"2 minutes\" \/>\n<script type=\"application\/ld+json\" class=\"yoast-schema-graph\">{\"@context\":\"https:\/\/schema.org\",\"@graph\":[{\"@type\":\"WebPage\",\"@id\":\"https:\/\/staging.premiumkeszulek.hu\/en\/product\/dunavox-dauf-17-58db-beepitheto-borhuto-fekete-17-palackos\/\",\"url\":\"https:\/\/staging.premiumkeszulek.hu\/en\/product\/dunavox-dauf-17-58db-beepitheto-borhuto-fekete-17-palackos\/\",\"name\":\"Dunavox DAUF-17.58DB be\u00e9p\u00edthet\u0151 borh\u0171t\u0151 fekete 17 palackos - Pr\u00e9miumK\u00e9sz\u00fcl\u00e9k\",\"isPartOf\":{\"@id\":\"https:\/\/staging.premiumkeszulek.hu\/hu\/#website\"},\"primaryImageOfPage\":{\"@id\":\"https:\/\/staging.premiumkeszulek.hu\/en\/product\/dunavox-dauf-17-58db-beepitheto-borhuto-fekete-17-palackos\/#primaryimage\"},\"image\":{\"@id\":\"https:\/\/staging.premiumkeszulek.hu\/en\/product\/dunavox-dauf-17-58db-beepitheto-borhuto-fekete-17-palackos\/#primaryimage\"},\"thumbnailUrl\":\"https:\/\/i0.wp.com\/staging.premiumkeszulek.hu\/wp-content\/uploads\/2025\/07\/DAUF1758DB-11111111111111111.jpg?fit=800%2C800&ssl=1\",\"datePublished\":\"2025-07-07T12:13:15+00:00\",\"dateModified\":\"2026-04-13T09:55:57+00:00\",\"description\":\"A Dunavox DAUF-17.58DB be\u00e9p\u00edthet\u0151 borh\u0171t\u0151 karcs\u00fa diz\u00e1jnja emeli otthona eszt\u00e9tikai vonzerej\u00e9t. K\u00e9nyeztesse borait a legjobb k\u00f6r\u00fclm\u00e9nyek k\u00f6z\u00f6tt! \ud83c\udf77\",\"breadcrumb\":{\"@id\":\"https:\/\/staging.premiumkeszulek.hu\/en\/product\/dunavox-dauf-17-58db-beepitheto-borhuto-fekete-17-palackos\/#breadcrumb\"},\"inLanguage\":\"en-GB\",\"potentialAction\":[{\"@type\":\"ReadAction\",\"target\":[\"https:\/\/staging.premiumkeszulek.hu\/en\/product\/dunavox-dauf-17-58db-beepitheto-borhuto-fekete-17-palackos\/\"]}]},{\"@type\":\"ImageObject\",\"inLanguage\":\"en-GB\",\"@id\":\"https:\/\/staging.premiumkeszulek.hu\/en\/product\/dunavox-dauf-17-58db-beepitheto-borhuto-fekete-17-palackos\/#primaryimage\",\"url\":\"https:\/\/i0.wp.com\/staging.premiumkeszulek.hu\/wp-content\/uploads\/2025\/07\/DAUF1758DB-11111111111111111.jpg?fit=800%2C800&ssl=1\",\"contentUrl\":\"https:\/\/i0.wp.com\/staging.premiumkeszulek.hu\/wp-content\/uploads\/2025\/07\/DAUF1758DB-11111111111111111.jpg?fit=800%2C800&ssl=1\",\"width\":800,\"height\":800},{\"@type\":\"BreadcrumbList\",\"@id\":\"https:\/\/staging.premiumkeszulek.hu\/en\/product\/dunavox-dauf-17-58db-beepitheto-borhuto-fekete-17-palackos\/#breadcrumb\",\"itemListElement\":[{\"@type\":\"ListItem\",\"position\":1,\"name\":\"Home\",\"item\":\"https:\/\/staging.premiumkeszulek.hu\/hu\/\"},{\"@type\":\"ListItem\",\"position\":2,\"name\":\"Shop\",\"item\":\"https:\/\/staging.premiumkeszulek.hu\/hu\/shop\/\"},{\"@type\":\"ListItem\",\"position\":3,\"name\":\"Dunavox DAUF-17.58DB be\u00e9p\u00edthet\u0151 borh\u0171t\u0151 fekete 17 palackos\"}]},{\"@type\":\"WebSite\",\"@id\":\"https:\/\/staging.premiumkeszulek.hu\/hu\/#website\",\"url\":\"https:\/\/staging.premiumkeszulek.hu\/hu\/\",\"name\":\"Pr\u00e9miumK\u00e9sz\u00fcl\u00e9k\",\"description\":\"\",\"publisher\":{\"@id\":\"https:\/\/staging.premiumkeszulek.hu\/hu\/#organization\"},\"potentialAction\":[{\"@type\":\"SearchAction\",\"target\":{\"@type\":\"EntryPoint\",\"urlTemplate\":\"https:\/\/staging.premiumkeszulek.hu\/hu\/?s={search_term_string}\"},\"query-input\":{\"@type\":\"PropertyValueSpecification\",\"valueRequired\":true,\"valueName\":\"search_term_string\"}}],\"inLanguage\":\"en-GB\"},{\"@type\":\"Organization\",\"@id\":\"https:\/\/staging.premiumkeszulek.hu\/hu\/#organization\",\"name\":\"Pr\u00e9miumK\u00e9sz\u00fcl\u00e9k\",\"alternateName\":\"HPH Special Kft\",\"url\":\"https:\/\/staging.premiumkeszulek.hu\/hu\/\",\"logo\":{\"@type\":\"ImageObject\",\"inLanguage\":\"en-GB\",\"@id\":\"https:\/\/staging.premiumkeszulek.hu\/hu\/#\/schema\/logo\/image\/\",\"url\":\"https:\/\/staging.premiumkeszulek.hu\/wp-content\/uploads\/2025\/03\/TURKIZLOGO-kicsi.png\",\"contentUrl\":\"https:\/\/staging.premiumkeszulek.hu\/wp-content\/uploads\/2025\/03\/TURKIZLOGO-kicsi.png\",\"width\":1600,\"height\":547,\"caption\":\"Pr\u00e9miumK\u00e9sz\u00fcl\u00e9k\"},\"image\":{\"@id\":\"https:\/\/staging.premiumkeszulek.hu\/hu\/#\/schema\/logo\/image\/\"},\"sameAs\":[\"https:\/\/www.facebook.com\/konyhaluxnet\",\"https:\/\/www.instagram.com\/konyhaluxnet\/#\"],\"email\":\"info@premiumkeszulek.hu\",\"telephone\":\"36 1 \/ 226-1992\",\"legalName\":\"HPH Special Kft\",\"vatID\":\"HU12549502\",\"taxID\":\"12549502\"}]}<\/script>\n<!-- \/ Yoast SEO Premium plugin. -->","yoast_head_json":{"title":"Dunavox DAUF-17.58DB be\u00e9p\u00edthet\u0151 borh\u0171t\u0151 fekete 17 palackos - Pr\u00e9miumK\u00e9sz\u00fcl\u00e9k","description":"A Dunavox DAUF-17.58DB be\u00e9p\u00edthet\u0151 borh\u0171t\u0151 karcs\u00fa diz\u00e1jnja emeli otthona eszt\u00e9tikai vonzerej\u00e9t. K\u00e9nyeztesse borait a legjobb k\u00f6r\u00fclm\u00e9nyek k\u00f6z\u00f6tt! \ud83c\udf77","robots":{"index":"noindex","follow":"follow","max-snippet":"max-snippet:-1","max-image-preview":"max-image-preview:large","max-video-preview":"max-video-preview:-1"},"og_locale":"en_GB","og_type":"article","og_title":"Dunavox DAUF-17.58DB be\u00e9p\u00edthet\u0151 borh\u0171t\u0151 fekete 17 palackos","og_description":"A Dunavox DAUF-17.58DB be\u00e9p\u00edthet\u0151 borh\u0171t\u0151 karcs\u00fa diz\u00e1jnja emeli otthona eszt\u00e9tikai vonzerej\u00e9t. K\u00e9nyeztesse borait a legjobb k\u00f6r\u00fclm\u00e9nyek k\u00f6z\u00f6tt! \ud83c\udf77","og_url":"https:\/\/staging.premiumkeszulek.hu\/en\/product\/dunavox-dauf-17-58db-beepitheto-borhuto-fekete-17-palackos\/","og_site_name":"Pr\u00e9miumK\u00e9sz\u00fcl\u00e9k","article_publisher":"https:\/\/www.facebook.com\/konyhaluxnet","article_modified_time":"2026-04-13T09:55:57+00:00","og_image":[{"width":800,"height":800,"url":"https:\/\/i0.wp.com\/staging.premiumkeszulek.hu\/wp-content\/uploads\/2025\/07\/DAUF1758DB-11111111111111111.jpg?fit=800%2C800&ssl=1","type":"image\/jpeg"}],"twitter_card":"summary_large_image","twitter_misc":{"Estimated reading time":"2 minutes"},"schema":{"@context":"https:\/\/schema.org","@graph":[{"@type":"WebPage","@id":"https:\/\/staging.premiumkeszulek.hu\/en\/product\/dunavox-dauf-17-58db-beepitheto-borhuto-fekete-17-palackos\/","url":"https:\/\/staging.premiumkeszulek.hu\/en\/product\/dunavox-dauf-17-58db-beepitheto-borhuto-fekete-17-palackos\/","name":"Dunavox DAUF-17.58DB be\u00e9p\u00edthet\u0151 borh\u0171t\u0151 fekete 17 palackos - Pr\u00e9miumK\u00e9sz\u00fcl\u00e9k","isPartOf":{"@id":"https:\/\/staging.premiumkeszulek.hu\/hu\/#website"},"primaryImageOfPage":{"@id":"https:\/\/staging.premiumkeszulek.hu\/en\/product\/dunavox-dauf-17-58db-beepitheto-borhuto-fekete-17-palackos\/#primaryimage"},"image":{"@id":"https:\/\/staging.premiumkeszulek.hu\/en\/product\/dunavox-dauf-17-58db-beepitheto-borhuto-fekete-17-palackos\/#primaryimage"},"thumbnailUrl":"https:\/\/i0.wp.com\/staging.premiumkeszulek.hu\/wp-content\/uploads\/2025\/07\/DAUF1758DB-11111111111111111.jpg?fit=800%2C800&ssl=1","datePublished":"2025-07-07T12:13:15+00:00","dateModified":"2026-04-13T09:55:57+00:00","description":"A Dunavox DAUF-17.58DB be\u00e9p\u00edthet\u0151 borh\u0171t\u0151 karcs\u00fa diz\u00e1jnja emeli otthona eszt\u00e9tikai vonzerej\u00e9t. K\u00e9nyeztesse borait a legjobb k\u00f6r\u00fclm\u00e9nyek k\u00f6z\u00f6tt! \ud83c\udf77","breadcrumb":{"@id":"https:\/\/staging.premiumkeszulek.hu\/en\/product\/dunavox-dauf-17-58db-beepitheto-borhuto-fekete-17-palackos\/#breadcrumb"},"inLanguage":"en-GB","potentialAction":[{"@type":"ReadAction","target":["https:\/\/staging.premiumkeszulek.hu\/en\/product\/dunavox-dauf-17-58db-beepitheto-borhuto-fekete-17-palackos\/"]}]},{"@type":"ImageObject","inLanguage":"en-GB","@id":"https:\/\/staging.premiumkeszulek.hu\/en\/product\/dunavox-dauf-17-58db-beepitheto-borhuto-fekete-17-palackos\/#primaryimage","url":"https:\/\/i0.wp.com\/staging.premiumkeszulek.hu\/wp-content\/uploads\/2025\/07\/DAUF1758DB-11111111111111111.jpg?fit=800%2C800&ssl=1","contentUrl":"https:\/\/i0.wp.com\/staging.premiumkeszulek.hu\/wp-content\/uploads\/2025\/07\/DAUF1758DB-11111111111111111.jpg?fit=800%2C800&ssl=1","width":800,"height":800},{"@type":"BreadcrumbList","@id":"https:\/\/staging.premiumkeszulek.hu\/en\/product\/dunavox-dauf-17-58db-beepitheto-borhuto-fekete-17-palackos\/#breadcrumb","itemListElement":[{"@type":"ListItem","position":1,"name":"Home","item":"https:\/\/staging.premiumkeszulek.hu\/hu\/"},{"@type":"ListItem","position":2,"name":"Shop","item":"https:\/\/staging.premiumkeszulek.hu\/hu\/shop\/"},{"@type":"ListItem","position":3,"name":"Dunavox DAUF-17.58DB be\u00e9p\u00edthet\u0151 borh\u0171t\u0151 fekete 17 palackos"}]},{"@type":"WebSite","@id":"https:\/\/staging.premiumkeszulek.hu\/hu\/#website","url":"https:\/\/staging.premiumkeszulek.hu\/hu\/","name":"Pr\u00e9miumK\u00e9sz\u00fcl\u00e9k","description":"","publisher":{"@id":"https:\/\/staging.premiumkeszulek.hu\/hu\/#organization"},"potentialAction":[{"@type":"SearchAction","target":{"@type":"EntryPoint","urlTemplate":"https:\/\/staging.premiumkeszulek.hu\/hu\/?s={search_term_string}"},"query-input":{"@type":"PropertyValueSpecification","valueRequired":true,"valueName":"search_term_string"}}],"inLanguage":"en-GB"},{"@type":"Organization","@id":"https:\/\/staging.premiumkeszulek.hu\/hu\/#organization","name":"Pr\u00e9miumK\u00e9sz\u00fcl\u00e9k","alternateName":"HPH Special Kft","url":"https:\/\/staging.premiumkeszulek.hu\/hu\/","logo":{"@type":"ImageObject","inLanguage":"en-GB","@id":"https:\/\/staging.premiumkeszulek.hu\/hu\/#\/schema\/logo\/image\/","url":"https:\/\/staging.premiumkeszulek.hu\/wp-content\/uploads\/2025\/03\/TURKIZLOGO-kicsi.png","contentUrl":"https:\/\/staging.premiumkeszulek.hu\/wp-content\/uploads\/2025\/03\/TURKIZLOGO-kicsi.png","width":1600,"height":547,"caption":"Pr\u00e9miumK\u00e9sz\u00fcl\u00e9k"},"image":{"@id":"https:\/\/staging.premiumkeszulek.hu\/hu\/#\/schema\/logo\/image\/"},"sameAs":["https:\/\/www.facebook.com\/konyhaluxnet","https:\/\/www.instagram.com\/konyhaluxnet\/#"],"email":"info@premiumkeszulek.hu","telephone":"36 1 \/ 226-1992","legalName":"HPH Special Kft","vatID":"HU12549502","taxID":"12549502"}]}},"jetpack_publicize_connections":[],"jetpack_likes_enabled":true,"jetpack_sharing_enabled":true,"jetpack-related-posts":[],"_links":{"self":[{"href":"https:\/\/staging.premiumkeszulek.hu\/en\/wp-json\/wp\/v2\/product\/32164","targetHints":{"allow":["GET"]}}],"collection":[{"href":"https:\/\/staging.premiumkeszulek.hu\/en\/wp-json\/wp\/v2\/product"}],"about":[{"href":"https:\/\/staging.premiumkeszulek.hu\/en\/wp-json\/wp\/v2\/types\/product"}],"replies":[{"embeddable":true,"href":"https:\/\/staging.premiumkeszulek.hu\/en\/wp-json\/wp\/v2\/comments?post=32164"}],"wp:featuredmedia":[{"embeddable":true,"href":"https:\/\/staging.premiumkeszulek.hu\/en\/wp-json\/wp\/v2\/media\/32163"}],"wp:attachment":[{"href":"https:\/\/staging.premiumkeszulek.hu\/en\/wp-json\/wp\/v2\/media?parent=32164"}],"wp:term":[{"taxonomy":"product_brand","embeddable":true,"href":"https:\/\/staging.premiumkeszulek.hu\/en\/wp-json\/wp\/v2\/product_brand?post=32164"},{"taxonomy":"product_cat","embeddable":true,"href":"https:\/\/staging.premiumkeszulek.hu\/en\/wp-json\/wp\/v2\/product_cat?post=32164"},{"taxonomy":"product_tag","embeddable":true,"href":"https:\/\/staging.premiumkeszulek.hu\/en\/wp-json\/wp\/v2\/product_tag?post=32164"},{"taxonomy":"woo-feed-brand","embeddable":true,"href":"https:\/\/staging.premiumkeszulek.hu\/en\/wp-json\/wp\/v2\/woo-feed-brand?post=32164"}],"curies":[{"name":"wp","href":"https:\/\/api.w.org\/{rel}","templated":true}]}}