{"id":2259,"date":"2025-02-10T23:41:31","date_gmt":"2025-02-10T22:41:31","guid":{"rendered":"https:\/\/premiumkeszulek.hu\/product\/miele-k-2802-vi-mastercool-hutoszekreny\/"},"modified":"2026-04-13T11:59:00","modified_gmt":"2026-04-13T09:59:00","slug":"miele-k-2802-vi-mastercool-hutoszekreny","status":"publish","type":"product","link":"https:\/\/staging.premiumkeszulek.hu\/en\/product\/miele-k-2802-vi-mastercool-hutoszekreny\/","title":{"rendered":"Miele K 2802 Vi MasterCool h\u0171t\u0151szekr\u00e9ny"},"content":{"rendered":"\n<figure class=\"wp-block-image size-full\"><img data-recalc-dims=\"1\" fetchpriority=\"high\" decoding=\"async\" width=\"364\" height=\"138\" data-attachment-id=\"79707\" data-permalink=\"https:\/\/staging.premiumkeszulek.hu\/en\/?attachment_id=79707\" data-orig-file=\"https:\/\/i0.wp.com\/staging.premiumkeszulek.hu\/wp-content\/uploads\/2026\/04\/images-3.png?fit=364%2C138&amp;ssl=1\" data-orig-size=\"364,138\" data-comments-opened=\"1\" data-image-meta=\"{&quot;aperture&quot;:&quot;0&quot;,&quot;credit&quot;:&quot;&quot;,&quot;camera&quot;:&quot;&quot;,&quot;caption&quot;:&quot;&quot;,&quot;created_timestamp&quot;:&quot;0&quot;,&quot;copyright&quot;:&quot;&quot;,&quot;focal_length&quot;:&quot;0&quot;,&quot;iso&quot;:&quot;0&quot;,&quot;shutter_speed&quot;:&quot;0&quot;,&quot;title&quot;:&quot;&quot;,&quot;orientation&quot;:&quot;0&quot;}\" data-image-title=\"images (3)\" data-image-description=\"\" data-image-caption=\"\" data-medium-file=\"https:\/\/i0.wp.com\/staging.premiumkeszulek.hu\/wp-content\/uploads\/2026\/04\/images-3.png?fit=300%2C114&amp;ssl=1\" data-large-file=\"https:\/\/i0.wp.com\/staging.premiumkeszulek.hu\/wp-content\/uploads\/2026\/04\/images-3.png?fit=364%2C138&amp;ssl=1\" src=\"https:\/\/i0.wp.com\/premiumkeszulek.hu\/wp-content\/uploads\/2026\/04\/images-3.png?resize=364%2C138&#038;ssl=1\" alt=\"\" class=\"wp-image-79707\" srcset=\"https:\/\/i0.wp.com\/staging.premiumkeszulek.hu\/wp-content\/uploads\/2026\/04\/images-3.png?w=364&amp;ssl=1 364w, https:\/\/i0.wp.com\/staging.premiumkeszulek.hu\/wp-content\/uploads\/2026\/04\/images-3.png?resize=300%2C114&amp;ssl=1 300w, https:\/\/i0.wp.com\/staging.premiumkeszulek.hu\/wp-content\/uploads\/2026\/04\/images-3.png?resize=18%2C7&amp;ssl=1 18w\" sizes=\"(max-width: 364px) 100vw, 364px\" \/><\/figure>\n<div class=\"loadbeeTabContent\" data-loadbee-apikey=\"bVxDWaSdseFz5PWWtvKmAkGr88n6WXYY\" data-loadbee-gtin=\"4002516335009\" data-loadbee-locale=\"hu_HU\">\u00a0\n<\/div><script async src=\"https:\/\/cdn.loadbee.com\/js\/loadbee_integration.js\"><\/script><script type=\"text\/javascript\"\nsrc=\"https:\/\/tracking.channelsight.com\/api\/tracking\/v2\/Init\">\n<\/script> \n\tK\u00e9nyelmes ajt\u00f3nyit\u00e1s a Push2open funkci\u00f3nak k\u00f6sz\u00f6nhet\u0151en\n\tAk\u00e1r 3x hosszabb ideig friss \u00e9telek a MasterFresh funkci\u00f3val\n\tA LED elemeknek k\u00f6sz\u00f6nhet\u0151en f\u00e9nyes bels\u0151 t\u00e9r \u2013 BrilliantLight\n\tK\u00e9nyelmes kezel\u00e9s a MasterSensor sz\u00ednes \u00e9rint\u0151k\u00e9perny\u0151vel\n","protected":false},"excerpt":{"rendered":"<p>\u00a0 K\u00e9nyelmes ajt\u00f3nyit\u00e1s a Push2open funkci\u00f3nak k\u00f6sz\u00f6nhet\u0151en Ak\u00e1r 3x hosszabb ideig friss \u00e9telek a MasterFresh funkci\u00f3val A LED elemeknek k\u00f6sz\u00f6nhet\u0151en f\u00e9nyes bels\u0151 t\u00e9r \u2013 BrilliantLight K\u00e9nyelmes kezel\u00e9s a MasterSensor sz\u00ednes \u00e9rint\u0151k\u00e9perny\u0151vel<\/p>\n","protected":false},"featured_media":2258,"comment_status":"closed","ping_status":"closed","template":"","meta":{"_crdt_document":"","content-type":"","jetpack_post_was_ever_published":false,"jetpack_publicize_message":"","jetpack_publicize_feature_enabled":true,"jetpack_social_post_already_shared":true,"jetpack_social_options":{"image_generator_settings":{"template":"highway","default_image_id":0,"font":"","enabled":false},"version":2},"_wpas_customize_per_network":false},"product_brand":[1372],"product_cat":[1405,1404],"product_tag":[],"woo-feed-brand":[],"class_list":{"0":"post-2259","1":"product","2":"type-product","3":"status-publish","4":"has-post-thumbnail","6":"product_brand-miele","7":"product_cat-beepithetohuto","8":"product_cat-hutokfagyasztok","9":"product_shipping_class-100000felett","11":"first","12":"onbackorder","13":"taxable","14":"shipping-taxable","15":"purchasable","16":"product-type-simple"},"yoast_head":"<!-- This site is optimized with the Yoast SEO Premium plugin v26.9 (Yoast SEO v26.9) - https:\/\/yoast.com\/product\/yoast-seo-premium-wordpress\/ -->\n<title>Miele K 2802 Vi MasterCool h\u0171t\u0151szekr\u00e9ny - Pr\u00e9miumK\u00e9sz\u00fcl\u00e9k<\/title>\n<meta name=\"description\" content=\"A Miele K 2802 MasterCool h\u0171t\u0151szekr\u00e9ny Push2open funkci\u00f3ja r\u00e9v\u00e9n k\u00e9nyelmesen nyithat\u00f3. \u00c9lvezze a friss \u00e9telek hosszabb meg\u0151rz\u00e9s\u00e9t! \ud83c\udf1f\" \/>\n<meta name=\"robots\" content=\"noindex, follow, max-snippet:-1, max-image-preview:large, max-video-preview:-1\" \/>\n<meta property=\"og:locale\" content=\"en_GB\" \/>\n<meta property=\"og:type\" content=\"article\" \/>\n<meta property=\"og:title\" content=\"Miele K 2802 Vi MasterCool h\u0171t\u0151szekr\u00e9ny\" \/>\n<meta property=\"og:description\" content=\"A Miele K 2802 MasterCool h\u0171t\u0151szekr\u00e9ny Push2open funkci\u00f3ja r\u00e9v\u00e9n k\u00e9nyelmesen nyithat\u00f3. \u00c9lvezze a friss \u00e9telek hosszabb meg\u0151rz\u00e9s\u00e9t! \ud83c\udf1f\" \/>\n<meta property=\"og:url\" content=\"https:\/\/staging.premiumkeszulek.hu\/en\/product\/miele-k-2802-vi-mastercool-hutoszekreny\/\" \/>\n<meta property=\"og:site_name\" content=\"Pr\u00e9miumK\u00e9sz\u00fcl\u00e9k\" \/>\n<meta property=\"article:publisher\" content=\"https:\/\/www.facebook.com\/konyhaluxnet\" \/>\n<meta property=\"article:modified_time\" content=\"2026-04-13T09:59:00+00:00\" \/>\n<meta property=\"og:image\" content=\"https:\/\/i0.wp.com\/staging.premiumkeszulek.hu\/wp-content\/uploads\/2025\/02\/k2802i_1.jpg?fit=800%2C800&ssl=1\" \/>\n\t<meta property=\"og:image:width\" content=\"800\" \/>\n\t<meta property=\"og:image:height\" content=\"800\" \/>\n\t<meta property=\"og:image:type\" content=\"image\/jpeg\" \/>\n<meta name=\"twitter:card\" content=\"summary_large_image\" \/>\n<meta name=\"twitter:label1\" content=\"Estimated reading time\" \/>\n\t<meta name=\"twitter:data1\" content=\"2 minutes\" \/>\n<script type=\"application\/ld+json\" class=\"yoast-schema-graph\">{\"@context\":\"https:\/\/schema.org\",\"@graph\":[{\"@type\":\"WebPage\",\"@id\":\"https:\/\/staging.premiumkeszulek.hu\/en\/product\/miele-k-2802-vi-mastercool-hutoszekreny\/\",\"url\":\"https:\/\/staging.premiumkeszulek.hu\/en\/product\/miele-k-2802-vi-mastercool-hutoszekreny\/\",\"name\":\"Miele K 2802 Vi MasterCool h\u0171t\u0151szekr\u00e9ny - Pr\u00e9miumK\u00e9sz\u00fcl\u00e9k\",\"isPartOf\":{\"@id\":\"https:\/\/staging.premiumkeszulek.hu\/hu\/#website\"},\"primaryImageOfPage\":{\"@id\":\"https:\/\/staging.premiumkeszulek.hu\/en\/product\/miele-k-2802-vi-mastercool-hutoszekreny\/#primaryimage\"},\"image\":{\"@id\":\"https:\/\/staging.premiumkeszulek.hu\/en\/product\/miele-k-2802-vi-mastercool-hutoszekreny\/#primaryimage\"},\"thumbnailUrl\":\"https:\/\/i0.wp.com\/staging.premiumkeszulek.hu\/wp-content\/uploads\/2025\/02\/k2802i_1.jpg?fit=800%2C800&ssl=1\",\"datePublished\":\"2025-02-10T22:41:31+00:00\",\"dateModified\":\"2026-04-13T09:59:00+00:00\",\"description\":\"A Miele K 2802 MasterCool h\u0171t\u0151szekr\u00e9ny Push2open funkci\u00f3ja r\u00e9v\u00e9n k\u00e9nyelmesen nyithat\u00f3. \u00c9lvezze a friss \u00e9telek hosszabb meg\u0151rz\u00e9s\u00e9t! \ud83c\udf1f\",\"breadcrumb\":{\"@id\":\"https:\/\/staging.premiumkeszulek.hu\/en\/product\/miele-k-2802-vi-mastercool-hutoszekreny\/#breadcrumb\"},\"inLanguage\":\"en-GB\",\"potentialAction\":[{\"@type\":\"ReadAction\",\"target\":[\"https:\/\/staging.premiumkeszulek.hu\/en\/product\/miele-k-2802-vi-mastercool-hutoszekreny\/\"]}]},{\"@type\":\"ImageObject\",\"inLanguage\":\"en-GB\",\"@id\":\"https:\/\/staging.premiumkeszulek.hu\/en\/product\/miele-k-2802-vi-mastercool-hutoszekreny\/#primaryimage\",\"url\":\"https:\/\/i0.wp.com\/staging.premiumkeszulek.hu\/wp-content\/uploads\/2025\/02\/k2802i_1.jpg?fit=800%2C800&ssl=1\",\"contentUrl\":\"https:\/\/i0.wp.com\/staging.premiumkeszulek.hu\/wp-content\/uploads\/2025\/02\/k2802i_1.jpg?fit=800%2C800&ssl=1\",\"width\":800,\"height\":800},{\"@type\":\"BreadcrumbList\",\"@id\":\"https:\/\/staging.premiumkeszulek.hu\/en\/product\/miele-k-2802-vi-mastercool-hutoszekreny\/#breadcrumb\",\"itemListElement\":[{\"@type\":\"ListItem\",\"position\":1,\"name\":\"Home\",\"item\":\"https:\/\/staging.premiumkeszulek.hu\/hu\/\"},{\"@type\":\"ListItem\",\"position\":2,\"name\":\"Shop\",\"item\":\"https:\/\/staging.premiumkeszulek.hu\/hu\/shop\/\"},{\"@type\":\"ListItem\",\"position\":3,\"name\":\"Miele K 2802 Vi MasterCool h\u0171t\u0151szekr\u00e9ny\"}]},{\"@type\":\"WebSite\",\"@id\":\"https:\/\/staging.premiumkeszulek.hu\/hu\/#website\",\"url\":\"https:\/\/staging.premiumkeszulek.hu\/hu\/\",\"name\":\"Pr\u00e9miumK\u00e9sz\u00fcl\u00e9k\",\"description\":\"\",\"publisher\":{\"@id\":\"https:\/\/staging.premiumkeszulek.hu\/hu\/#organization\"},\"potentialAction\":[{\"@type\":\"SearchAction\",\"target\":{\"@type\":\"EntryPoint\",\"urlTemplate\":\"https:\/\/staging.premiumkeszulek.hu\/hu\/?s={search_term_string}\"},\"query-input\":{\"@type\":\"PropertyValueSpecification\",\"valueRequired\":true,\"valueName\":\"search_term_string\"}}],\"inLanguage\":\"en-GB\"},{\"@type\":\"Organization\",\"@id\":\"https:\/\/staging.premiumkeszulek.hu\/hu\/#organization\",\"name\":\"Pr\u00e9miumK\u00e9sz\u00fcl\u00e9k\",\"alternateName\":\"HPH Special Kft\",\"url\":\"https:\/\/staging.premiumkeszulek.hu\/hu\/\",\"logo\":{\"@type\":\"ImageObject\",\"inLanguage\":\"en-GB\",\"@id\":\"https:\/\/staging.premiumkeszulek.hu\/hu\/#\/schema\/logo\/image\/\",\"url\":\"https:\/\/staging.premiumkeszulek.hu\/wp-content\/uploads\/2025\/03\/TURKIZLOGO-kicsi.png\",\"contentUrl\":\"https:\/\/staging.premiumkeszulek.hu\/wp-content\/uploads\/2025\/03\/TURKIZLOGO-kicsi.png\",\"width\":1600,\"height\":547,\"caption\":\"Pr\u00e9miumK\u00e9sz\u00fcl\u00e9k\"},\"image\":{\"@id\":\"https:\/\/staging.premiumkeszulek.hu\/hu\/#\/schema\/logo\/image\/\"},\"sameAs\":[\"https:\/\/www.facebook.com\/konyhaluxnet\",\"https:\/\/www.instagram.com\/konyhaluxnet\/#\"],\"email\":\"info@premiumkeszulek.hu\",\"telephone\":\"36 1 \/ 226-1992\",\"legalName\":\"HPH Special Kft\",\"vatID\":\"HU12549502\",\"taxID\":\"12549502\"}]}<\/script>\n<!-- \/ Yoast SEO Premium plugin. -->","yoast_head_json":{"title":"Miele K 2802 Vi MasterCool h\u0171t\u0151szekr\u00e9ny - Pr\u00e9miumK\u00e9sz\u00fcl\u00e9k","description":"A Miele K 2802 MasterCool h\u0171t\u0151szekr\u00e9ny Push2open funkci\u00f3ja r\u00e9v\u00e9n k\u00e9nyelmesen nyithat\u00f3. \u00c9lvezze a friss \u00e9telek hosszabb meg\u0151rz\u00e9s\u00e9t! \ud83c\udf1f","robots":{"index":"noindex","follow":"follow","max-snippet":"max-snippet:-1","max-image-preview":"max-image-preview:large","max-video-preview":"max-video-preview:-1"},"og_locale":"en_GB","og_type":"article","og_title":"Miele K 2802 Vi MasterCool h\u0171t\u0151szekr\u00e9ny","og_description":"A Miele K 2802 MasterCool h\u0171t\u0151szekr\u00e9ny Push2open funkci\u00f3ja r\u00e9v\u00e9n k\u00e9nyelmesen nyithat\u00f3. \u00c9lvezze a friss \u00e9telek hosszabb meg\u0151rz\u00e9s\u00e9t! \ud83c\udf1f","og_url":"https:\/\/staging.premiumkeszulek.hu\/en\/product\/miele-k-2802-vi-mastercool-hutoszekreny\/","og_site_name":"Pr\u00e9miumK\u00e9sz\u00fcl\u00e9k","article_publisher":"https:\/\/www.facebook.com\/konyhaluxnet","article_modified_time":"2026-04-13T09:59:00+00:00","og_image":[{"width":800,"height":800,"url":"https:\/\/i0.wp.com\/staging.premiumkeszulek.hu\/wp-content\/uploads\/2025\/02\/k2802i_1.jpg?fit=800%2C800&ssl=1","type":"image\/jpeg"}],"twitter_card":"summary_large_image","twitter_misc":{"Estimated reading time":"2 minutes"},"schema":{"@context":"https:\/\/schema.org","@graph":[{"@type":"WebPage","@id":"https:\/\/staging.premiumkeszulek.hu\/en\/product\/miele-k-2802-vi-mastercool-hutoszekreny\/","url":"https:\/\/staging.premiumkeszulek.hu\/en\/product\/miele-k-2802-vi-mastercool-hutoszekreny\/","name":"Miele K 2802 Vi MasterCool h\u0171t\u0151szekr\u00e9ny - Pr\u00e9miumK\u00e9sz\u00fcl\u00e9k","isPartOf":{"@id":"https:\/\/staging.premiumkeszulek.hu\/hu\/#website"},"primaryImageOfPage":{"@id":"https:\/\/staging.premiumkeszulek.hu\/en\/product\/miele-k-2802-vi-mastercool-hutoszekreny\/#primaryimage"},"image":{"@id":"https:\/\/staging.premiumkeszulek.hu\/en\/product\/miele-k-2802-vi-mastercool-hutoszekreny\/#primaryimage"},"thumbnailUrl":"https:\/\/i0.wp.com\/staging.premiumkeszulek.hu\/wp-content\/uploads\/2025\/02\/k2802i_1.jpg?fit=800%2C800&ssl=1","datePublished":"2025-02-10T22:41:31+00:00","dateModified":"2026-04-13T09:59:00+00:00","description":"A Miele K 2802 MasterCool h\u0171t\u0151szekr\u00e9ny Push2open funkci\u00f3ja r\u00e9v\u00e9n k\u00e9nyelmesen nyithat\u00f3. \u00c9lvezze a friss \u00e9telek hosszabb meg\u0151rz\u00e9s\u00e9t! \ud83c\udf1f","breadcrumb":{"@id":"https:\/\/staging.premiumkeszulek.hu\/en\/product\/miele-k-2802-vi-mastercool-hutoszekreny\/#breadcrumb"},"inLanguage":"en-GB","potentialAction":[{"@type":"ReadAction","target":["https:\/\/staging.premiumkeszulek.hu\/en\/product\/miele-k-2802-vi-mastercool-hutoszekreny\/"]}]},{"@type":"ImageObject","inLanguage":"en-GB","@id":"https:\/\/staging.premiumkeszulek.hu\/en\/product\/miele-k-2802-vi-mastercool-hutoszekreny\/#primaryimage","url":"https:\/\/i0.wp.com\/staging.premiumkeszulek.hu\/wp-content\/uploads\/2025\/02\/k2802i_1.jpg?fit=800%2C800&ssl=1","contentUrl":"https:\/\/i0.wp.com\/staging.premiumkeszulek.hu\/wp-content\/uploads\/2025\/02\/k2802i_1.jpg?fit=800%2C800&ssl=1","width":800,"height":800},{"@type":"BreadcrumbList","@id":"https:\/\/staging.premiumkeszulek.hu\/en\/product\/miele-k-2802-vi-mastercool-hutoszekreny\/#breadcrumb","itemListElement":[{"@type":"ListItem","position":1,"name":"Home","item":"https:\/\/staging.premiumkeszulek.hu\/hu\/"},{"@type":"ListItem","position":2,"name":"Shop","item":"https:\/\/staging.premiumkeszulek.hu\/hu\/shop\/"},{"@type":"ListItem","position":3,"name":"Miele K 2802 Vi MasterCool h\u0171t\u0151szekr\u00e9ny"}]},{"@type":"WebSite","@id":"https:\/\/staging.premiumkeszulek.hu\/hu\/#website","url":"https:\/\/staging.premiumkeszulek.hu\/hu\/","name":"Pr\u00e9miumK\u00e9sz\u00fcl\u00e9k","description":"","publisher":{"@id":"https:\/\/staging.premiumkeszulek.hu\/hu\/#organization"},"potentialAction":[{"@type":"SearchAction","target":{"@type":"EntryPoint","urlTemplate":"https:\/\/staging.premiumkeszulek.hu\/hu\/?s={search_term_string}"},"query-input":{"@type":"PropertyValueSpecification","valueRequired":true,"valueName":"search_term_string"}}],"inLanguage":"en-GB"},{"@type":"Organization","@id":"https:\/\/staging.premiumkeszulek.hu\/hu\/#organization","name":"Pr\u00e9miumK\u00e9sz\u00fcl\u00e9k","alternateName":"HPH Special Kft","url":"https:\/\/staging.premiumkeszulek.hu\/hu\/","logo":{"@type":"ImageObject","inLanguage":"en-GB","@id":"https:\/\/staging.premiumkeszulek.hu\/hu\/#\/schema\/logo\/image\/","url":"https:\/\/staging.premiumkeszulek.hu\/wp-content\/uploads\/2025\/03\/TURKIZLOGO-kicsi.png","contentUrl":"https:\/\/staging.premiumkeszulek.hu\/wp-content\/uploads\/2025\/03\/TURKIZLOGO-kicsi.png","width":1600,"height":547,"caption":"Pr\u00e9miumK\u00e9sz\u00fcl\u00e9k"},"image":{"@id":"https:\/\/staging.premiumkeszulek.hu\/hu\/#\/schema\/logo\/image\/"},"sameAs":["https:\/\/www.facebook.com\/konyhaluxnet","https:\/\/www.instagram.com\/konyhaluxnet\/#"],"email":"info@premiumkeszulek.hu","telephone":"36 1 \/ 226-1992","legalName":"HPH Special Kft","vatID":"HU12549502","taxID":"12549502"}]}},"jetpack_publicize_connections":[],"jetpack_likes_enabled":true,"jetpack_sharing_enabled":true,"jetpack-related-posts":[],"_links":{"self":[{"href":"https:\/\/staging.premiumkeszulek.hu\/en\/wp-json\/wp\/v2\/product\/2259","targetHints":{"allow":["GET"]}}],"collection":[{"href":"https:\/\/staging.premiumkeszulek.hu\/en\/wp-json\/wp\/v2\/product"}],"about":[{"href":"https:\/\/staging.premiumkeszulek.hu\/en\/wp-json\/wp\/v2\/types\/product"}],"replies":[{"embeddable":true,"href":"https:\/\/staging.premiumkeszulek.hu\/en\/wp-json\/wp\/v2\/comments?post=2259"}],"wp:featuredmedia":[{"embeddable":true,"href":"https:\/\/staging.premiumkeszulek.hu\/en\/wp-json\/wp\/v2\/media\/2258"}],"wp:attachment":[{"href":"https:\/\/staging.premiumkeszulek.hu\/en\/wp-json\/wp\/v2\/media?parent=2259"}],"wp:term":[{"taxonomy":"product_brand","embeddable":true,"href":"https:\/\/staging.premiumkeszulek.hu\/en\/wp-json\/wp\/v2\/product_brand?post=2259"},{"taxonomy":"product_cat","embeddable":true,"href":"https:\/\/staging.premiumkeszulek.hu\/en\/wp-json\/wp\/v2\/product_cat?post=2259"},{"taxonomy":"product_tag","embeddable":true,"href":"https:\/\/staging.premiumkeszulek.hu\/en\/wp-json\/wp\/v2\/product_tag?post=2259"},{"taxonomy":"woo-feed-brand","embeddable":true,"href":"https:\/\/staging.premiumkeszulek.hu\/en\/wp-json\/wp\/v2\/woo-feed-brand?post=2259"}],"curies":[{"name":"wp","href":"https:\/\/api.w.org\/{rel}","templated":true}]}}