{"id":12841,"date":"2025-04-25T16:12:52","date_gmt":"2025-04-25T14:12:52","guid":{"rendered":"https:\/\/premiumkeszulek.hu\/termek\/aeg-nbr6p531sb-sensecook-steamcrisp-6000-gozfunkcios-suto-pirolitikus-tisztitassal\/"},"modified":"2026-04-13T11:55:01","modified_gmt":"2026-04-13T09:55:01","slug":"aeg-nbr6p531sb-sensecook-steamcrisp-6000-gozfunkcios-suto-pirolitikus-tisztitassal","status":"publish","type":"product","link":"https:\/\/staging.premiumkeszulek.hu\/en\/product\/aeg-nbr6p531sb-sensecook-steamcrisp-6000-gozfunkcios-suto-pirolitikus-tisztitassal\/","title":{"rendered":"AEG NBR6P531SB SenseCook\/SteamCrisp 6000 g\u0151zfunkci\u00f3s s\u00fct\u0151 pirolitikus tiszt\u00edt\u00e1ssal"},"content":{"rendered":"<p>Wifi; SteamCrisp g\u0151zs\u00fct\u0151; sz\u00edn: fekete; vez\u00e9rl\u00e9s: benyomhat\u00f3 teker\u0151gomb EXPlore LED kijelz\u0151vel(LUX); automatikus programok(45); tiszt\u00edt\u00e1s: pirolitikus; 3 r\u00e9teg\u0171 \u00fcvegajt\u00f3; nett\u00f3 \u0171rtartalom: 72l; finoman csuk\u00f3d\u00f3 ajt\u00f3; teleszk\u00f3pos s\u00fct\u0151s\u00edn; magh\u0151m\u00e9r\u0151<\/p>\n<p>Elektronika funkci\u00f3i: 45 k\u00fcl\u00f6nf\u00e9le el\u0151re be\u00e1ll\u00edtott f\u0151z\u00e9si program, pirolitika (3 ciklus), Acoustic signal (Buzzer), applik\u00e1ci\u00f3 vez\u00e9rl\u00e9s, auto kikapcsol\u00e1s (csak s\u00fct\u0151), \u00e1ll\u00edthat\u00f3 jelz\u0151hang, gyerekz\u00e1r, tiszt\u00edt\u00e1s figyelmeztet\u0151, okos panel, programozott s\u00fct\u00e9s, programozott s\u00fct\u00e9s, H\u00e1tral\u00e9v\u0151 id\u0151 sz\u00e1ml\u00e1l\u00f3, K\u00e9sleltetett ind\u00edt\u00e1s (id\u0151), demo m\u00f3d, \u00e1ll\u00edthat\u00f3 kijlez\u0151 f\u00e9nyer\u0151, elektronikus h\u0151m\u00e9rs\u00e9klet szab\u00e1lyoz\u00f3, elektronikus ajt\u00f3z\u00e1r, Elektronikus ajt\u00f3\u00e9rz\u00e9kel\u0151, v\u00e1laszthat\u00f3 gyors felf\u0171t\u00e9s, magh\u0151m\u00e9r\u0151, magh\u0151m\u00e9r\u0151 h\u0151m\u00e9rs\u00e9klet kijelz\u00e9ssel, magh\u0151m\u00e9r\u0151 h\u0151m\u00e9rs\u00e9klet kijelz\u00e9ssel, Food sensor end action adjustable, funkci\u00f3z\u00e1r, billenty\u0171hang kikapcsolhat\u00f3, percsz\u00e1ml\u00e1l\u00f3, s\u00fct\u0151vil\u00e1g\u00edt\u00e1s (ki-bekapcsolhat\u00f3), val\u00f3s h\u0151m\u00e9rs\u00e9klet kijelz\u00e9s, marad\u00e9kh\u0151 kijelz\u00e9s (\u00b0C), szervizk\u00f3d, Steam tank water level, h\u0151m\u00e9rs\u00e9klet aj\u00e1nl\u00e1s, \u00f3ra (napi id\u0151)<br \/>\n S\u00fct\u00e9si Funkci\u00f3k: als\u00f3 s\u00fct\u00e9s, hagyom\u00e1nyos s\u00fct\u00e9s, f\u00e9lk\u00e9sz \u00e9tel, grill, alacsony p\u00e1ratartalom, nedves h\u0151l\u00e9gbef\u00fav\u00e1s, pizza, h\u0151l\u00e9gkever\u00e9s, turbo grill<\/p>\n","protected":false},"excerpt":{"rendered":"<p>Wifi; SteamCrisp g\u0151zs\u00fct\u0151; sz\u00edn: fekete; vez\u00e9rl\u00e9s: benyomhat\u00f3 teker\u0151gomb EXPlore LED kijelz\u0151vel(LUX); automatikus programok(45); tiszt\u00edt\u00e1s: pirolitikus; 3 r\u00e9teg\u0171 \u00fcvegajt\u00f3; nett\u00f3 \u0171rtartalom: 72l; finoman csuk\u00f3d\u00f3 ajt\u00f3; teleszk\u00f3pos s\u00fct\u0151s\u00edn; magh\u0151m\u00e9r\u0151 Elektronika funkci\u00f3i: 45 k\u00fcl\u00f6nf\u00e9le el\u0151re be\u00e1ll\u00edtott f\u0151z\u00e9si program, pirolitika (3 ciklus), Acoustic signal (Buzzer), applik\u00e1ci\u00f3 vez\u00e9rl\u00e9s, auto kikapcsol\u00e1s (csak s\u00fct\u0151), \u00e1ll\u00edthat\u00f3 jelz\u0151hang, gyerekz\u00e1r, tiszt\u00edt\u00e1s figyelmeztet\u0151, okos panel, programozott [&hellip;]<\/p>\n","protected":false},"featured_media":12840,"comment_status":"closed","ping_status":"closed","template":"","meta":{"_crdt_document":"","content-type":"","jetpack_post_was_ever_published":false,"jetpack_publicize_message":"","jetpack_publicize_feature_enabled":true,"jetpack_social_post_already_shared":true,"jetpack_social_options":{"image_generator_settings":{"template":"highway","default_image_id":0,"font":"","enabled":false},"version":2},"_wpas_customize_per_network":false},"product_brand":[1632],"product_cat":[1389,1527],"product_tag":[],"woo-feed-brand":[],"class_list":{"0":"post-12841","1":"product","2":"type-product","3":"status-publish","4":"has-post-thumbnail","6":"product_brand-aeg","7":"product_cat-beepithetosutok","8":"product_cat-sutok-es-fozolapok","9":"product_shipping_class-100000felett","11":"first","12":"instock","13":"taxable","14":"shipping-taxable","15":"purchasable","16":"product-type-simple"},"yoast_head":"<!-- This site is optimized with the Yoast SEO Premium plugin v26.9 (Yoast SEO v26.9) - https:\/\/yoast.com\/product\/yoast-seo-premium-wordpress\/ -->\n<title>AEG NBR6P531SB SenseCook\/SteamCrisp 6000 g\u0151zfunkci\u00f3s s\u00fct\u0151 pirolitikus tiszt\u00edt\u00e1ssal - Pr\u00e9miumK\u00e9sz\u00fcl\u00e9k<\/title>\n<meta name=\"description\" content=\"Fedezze fel az AEG NBR6P531SB g\u0151zfunkci\u00f3s s\u00fct\u0151t, ami t\u00f6k\u00e9letes v\u00e1laszt\u00e1s a modern konyh\u00e1khoz. \u00c9lvezze a f\u0151z\u00e9s \u00faj dimenzi\u00f3j\u00e1t!\" \/>\n<meta name=\"robots\" content=\"noindex, follow, max-snippet:-1, max-image-preview:large, max-video-preview:-1\" \/>\n<meta property=\"og:locale\" content=\"en_GB\" \/>\n<meta property=\"og:type\" content=\"article\" \/>\n<meta property=\"og:title\" content=\"AEG NBR6P531SB SenseCook\/SteamCrisp 6000 g\u0151zfunkci\u00f3s s\u00fct\u0151 pirolitikus tiszt\u00edt\u00e1ssal\" \/>\n<meta property=\"og:description\" content=\"Fedezze fel az AEG NBR6P531SB g\u0151zfunkci\u00f3s s\u00fct\u0151t, ami t\u00f6k\u00e9letes v\u00e1laszt\u00e1s a modern konyh\u00e1khoz. \u00c9lvezze a f\u0151z\u00e9s \u00faj dimenzi\u00f3j\u00e1t!\" \/>\n<meta property=\"og:url\" content=\"https:\/\/staging.premiumkeszulek.hu\/en\/termek\/aeg-nbr6p531sb-sensecook-steamcrisp-6000-gozfunkcios-suto-pirolitikus-tisztitassal\/\" \/>\n<meta property=\"og:site_name\" content=\"Pr\u00e9miumK\u00e9sz\u00fcl\u00e9k\" \/>\n<meta property=\"article:publisher\" content=\"https:\/\/www.facebook.com\/konyhaluxnet\" \/>\n<meta property=\"article:modified_time\" content=\"2026-04-13T09:55:01+00:00\" \/>\n<meta property=\"og:image\" content=\"https:\/\/i0.wp.com\/staging.premiumkeszulek.hu\/wp-content\/uploads\/2025\/04\/NBR6P531SB-111.png?fit=800%2C800&ssl=1\" \/>\n\t<meta property=\"og:image:width\" content=\"800\" \/>\n\t<meta property=\"og:image:height\" content=\"800\" \/>\n\t<meta property=\"og:image:type\" content=\"image\/png\" \/>\n<meta name=\"twitter:card\" content=\"summary_large_image\" \/>\n<meta name=\"twitter:label1\" content=\"Estimated reading time\" \/>\n\t<meta name=\"twitter:data1\" content=\"3 minutes\" \/>\n<script type=\"application\/ld+json\" class=\"yoast-schema-graph\">{\"@context\":\"https:\/\/schema.org\",\"@graph\":[{\"@type\":\"WebPage\",\"@id\":\"https:\/\/staging.premiumkeszulek.hu\/hu\/termek\/aeg-nbr6p531sb-sensecook-steamcrisp-6000-gozfunkcios-suto-pirolitikus-tisztitassal\/\",\"url\":\"https:\/\/staging.premiumkeszulek.hu\/hu\/termek\/aeg-nbr6p531sb-sensecook-steamcrisp-6000-gozfunkcios-suto-pirolitikus-tisztitassal\/\",\"name\":\"AEG NBR6P531SB SenseCook\/SteamCrisp 6000 g\u0151zfunkci\u00f3s s\u00fct\u0151 pirolitikus tiszt\u00edt\u00e1ssal - Pr\u00e9miumK\u00e9sz\u00fcl\u00e9k\",\"isPartOf\":{\"@id\":\"https:\/\/staging.premiumkeszulek.hu\/hu\/#website\"},\"primaryImageOfPage\":{\"@id\":\"https:\/\/staging.premiumkeszulek.hu\/hu\/termek\/aeg-nbr6p531sb-sensecook-steamcrisp-6000-gozfunkcios-suto-pirolitikus-tisztitassal\/#primaryimage\"},\"image\":{\"@id\":\"https:\/\/staging.premiumkeszulek.hu\/hu\/termek\/aeg-nbr6p531sb-sensecook-steamcrisp-6000-gozfunkcios-suto-pirolitikus-tisztitassal\/#primaryimage\"},\"thumbnailUrl\":\"https:\/\/i0.wp.com\/staging.premiumkeszulek.hu\/wp-content\/uploads\/2025\/04\/NBR6P531SB-111.png?fit=800%2C800&ssl=1\",\"datePublished\":\"2025-04-25T14:12:52+00:00\",\"dateModified\":\"2026-04-13T09:55:01+00:00\",\"description\":\"Fedezze fel az AEG NBR6P531SB g\u0151zfunkci\u00f3s s\u00fct\u0151t, ami t\u00f6k\u00e9letes v\u00e1laszt\u00e1s a modern konyh\u00e1khoz. \u00c9lvezze a f\u0151z\u00e9s \u00faj dimenzi\u00f3j\u00e1t!\",\"breadcrumb\":{\"@id\":\"https:\/\/staging.premiumkeszulek.hu\/hu\/termek\/aeg-nbr6p531sb-sensecook-steamcrisp-6000-gozfunkcios-suto-pirolitikus-tisztitassal\/#breadcrumb\"},\"inLanguage\":\"en-GB\",\"potentialAction\":[{\"@type\":\"ReadAction\",\"target\":[\"https:\/\/staging.premiumkeszulek.hu\/hu\/termek\/aeg-nbr6p531sb-sensecook-steamcrisp-6000-gozfunkcios-suto-pirolitikus-tisztitassal\/\"]}]},{\"@type\":\"ImageObject\",\"inLanguage\":\"en-GB\",\"@id\":\"https:\/\/staging.premiumkeszulek.hu\/hu\/termek\/aeg-nbr6p531sb-sensecook-steamcrisp-6000-gozfunkcios-suto-pirolitikus-tisztitassal\/#primaryimage\",\"url\":\"https:\/\/i0.wp.com\/staging.premiumkeszulek.hu\/wp-content\/uploads\/2025\/04\/NBR6P531SB-111.png?fit=800%2C800&ssl=1\",\"contentUrl\":\"https:\/\/i0.wp.com\/staging.premiumkeszulek.hu\/wp-content\/uploads\/2025\/04\/NBR6P531SB-111.png?fit=800%2C800&ssl=1\",\"width\":800,\"height\":800},{\"@type\":\"BreadcrumbList\",\"@id\":\"https:\/\/staging.premiumkeszulek.hu\/hu\/termek\/aeg-nbr6p531sb-sensecook-steamcrisp-6000-gozfunkcios-suto-pirolitikus-tisztitassal\/#breadcrumb\",\"itemListElement\":[{\"@type\":\"ListItem\",\"position\":1,\"name\":\"Home\",\"item\":\"https:\/\/staging.premiumkeszulek.hu\/hu\/\"},{\"@type\":\"ListItem\",\"position\":2,\"name\":\"Shop\",\"item\":\"https:\/\/staging.premiumkeszulek.hu\/hu\/shop\/\"},{\"@type\":\"ListItem\",\"position\":3,\"name\":\"AEG NBR6P531SB SenseCook\/SteamCrisp 6000 g\u0151zfunkci\u00f3s s\u00fct\u0151 pirolitikus tiszt\u00edt\u00e1ssal\"}]},{\"@type\":\"WebSite\",\"@id\":\"https:\/\/staging.premiumkeszulek.hu\/hu\/#website\",\"url\":\"https:\/\/staging.premiumkeszulek.hu\/hu\/\",\"name\":\"Pr\u00e9miumK\u00e9sz\u00fcl\u00e9k\",\"description\":\"\",\"publisher\":{\"@id\":\"https:\/\/staging.premiumkeszulek.hu\/hu\/#organization\"},\"potentialAction\":[{\"@type\":\"SearchAction\",\"target\":{\"@type\":\"EntryPoint\",\"urlTemplate\":\"https:\/\/staging.premiumkeszulek.hu\/hu\/?s={search_term_string}\"},\"query-input\":{\"@type\":\"PropertyValueSpecification\",\"valueRequired\":true,\"valueName\":\"search_term_string\"}}],\"inLanguage\":\"en-GB\"},{\"@type\":\"Organization\",\"@id\":\"https:\/\/staging.premiumkeszulek.hu\/hu\/#organization\",\"name\":\"Pr\u00e9miumK\u00e9sz\u00fcl\u00e9k\",\"alternateName\":\"HPH Special Kft\",\"url\":\"https:\/\/staging.premiumkeszulek.hu\/hu\/\",\"logo\":{\"@type\":\"ImageObject\",\"inLanguage\":\"en-GB\",\"@id\":\"https:\/\/staging.premiumkeszulek.hu\/hu\/#\/schema\/logo\/image\/\",\"url\":\"https:\/\/staging.premiumkeszulek.hu\/wp-content\/uploads\/2025\/03\/TURKIZLOGO-kicsi.png\",\"contentUrl\":\"https:\/\/staging.premiumkeszulek.hu\/wp-content\/uploads\/2025\/03\/TURKIZLOGO-kicsi.png\",\"width\":1600,\"height\":547,\"caption\":\"Pr\u00e9miumK\u00e9sz\u00fcl\u00e9k\"},\"image\":{\"@id\":\"https:\/\/staging.premiumkeszulek.hu\/hu\/#\/schema\/logo\/image\/\"},\"sameAs\":[\"https:\/\/www.facebook.com\/konyhaluxnet\",\"https:\/\/www.instagram.com\/konyhaluxnet\/#\"],\"email\":\"info@premiumkeszulek.hu\",\"telephone\":\"36 1 \/ 226-1992\",\"legalName\":\"HPH Special Kft\",\"vatID\":\"HU12549502\",\"taxID\":\"12549502\"}]}<\/script>\n<!-- \/ Yoast SEO Premium plugin. -->","yoast_head_json":{"title":"AEG NBR6P531SB SenseCook\/SteamCrisp 6000 g\u0151zfunkci\u00f3s s\u00fct\u0151 pirolitikus tiszt\u00edt\u00e1ssal - Pr\u00e9miumK\u00e9sz\u00fcl\u00e9k","description":"Fedezze fel az AEG NBR6P531SB g\u0151zfunkci\u00f3s s\u00fct\u0151t, ami t\u00f6k\u00e9letes v\u00e1laszt\u00e1s a modern konyh\u00e1khoz. \u00c9lvezze a f\u0151z\u00e9s \u00faj dimenzi\u00f3j\u00e1t!","robots":{"index":"noindex","follow":"follow","max-snippet":"max-snippet:-1","max-image-preview":"max-image-preview:large","max-video-preview":"max-video-preview:-1"},"og_locale":"en_GB","og_type":"article","og_title":"AEG NBR6P531SB SenseCook\/SteamCrisp 6000 g\u0151zfunkci\u00f3s s\u00fct\u0151 pirolitikus tiszt\u00edt\u00e1ssal","og_description":"Fedezze fel az AEG NBR6P531SB g\u0151zfunkci\u00f3s s\u00fct\u0151t, ami t\u00f6k\u00e9letes v\u00e1laszt\u00e1s a modern konyh\u00e1khoz. \u00c9lvezze a f\u0151z\u00e9s \u00faj dimenzi\u00f3j\u00e1t!","og_url":"https:\/\/staging.premiumkeszulek.hu\/en\/termek\/aeg-nbr6p531sb-sensecook-steamcrisp-6000-gozfunkcios-suto-pirolitikus-tisztitassal\/","og_site_name":"Pr\u00e9miumK\u00e9sz\u00fcl\u00e9k","article_publisher":"https:\/\/www.facebook.com\/konyhaluxnet","article_modified_time":"2026-04-13T09:55:01+00:00","og_image":[{"width":800,"height":800,"url":"https:\/\/i0.wp.com\/staging.premiumkeszulek.hu\/wp-content\/uploads\/2025\/04\/NBR6P531SB-111.png?fit=800%2C800&ssl=1","type":"image\/png"}],"twitter_card":"summary_large_image","twitter_misc":{"Estimated reading time":"3 minutes"},"schema":{"@context":"https:\/\/schema.org","@graph":[{"@type":"WebPage","@id":"https:\/\/staging.premiumkeszulek.hu\/hu\/termek\/aeg-nbr6p531sb-sensecook-steamcrisp-6000-gozfunkcios-suto-pirolitikus-tisztitassal\/","url":"https:\/\/staging.premiumkeszulek.hu\/hu\/termek\/aeg-nbr6p531sb-sensecook-steamcrisp-6000-gozfunkcios-suto-pirolitikus-tisztitassal\/","name":"AEG NBR6P531SB SenseCook\/SteamCrisp 6000 g\u0151zfunkci\u00f3s s\u00fct\u0151 pirolitikus tiszt\u00edt\u00e1ssal - Pr\u00e9miumK\u00e9sz\u00fcl\u00e9k","isPartOf":{"@id":"https:\/\/staging.premiumkeszulek.hu\/hu\/#website"},"primaryImageOfPage":{"@id":"https:\/\/staging.premiumkeszulek.hu\/hu\/termek\/aeg-nbr6p531sb-sensecook-steamcrisp-6000-gozfunkcios-suto-pirolitikus-tisztitassal\/#primaryimage"},"image":{"@id":"https:\/\/staging.premiumkeszulek.hu\/hu\/termek\/aeg-nbr6p531sb-sensecook-steamcrisp-6000-gozfunkcios-suto-pirolitikus-tisztitassal\/#primaryimage"},"thumbnailUrl":"https:\/\/i0.wp.com\/staging.premiumkeszulek.hu\/wp-content\/uploads\/2025\/04\/NBR6P531SB-111.png?fit=800%2C800&ssl=1","datePublished":"2025-04-25T14:12:52+00:00","dateModified":"2026-04-13T09:55:01+00:00","description":"Fedezze fel az AEG NBR6P531SB g\u0151zfunkci\u00f3s s\u00fct\u0151t, ami t\u00f6k\u00e9letes v\u00e1laszt\u00e1s a modern konyh\u00e1khoz. \u00c9lvezze a f\u0151z\u00e9s \u00faj dimenzi\u00f3j\u00e1t!","breadcrumb":{"@id":"https:\/\/staging.premiumkeszulek.hu\/hu\/termek\/aeg-nbr6p531sb-sensecook-steamcrisp-6000-gozfunkcios-suto-pirolitikus-tisztitassal\/#breadcrumb"},"inLanguage":"en-GB","potentialAction":[{"@type":"ReadAction","target":["https:\/\/staging.premiumkeszulek.hu\/hu\/termek\/aeg-nbr6p531sb-sensecook-steamcrisp-6000-gozfunkcios-suto-pirolitikus-tisztitassal\/"]}]},{"@type":"ImageObject","inLanguage":"en-GB","@id":"https:\/\/staging.premiumkeszulek.hu\/hu\/termek\/aeg-nbr6p531sb-sensecook-steamcrisp-6000-gozfunkcios-suto-pirolitikus-tisztitassal\/#primaryimage","url":"https:\/\/i0.wp.com\/staging.premiumkeszulek.hu\/wp-content\/uploads\/2025\/04\/NBR6P531SB-111.png?fit=800%2C800&ssl=1","contentUrl":"https:\/\/i0.wp.com\/staging.premiumkeszulek.hu\/wp-content\/uploads\/2025\/04\/NBR6P531SB-111.png?fit=800%2C800&ssl=1","width":800,"height":800},{"@type":"BreadcrumbList","@id":"https:\/\/staging.premiumkeszulek.hu\/hu\/termek\/aeg-nbr6p531sb-sensecook-steamcrisp-6000-gozfunkcios-suto-pirolitikus-tisztitassal\/#breadcrumb","itemListElement":[{"@type":"ListItem","position":1,"name":"Home","item":"https:\/\/staging.premiumkeszulek.hu\/hu\/"},{"@type":"ListItem","position":2,"name":"Shop","item":"https:\/\/staging.premiumkeszulek.hu\/hu\/shop\/"},{"@type":"ListItem","position":3,"name":"AEG NBR6P531SB SenseCook\/SteamCrisp 6000 g\u0151zfunkci\u00f3s s\u00fct\u0151 pirolitikus tiszt\u00edt\u00e1ssal"}]},{"@type":"WebSite","@id":"https:\/\/staging.premiumkeszulek.hu\/hu\/#website","url":"https:\/\/staging.premiumkeszulek.hu\/hu\/","name":"Pr\u00e9miumK\u00e9sz\u00fcl\u00e9k","description":"","publisher":{"@id":"https:\/\/staging.premiumkeszulek.hu\/hu\/#organization"},"potentialAction":[{"@type":"SearchAction","target":{"@type":"EntryPoint","urlTemplate":"https:\/\/staging.premiumkeszulek.hu\/hu\/?s={search_term_string}"},"query-input":{"@type":"PropertyValueSpecification","valueRequired":true,"valueName":"search_term_string"}}],"inLanguage":"en-GB"},{"@type":"Organization","@id":"https:\/\/staging.premiumkeszulek.hu\/hu\/#organization","name":"Pr\u00e9miumK\u00e9sz\u00fcl\u00e9k","alternateName":"HPH Special Kft","url":"https:\/\/staging.premiumkeszulek.hu\/hu\/","logo":{"@type":"ImageObject","inLanguage":"en-GB","@id":"https:\/\/staging.premiumkeszulek.hu\/hu\/#\/schema\/logo\/image\/","url":"https:\/\/staging.premiumkeszulek.hu\/wp-content\/uploads\/2025\/03\/TURKIZLOGO-kicsi.png","contentUrl":"https:\/\/staging.premiumkeszulek.hu\/wp-content\/uploads\/2025\/03\/TURKIZLOGO-kicsi.png","width":1600,"height":547,"caption":"Pr\u00e9miumK\u00e9sz\u00fcl\u00e9k"},"image":{"@id":"https:\/\/staging.premiumkeszulek.hu\/hu\/#\/schema\/logo\/image\/"},"sameAs":["https:\/\/www.facebook.com\/konyhaluxnet","https:\/\/www.instagram.com\/konyhaluxnet\/#"],"email":"info@premiumkeszulek.hu","telephone":"36 1 \/ 226-1992","legalName":"HPH Special Kft","vatID":"HU12549502","taxID":"12549502"}]}},"jetpack_publicize_connections":[],"jetpack_likes_enabled":true,"jetpack_sharing_enabled":true,"jetpack-related-posts":[],"_links":{"self":[{"href":"https:\/\/staging.premiumkeszulek.hu\/en\/wp-json\/wp\/v2\/product\/12841","targetHints":{"allow":["GET"]}}],"collection":[{"href":"https:\/\/staging.premiumkeszulek.hu\/en\/wp-json\/wp\/v2\/product"}],"about":[{"href":"https:\/\/staging.premiumkeszulek.hu\/en\/wp-json\/wp\/v2\/types\/product"}],"replies":[{"embeddable":true,"href":"https:\/\/staging.premiumkeszulek.hu\/en\/wp-json\/wp\/v2\/comments?post=12841"}],"wp:featuredmedia":[{"embeddable":true,"href":"https:\/\/staging.premiumkeszulek.hu\/en\/wp-json\/wp\/v2\/media\/12840"}],"wp:attachment":[{"href":"https:\/\/staging.premiumkeszulek.hu\/en\/wp-json\/wp\/v2\/media?parent=12841"}],"wp:term":[{"taxonomy":"product_brand","embeddable":true,"href":"https:\/\/staging.premiumkeszulek.hu\/en\/wp-json\/wp\/v2\/product_brand?post=12841"},{"taxonomy":"product_cat","embeddable":true,"href":"https:\/\/staging.premiumkeszulek.hu\/en\/wp-json\/wp\/v2\/product_cat?post=12841"},{"taxonomy":"product_tag","embeddable":true,"href":"https:\/\/staging.premiumkeszulek.hu\/en\/wp-json\/wp\/v2\/product_tag?post=12841"},{"taxonomy":"woo-feed-brand","embeddable":true,"href":"https:\/\/staging.premiumkeszulek.hu\/en\/wp-json\/wp\/v2\/woo-feed-brand?post=12841"}],"curies":[{"name":"wp","href":"https:\/\/api.w.org\/{rel}","templated":true}]}}