{"id":1208,"date":"2025-02-06T13:39:16","date_gmt":"2025-02-06T12:39:16","guid":{"rendered":"https:\/\/premiumkeszulek.hu\/product\/miele-dgc-7450-beepitheto-kombi-gozparolo\/"},"modified":"2026-04-13T11:58:39","modified_gmt":"2026-04-13T09:58:39","slug":"miele-dgc-7450-beepitheto-kombi-gozparolo","status":"publish","type":"product","link":"https:\/\/staging.premiumkeszulek.hu\/en\/product\/miele-dgc-7450-beepitheto-kombi-gozparolo\/","title":{"rendered":"Miele DGC 7450 be\u00e9p\u00edthet\u0151 kombi g\u0151zp\u00e1rol\u00f3"},"content":{"rendered":"\n<figure class=\"wp-block-image size-full\"><img data-recalc-dims=\"1\" fetchpriority=\"high\" decoding=\"async\" width=\"364\" height=\"138\" data-attachment-id=\"79707\" data-permalink=\"https:\/\/staging.premiumkeszulek.hu\/en\/?attachment_id=79707\" data-orig-file=\"https:\/\/i0.wp.com\/staging.premiumkeszulek.hu\/wp-content\/uploads\/2026\/04\/images-3.png?fit=364%2C138&amp;ssl=1\" data-orig-size=\"364,138\" data-comments-opened=\"1\" data-image-meta=\"{&quot;aperture&quot;:&quot;0&quot;,&quot;credit&quot;:&quot;&quot;,&quot;camera&quot;:&quot;&quot;,&quot;caption&quot;:&quot;&quot;,&quot;created_timestamp&quot;:&quot;0&quot;,&quot;copyright&quot;:&quot;&quot;,&quot;focal_length&quot;:&quot;0&quot;,&quot;iso&quot;:&quot;0&quot;,&quot;shutter_speed&quot;:&quot;0&quot;,&quot;title&quot;:&quot;&quot;,&quot;orientation&quot;:&quot;0&quot;}\" data-image-title=\"images (3)\" data-image-description=\"\" data-image-caption=\"\" data-medium-file=\"https:\/\/i0.wp.com\/staging.premiumkeszulek.hu\/wp-content\/uploads\/2026\/04\/images-3.png?fit=300%2C114&amp;ssl=1\" data-large-file=\"https:\/\/i0.wp.com\/staging.premiumkeszulek.hu\/wp-content\/uploads\/2026\/04\/images-3.png?fit=364%2C138&amp;ssl=1\" src=\"https:\/\/i0.wp.com\/premiumkeszulek.hu\/wp-content\/uploads\/2026\/04\/images-3.png?resize=364%2C138&#038;ssl=1\" alt=\"\" class=\"wp-image-79707\" srcset=\"https:\/\/i0.wp.com\/staging.premiumkeszulek.hu\/wp-content\/uploads\/2026\/04\/images-3.png?w=364&amp;ssl=1 364w, https:\/\/i0.wp.com\/staging.premiumkeszulek.hu\/wp-content\/uploads\/2026\/04\/images-3.png?resize=300%2C114&amp;ssl=1 300w, https:\/\/i0.wp.com\/staging.premiumkeszulek.hu\/wp-content\/uploads\/2026\/04\/images-3.png?resize=18%2C7&amp;ssl=1 18w\" sizes=\"(max-width: 364px) 100vw, 364px\" \/><\/figure>\n<div class=\"loadbeeTabContent\" data-loadbee-apikey=\"bVxDWaSdseFz5PWWtvKmAkGr88n6WXYY\" data-loadbee-gtin=\"4002516587576\" data-loadbee-locale=\"hu_HU\">\u00a0\n<\/div><script async src=\"https:\/\/cdn.loadbee.com\/js\/loadbee_integration.js\"><\/script><script type=\"text\/javascript\"\nsrc=\"https:\/\/tracking.channelsight.com\/api\/tracking\/v2\/Init\">\n<\/script> \n\tNagy sz\u00f6veges kijelz\u0151 szenzoros kezel\u00e9ssel \u2013 DirectSensor\n\tKiv\u00e1l\u00f3 eredm\u00e9nyek \u2013 MonoSteam g\u0151ztechnol\u00f3gia\n\tK\u00fcl\u00f6n\u00f6sen laza t\u00e9szta \u00e9s ropog\u00f3s k\u00e9reg \u2013 Kl\u00edmavez\u00e9rl\u00e9s\n\tAz \u00e9telek garant\u00e1ltan nem \u00e9gnek le \u2013 TasteControl\u00a0\n\tK\u00f6nny\u0171 tiszt\u00edt\u00e1s \u2013 PerfectClean felszerelts\u00e9g\u00a0\n","protected":false},"excerpt":{"rendered":"<p>\u00a0 Nagy sz\u00f6veges kijelz\u0151 szenzoros kezel\u00e9ssel \u2013 DirectSensor Kiv\u00e1l\u00f3 eredm\u00e9nyek \u2013 MonoSteam g\u0151ztechnol\u00f3gia K\u00fcl\u00f6n\u00f6sen laza t\u00e9szta \u00e9s ropog\u00f3s k\u00e9reg \u2013 Kl\u00edmavez\u00e9rl\u00e9s Az \u00e9telek garant\u00e1ltan nem \u00e9gnek le \u2013 TasteControl\u00a0 K\u00f6nny\u0171 tiszt\u00edt\u00e1s \u2013 PerfectClean felszerelts\u00e9g\u00a0<\/p>\n","protected":false},"featured_media":10006,"comment_status":"closed","ping_status":"closed","template":"","meta":{"_crdt_document":"","content-type":"","jetpack_post_was_ever_published":false,"jetpack_publicize_message":"","jetpack_publicize_feature_enabled":true,"jetpack_social_post_already_shared":true,"jetpack_social_options":{"image_generator_settings":{"template":"highway","default_image_id":0,"font":"","enabled":false},"version":2},"_wpas_customize_per_network":false},"product_brand":[1372],"product_cat":[1390,1527],"product_tag":[],"woo-feed-brand":[],"class_list":{"0":"post-1208","1":"product","2":"type-product","3":"status-publish","4":"has-post-thumbnail","6":"product_brand-miele","7":"product_cat-gozparolo","8":"product_cat-sutok-es-fozolapok","9":"product_shipping_class-100000felett","11":"first","12":"onbackorder","13":"taxable","14":"shipping-taxable","15":"purchasable","16":"product-type-simple"},"yoast_head":"<!-- This site is optimized with the Yoast SEO Premium plugin v26.9 (Yoast SEO v26.9) - https:\/\/yoast.com\/product\/yoast-seo-premium-wordpress\/ -->\n<title>Miele DGC 7450 be\u00e9p\u00edthet\u0151 kombi g\u0151zp\u00e1rol\u00f3 - Pr\u00e9miumK\u00e9sz\u00fcl\u00e9k<\/title>\n<meta name=\"description\" content=\"Fedezze fel a Miele DGC 7450 kombi g\u0151zp\u00e1rol\u00f3 leny\u0171g\u00f6z\u0151 tud\u00e1s\u00e1t! K\u00e9sz\u00edtsen t\u00f6k\u00e9letes \u00e9teleket egyszer\u0171en a legmodernebb technol\u00f3gi\u00e1val.\" \/>\n<meta name=\"robots\" content=\"noindex, follow, max-snippet:-1, max-image-preview:large, max-video-preview:-1\" \/>\n<meta property=\"og:locale\" content=\"en_GB\" \/>\n<meta property=\"og:type\" content=\"article\" \/>\n<meta property=\"og:title\" content=\"Miele DGC 7450 be\u00e9p\u00edthet\u0151 kombi g\u0151zp\u00e1rol\u00f3\" \/>\n<meta property=\"og:description\" content=\"Fedezze fel a Miele DGC 7450 kombi g\u0151zp\u00e1rol\u00f3 leny\u0171g\u00f6z\u0151 tud\u00e1s\u00e1t! K\u00e9sz\u00edtsen t\u00f6k\u00e9letes \u00e9teleket egyszer\u0171en a legmodernebb technol\u00f3gi\u00e1val.\" \/>\n<meta property=\"og:url\" content=\"https:\/\/staging.premiumkeszulek.hu\/en\/product\/miele-dgc-7450-beepitheto-kombi-gozparolo\/\" \/>\n<meta property=\"og:site_name\" content=\"Pr\u00e9miumK\u00e9sz\u00fcl\u00e9k\" \/>\n<meta property=\"article:publisher\" content=\"https:\/\/www.facebook.com\/konyhaluxnet\" \/>\n<meta property=\"article:modified_time\" content=\"2026-04-13T09:58:39+00:00\" \/>\n<meta property=\"og:image\" content=\"https:\/\/i0.wp.com\/staging.premiumkeszulek.hu\/wp-content\/uploads\/2025\/04\/dgc7450_na_1.jpg?fit=1000%2C1000&ssl=1\" \/>\n\t<meta property=\"og:image:width\" content=\"1000\" \/>\n\t<meta property=\"og:image:height\" content=\"1000\" \/>\n\t<meta property=\"og:image:type\" content=\"image\/jpeg\" \/>\n<meta name=\"twitter:card\" content=\"summary_large_image\" \/>\n<meta name=\"twitter:label1\" content=\"Estimated reading time\" \/>\n\t<meta name=\"twitter:data1\" content=\"1 minute\" \/>\n<script type=\"application\/ld+json\" class=\"yoast-schema-graph\">{\"@context\":\"https:\/\/schema.org\",\"@graph\":[{\"@type\":\"WebPage\",\"@id\":\"https:\/\/staging.premiumkeszulek.hu\/en\/product\/miele-dgc-7450-beepitheto-kombi-gozparolo\/\",\"url\":\"https:\/\/staging.premiumkeszulek.hu\/en\/product\/miele-dgc-7450-beepitheto-kombi-gozparolo\/\",\"name\":\"Miele DGC 7450 be\u00e9p\u00edthet\u0151 kombi g\u0151zp\u00e1rol\u00f3 - Pr\u00e9miumK\u00e9sz\u00fcl\u00e9k\",\"isPartOf\":{\"@id\":\"https:\/\/staging.premiumkeszulek.hu\/hu\/#website\"},\"primaryImageOfPage\":{\"@id\":\"https:\/\/staging.premiumkeszulek.hu\/en\/product\/miele-dgc-7450-beepitheto-kombi-gozparolo\/#primaryimage\"},\"image\":{\"@id\":\"https:\/\/staging.premiumkeszulek.hu\/en\/product\/miele-dgc-7450-beepitheto-kombi-gozparolo\/#primaryimage\"},\"thumbnailUrl\":\"https:\/\/i0.wp.com\/staging.premiumkeszulek.hu\/wp-content\/uploads\/2025\/04\/dgc7450_na_1.jpg?fit=1000%2C1000&ssl=1\",\"datePublished\":\"2025-02-06T12:39:16+00:00\",\"dateModified\":\"2026-04-13T09:58:39+00:00\",\"description\":\"Fedezze fel a Miele DGC 7450 kombi g\u0151zp\u00e1rol\u00f3 leny\u0171g\u00f6z\u0151 tud\u00e1s\u00e1t! K\u00e9sz\u00edtsen t\u00f6k\u00e9letes \u00e9teleket egyszer\u0171en a legmodernebb technol\u00f3gi\u00e1val.\",\"breadcrumb\":{\"@id\":\"https:\/\/staging.premiumkeszulek.hu\/en\/product\/miele-dgc-7450-beepitheto-kombi-gozparolo\/#breadcrumb\"},\"inLanguage\":\"en-GB\",\"potentialAction\":[{\"@type\":\"ReadAction\",\"target\":[\"https:\/\/staging.premiumkeszulek.hu\/en\/product\/miele-dgc-7450-beepitheto-kombi-gozparolo\/\"]}]},{\"@type\":\"ImageObject\",\"inLanguage\":\"en-GB\",\"@id\":\"https:\/\/staging.premiumkeszulek.hu\/en\/product\/miele-dgc-7450-beepitheto-kombi-gozparolo\/#primaryimage\",\"url\":\"https:\/\/i0.wp.com\/staging.premiumkeszulek.hu\/wp-content\/uploads\/2025\/04\/dgc7450_na_1.jpg?fit=1000%2C1000&ssl=1\",\"contentUrl\":\"https:\/\/i0.wp.com\/staging.premiumkeszulek.hu\/wp-content\/uploads\/2025\/04\/dgc7450_na_1.jpg?fit=1000%2C1000&ssl=1\",\"width\":1000,\"height\":1000},{\"@type\":\"BreadcrumbList\",\"@id\":\"https:\/\/staging.premiumkeszulek.hu\/en\/product\/miele-dgc-7450-beepitheto-kombi-gozparolo\/#breadcrumb\",\"itemListElement\":[{\"@type\":\"ListItem\",\"position\":1,\"name\":\"Home\",\"item\":\"https:\/\/staging.premiumkeszulek.hu\/hu\/\"},{\"@type\":\"ListItem\",\"position\":2,\"name\":\"Shop\",\"item\":\"https:\/\/staging.premiumkeszulek.hu\/hu\/shop\/\"},{\"@type\":\"ListItem\",\"position\":3,\"name\":\"Miele DGC 7450 be\u00e9p\u00edthet\u0151 kombi g\u0151zp\u00e1rol\u00f3\"}]},{\"@type\":\"WebSite\",\"@id\":\"https:\/\/staging.premiumkeszulek.hu\/hu\/#website\",\"url\":\"https:\/\/staging.premiumkeszulek.hu\/hu\/\",\"name\":\"Pr\u00e9miumK\u00e9sz\u00fcl\u00e9k\",\"description\":\"\",\"publisher\":{\"@id\":\"https:\/\/staging.premiumkeszulek.hu\/hu\/#organization\"},\"potentialAction\":[{\"@type\":\"SearchAction\",\"target\":{\"@type\":\"EntryPoint\",\"urlTemplate\":\"https:\/\/staging.premiumkeszulek.hu\/hu\/?s={search_term_string}\"},\"query-input\":{\"@type\":\"PropertyValueSpecification\",\"valueRequired\":true,\"valueName\":\"search_term_string\"}}],\"inLanguage\":\"en-GB\"},{\"@type\":\"Organization\",\"@id\":\"https:\/\/staging.premiumkeszulek.hu\/hu\/#organization\",\"name\":\"Pr\u00e9miumK\u00e9sz\u00fcl\u00e9k\",\"alternateName\":\"HPH Special Kft\",\"url\":\"https:\/\/staging.premiumkeszulek.hu\/hu\/\",\"logo\":{\"@type\":\"ImageObject\",\"inLanguage\":\"en-GB\",\"@id\":\"https:\/\/staging.premiumkeszulek.hu\/hu\/#\/schema\/logo\/image\/\",\"url\":\"https:\/\/staging.premiumkeszulek.hu\/wp-content\/uploads\/2025\/03\/TURKIZLOGO-kicsi.png\",\"contentUrl\":\"https:\/\/staging.premiumkeszulek.hu\/wp-content\/uploads\/2025\/03\/TURKIZLOGO-kicsi.png\",\"width\":1600,\"height\":547,\"caption\":\"Pr\u00e9miumK\u00e9sz\u00fcl\u00e9k\"},\"image\":{\"@id\":\"https:\/\/staging.premiumkeszulek.hu\/hu\/#\/schema\/logo\/image\/\"},\"sameAs\":[\"https:\/\/www.facebook.com\/konyhaluxnet\",\"https:\/\/www.instagram.com\/konyhaluxnet\/#\"],\"email\":\"info@premiumkeszulek.hu\",\"telephone\":\"36 1 \/ 226-1992\",\"legalName\":\"HPH Special Kft\",\"vatID\":\"HU12549502\",\"taxID\":\"12549502\"}]}<\/script>\n<!-- \/ Yoast SEO Premium plugin. -->","yoast_head_json":{"title":"Miele DGC 7450 be\u00e9p\u00edthet\u0151 kombi g\u0151zp\u00e1rol\u00f3 - Pr\u00e9miumK\u00e9sz\u00fcl\u00e9k","description":"Fedezze fel a Miele DGC 7450 kombi g\u0151zp\u00e1rol\u00f3 leny\u0171g\u00f6z\u0151 tud\u00e1s\u00e1t! K\u00e9sz\u00edtsen t\u00f6k\u00e9letes \u00e9teleket egyszer\u0171en a legmodernebb technol\u00f3gi\u00e1val.","robots":{"index":"noindex","follow":"follow","max-snippet":"max-snippet:-1","max-image-preview":"max-image-preview:large","max-video-preview":"max-video-preview:-1"},"og_locale":"en_GB","og_type":"article","og_title":"Miele DGC 7450 be\u00e9p\u00edthet\u0151 kombi g\u0151zp\u00e1rol\u00f3","og_description":"Fedezze fel a Miele DGC 7450 kombi g\u0151zp\u00e1rol\u00f3 leny\u0171g\u00f6z\u0151 tud\u00e1s\u00e1t! K\u00e9sz\u00edtsen t\u00f6k\u00e9letes \u00e9teleket egyszer\u0171en a legmodernebb technol\u00f3gi\u00e1val.","og_url":"https:\/\/staging.premiumkeszulek.hu\/en\/product\/miele-dgc-7450-beepitheto-kombi-gozparolo\/","og_site_name":"Pr\u00e9miumK\u00e9sz\u00fcl\u00e9k","article_publisher":"https:\/\/www.facebook.com\/konyhaluxnet","article_modified_time":"2026-04-13T09:58:39+00:00","og_image":[{"width":1000,"height":1000,"url":"https:\/\/i0.wp.com\/staging.premiumkeszulek.hu\/wp-content\/uploads\/2025\/04\/dgc7450_na_1.jpg?fit=1000%2C1000&ssl=1","type":"image\/jpeg"}],"twitter_card":"summary_large_image","twitter_misc":{"Estimated reading time":"1 minute"},"schema":{"@context":"https:\/\/schema.org","@graph":[{"@type":"WebPage","@id":"https:\/\/staging.premiumkeszulek.hu\/en\/product\/miele-dgc-7450-beepitheto-kombi-gozparolo\/","url":"https:\/\/staging.premiumkeszulek.hu\/en\/product\/miele-dgc-7450-beepitheto-kombi-gozparolo\/","name":"Miele DGC 7450 be\u00e9p\u00edthet\u0151 kombi g\u0151zp\u00e1rol\u00f3 - Pr\u00e9miumK\u00e9sz\u00fcl\u00e9k","isPartOf":{"@id":"https:\/\/staging.premiumkeszulek.hu\/hu\/#website"},"primaryImageOfPage":{"@id":"https:\/\/staging.premiumkeszulek.hu\/en\/product\/miele-dgc-7450-beepitheto-kombi-gozparolo\/#primaryimage"},"image":{"@id":"https:\/\/staging.premiumkeszulek.hu\/en\/product\/miele-dgc-7450-beepitheto-kombi-gozparolo\/#primaryimage"},"thumbnailUrl":"https:\/\/i0.wp.com\/staging.premiumkeszulek.hu\/wp-content\/uploads\/2025\/04\/dgc7450_na_1.jpg?fit=1000%2C1000&ssl=1","datePublished":"2025-02-06T12:39:16+00:00","dateModified":"2026-04-13T09:58:39+00:00","description":"Fedezze fel a Miele DGC 7450 kombi g\u0151zp\u00e1rol\u00f3 leny\u0171g\u00f6z\u0151 tud\u00e1s\u00e1t! K\u00e9sz\u00edtsen t\u00f6k\u00e9letes \u00e9teleket egyszer\u0171en a legmodernebb technol\u00f3gi\u00e1val.","breadcrumb":{"@id":"https:\/\/staging.premiumkeszulek.hu\/en\/product\/miele-dgc-7450-beepitheto-kombi-gozparolo\/#breadcrumb"},"inLanguage":"en-GB","potentialAction":[{"@type":"ReadAction","target":["https:\/\/staging.premiumkeszulek.hu\/en\/product\/miele-dgc-7450-beepitheto-kombi-gozparolo\/"]}]},{"@type":"ImageObject","inLanguage":"en-GB","@id":"https:\/\/staging.premiumkeszulek.hu\/en\/product\/miele-dgc-7450-beepitheto-kombi-gozparolo\/#primaryimage","url":"https:\/\/i0.wp.com\/staging.premiumkeszulek.hu\/wp-content\/uploads\/2025\/04\/dgc7450_na_1.jpg?fit=1000%2C1000&ssl=1","contentUrl":"https:\/\/i0.wp.com\/staging.premiumkeszulek.hu\/wp-content\/uploads\/2025\/04\/dgc7450_na_1.jpg?fit=1000%2C1000&ssl=1","width":1000,"height":1000},{"@type":"BreadcrumbList","@id":"https:\/\/staging.premiumkeszulek.hu\/en\/product\/miele-dgc-7450-beepitheto-kombi-gozparolo\/#breadcrumb","itemListElement":[{"@type":"ListItem","position":1,"name":"Home","item":"https:\/\/staging.premiumkeszulek.hu\/hu\/"},{"@type":"ListItem","position":2,"name":"Shop","item":"https:\/\/staging.premiumkeszulek.hu\/hu\/shop\/"},{"@type":"ListItem","position":3,"name":"Miele DGC 7450 be\u00e9p\u00edthet\u0151 kombi g\u0151zp\u00e1rol\u00f3"}]},{"@type":"WebSite","@id":"https:\/\/staging.premiumkeszulek.hu\/hu\/#website","url":"https:\/\/staging.premiumkeszulek.hu\/hu\/","name":"Pr\u00e9miumK\u00e9sz\u00fcl\u00e9k","description":"","publisher":{"@id":"https:\/\/staging.premiumkeszulek.hu\/hu\/#organization"},"potentialAction":[{"@type":"SearchAction","target":{"@type":"EntryPoint","urlTemplate":"https:\/\/staging.premiumkeszulek.hu\/hu\/?s={search_term_string}"},"query-input":{"@type":"PropertyValueSpecification","valueRequired":true,"valueName":"search_term_string"}}],"inLanguage":"en-GB"},{"@type":"Organization","@id":"https:\/\/staging.premiumkeszulek.hu\/hu\/#organization","name":"Pr\u00e9miumK\u00e9sz\u00fcl\u00e9k","alternateName":"HPH Special Kft","url":"https:\/\/staging.premiumkeszulek.hu\/hu\/","logo":{"@type":"ImageObject","inLanguage":"en-GB","@id":"https:\/\/staging.premiumkeszulek.hu\/hu\/#\/schema\/logo\/image\/","url":"https:\/\/staging.premiumkeszulek.hu\/wp-content\/uploads\/2025\/03\/TURKIZLOGO-kicsi.png","contentUrl":"https:\/\/staging.premiumkeszulek.hu\/wp-content\/uploads\/2025\/03\/TURKIZLOGO-kicsi.png","width":1600,"height":547,"caption":"Pr\u00e9miumK\u00e9sz\u00fcl\u00e9k"},"image":{"@id":"https:\/\/staging.premiumkeszulek.hu\/hu\/#\/schema\/logo\/image\/"},"sameAs":["https:\/\/www.facebook.com\/konyhaluxnet","https:\/\/www.instagram.com\/konyhaluxnet\/#"],"email":"info@premiumkeszulek.hu","telephone":"36 1 \/ 226-1992","legalName":"HPH Special Kft","vatID":"HU12549502","taxID":"12549502"}]}},"jetpack_publicize_connections":[],"jetpack_likes_enabled":true,"jetpack_sharing_enabled":true,"jetpack-related-posts":[],"_links":{"self":[{"href":"https:\/\/staging.premiumkeszulek.hu\/en\/wp-json\/wp\/v2\/product\/1208","targetHints":{"allow":["GET"]}}],"collection":[{"href":"https:\/\/staging.premiumkeszulek.hu\/en\/wp-json\/wp\/v2\/product"}],"about":[{"href":"https:\/\/staging.premiumkeszulek.hu\/en\/wp-json\/wp\/v2\/types\/product"}],"replies":[{"embeddable":true,"href":"https:\/\/staging.premiumkeszulek.hu\/en\/wp-json\/wp\/v2\/comments?post=1208"}],"wp:featuredmedia":[{"embeddable":true,"href":"https:\/\/staging.premiumkeszulek.hu\/en\/wp-json\/wp\/v2\/media\/10006"}],"wp:attachment":[{"href":"https:\/\/staging.premiumkeszulek.hu\/en\/wp-json\/wp\/v2\/media?parent=1208"}],"wp:term":[{"taxonomy":"product_brand","embeddable":true,"href":"https:\/\/staging.premiumkeszulek.hu\/en\/wp-json\/wp\/v2\/product_brand?post=1208"},{"taxonomy":"product_cat","embeddable":true,"href":"https:\/\/staging.premiumkeszulek.hu\/en\/wp-json\/wp\/v2\/product_cat?post=1208"},{"taxonomy":"product_tag","embeddable":true,"href":"https:\/\/staging.premiumkeszulek.hu\/en\/wp-json\/wp\/v2\/product_tag?post=1208"},{"taxonomy":"woo-feed-brand","embeddable":true,"href":"https:\/\/staging.premiumkeszulek.hu\/en\/wp-json\/wp\/v2\/woo-feed-brand?post=1208"}],"curies":[{"name":"wp","href":"https:\/\/api.w.org\/{rel}","templated":true}]}}