{"id":11161,"date":"2025-04-14T21:57:44","date_gmt":"2025-04-14T19:57:44","guid":{"rendered":"https:\/\/premiumkeszulek.hu\/termek\/miele-esw-7010-edenymelegito-fiok-2\/"},"modified":"2026-04-13T11:58:46","modified_gmt":"2026-04-13T09:58:46","slug":"miele-esw-7010-edenymelegito-fiok-2","status":"publish","type":"product","link":"https:\/\/staging.premiumkeszulek.hu\/en\/product\/miele-esw-7010-edenymelegito-fiok-2\/","title":{"rendered":"Miele ESW 7010 ed\u00e9nymeleg\u00edt\u0151 fi\u00f3k"},"content":{"rendered":"\n<figure class=\"wp-block-image size-full\"><img data-recalc-dims=\"1\" fetchpriority=\"high\" decoding=\"async\" width=\"364\" height=\"138\" data-attachment-id=\"79707\" data-permalink=\"https:\/\/staging.premiumkeszulek.hu\/en\/?attachment_id=79707\" data-orig-file=\"https:\/\/i0.wp.com\/staging.premiumkeszulek.hu\/wp-content\/uploads\/2026\/04\/images-3.png?fit=364%2C138&amp;ssl=1\" data-orig-size=\"364,138\" data-comments-opened=\"1\" data-image-meta=\"{&quot;aperture&quot;:&quot;0&quot;,&quot;credit&quot;:&quot;&quot;,&quot;camera&quot;:&quot;&quot;,&quot;caption&quot;:&quot;&quot;,&quot;created_timestamp&quot;:&quot;0&quot;,&quot;copyright&quot;:&quot;&quot;,&quot;focal_length&quot;:&quot;0&quot;,&quot;iso&quot;:&quot;0&quot;,&quot;shutter_speed&quot;:&quot;0&quot;,&quot;title&quot;:&quot;&quot;,&quot;orientation&quot;:&quot;0&quot;}\" data-image-title=\"images (3)\" data-image-description=\"\" data-image-caption=\"\" data-medium-file=\"https:\/\/i0.wp.com\/staging.premiumkeszulek.hu\/wp-content\/uploads\/2026\/04\/images-3.png?fit=300%2C114&amp;ssl=1\" data-large-file=\"https:\/\/i0.wp.com\/staging.premiumkeszulek.hu\/wp-content\/uploads\/2026\/04\/images-3.png?fit=364%2C138&amp;ssl=1\" src=\"https:\/\/i0.wp.com\/premiumkeszulek.hu\/wp-content\/uploads\/2026\/04\/images-3.png?resize=364%2C138&#038;ssl=1\" alt=\"\" class=\"wp-image-79707\" srcset=\"https:\/\/i0.wp.com\/staging.premiumkeszulek.hu\/wp-content\/uploads\/2026\/04\/images-3.png?w=364&amp;ssl=1 364w, https:\/\/i0.wp.com\/staging.premiumkeszulek.hu\/wp-content\/uploads\/2026\/04\/images-3.png?resize=300%2C114&amp;ssl=1 300w, https:\/\/i0.wp.com\/staging.premiumkeszulek.hu\/wp-content\/uploads\/2026\/04\/images-3.png?resize=18%2C7&amp;ssl=1 18w\" sizes=\"(max-width: 364px) 100vw, 364px\" \/><\/figure>\n<div class=\"loadbeeTabContent\" data-loadbee-apikey=\"bVxDWaSdseFz5PWWtvKmAkGr88n6WXYY\" data-loadbee-gtin=\"4002516128182\" data-loadbee-locale=\"hu_HU\">\u00a0\n<\/div><script async src=\"https:\/\/cdn.loadbee.com\/js\/loadbee_integration.js\"><\/script><script type=\"text\/javascript\"\nsrc=\"https:\/\/tracking.channelsight.com\/api\/tracking\/v2\/Init\">\n<\/script>","protected":false},"excerpt":{"rendered":"<p>\n\tA t\u00f6k\u00e9letes \u00edz \u2013 alacsony h\u0151m\u00e9rs\u00e9klet\u0171 s\u00fct\u00e9s<br \/>\n\tMindig a megfelel\u0151 h\u0151m\u00e9rs\u00e9klet \u2013 n\u00e9gy \u00fczemm\u00f3d<br \/>\n\tK\u00e9nyelmes \u00e9s egyszer\u0171 \u2013 \u00e9rint\u0151k\u00e9perny\u0151s kezel\u00e9s<br \/>\n\tA fi\u00f3k legegyszer\u0171bb nyit\u00e1si m\u00f3dja \u2013 Push2open<br \/>\n\tBiztos, ami biztos \u2013 Id\u0151z\u00edt\u0151 funkci\u00f3 automatikus kikapcsol\u00e1ssal<\/p>\n","protected":false},"featured_media":11160,"comment_status":"closed","ping_status":"closed","template":"","meta":{"_crdt_document":"","content-type":"","jetpack_post_was_ever_published":false,"jetpack_publicize_message":"","jetpack_publicize_feature_enabled":true,"jetpack_social_post_already_shared":true,"jetpack_social_options":{"image_generator_settings":{"template":"highway","default_image_id":0,"font":"","enabled":false},"version":2},"_wpas_customize_per_network":false},"product_brand":[1372],"product_cat":[5041,5033,5032],"product_tag":[],"woo-feed-brand":[],"class_list":{"0":"post-11161","1":"product","2":"type-product","3":"status-publish","4":"has-post-thumbnail","6":"product_brand-miele","7":"product_cat-edenymelegito-fiok","8":"product_cat-kiskeszulek","9":"product_cat-tobb-kategoria","10":"product_shipping_class-100000felett","12":"first","13":"onbackorder","14":"taxable","15":"shipping-taxable","16":"purchasable","17":"product-type-simple"},"yoast_head":"<!-- This site is optimized with the Yoast SEO Premium plugin v26.9 (Yoast SEO v26.9) - https:\/\/yoast.com\/product\/yoast-seo-premium-wordpress\/ -->\n<title>Miele ESW 7010 ed\u00e9nymeleg\u00edt\u0151 fi\u00f3k - Pr\u00e9miumK\u00e9sz\u00fcl\u00e9k<\/title>\n<meta name=\"description\" content=\"\u00c9lvezd a t\u00f6k\u00e9letes \u00edzeket a Miele ESW 7010 ed\u00e9nymeleg\u00edt\u0151 fi\u00f3kkal! Tapasztald meg a n\u00e9gy \u00fczemm\u00f3d k\u00e9nyelm\u00e9t \u00e9s az \u00e9rint\u0151k\u00e9perny\u0151s kezel\u00e9st.\" \/>\n<meta name=\"robots\" content=\"noindex, follow, max-snippet:-1, max-image-preview:large, max-video-preview:-1\" \/>\n<meta property=\"og:locale\" content=\"en_GB\" \/>\n<meta property=\"og:type\" content=\"article\" \/>\n<meta property=\"og:title\" content=\"Miele ESW 7010 ed\u00e9nymeleg\u00edt\u0151 fi\u00f3k\" \/>\n<meta property=\"og:description\" content=\"\u00c9lvezd a t\u00f6k\u00e9letes \u00edzeket a Miele ESW 7010 ed\u00e9nymeleg\u00edt\u0151 fi\u00f3kkal! Tapasztald meg a n\u00e9gy \u00fczemm\u00f3d k\u00e9nyelm\u00e9t \u00e9s az \u00e9rint\u0151k\u00e9perny\u0151s kezel\u00e9st.\" \/>\n<meta property=\"og:url\" content=\"https:\/\/staging.premiumkeszulek.hu\/en\/product\/miele-esw-7010-edenymelegito-fiok-2\/\" \/>\n<meta property=\"og:site_name\" content=\"Pr\u00e9miumK\u00e9sz\u00fcl\u00e9k\" \/>\n<meta property=\"article:publisher\" content=\"https:\/\/www.facebook.com\/konyhaluxnet\" \/>\n<meta property=\"article:modified_time\" content=\"2026-04-13T09:58:46+00:00\" \/>\n<meta property=\"og:image\" content=\"https:\/\/i0.wp.com\/staging.premiumkeszulek.hu\/wp-content\/uploads\/2025\/04\/esw7010_ob_1.jpg?fit=800%2C800&ssl=1\" \/>\n\t<meta property=\"og:image:width\" content=\"800\" \/>\n\t<meta property=\"og:image:height\" content=\"800\" \/>\n\t<meta property=\"og:image:type\" content=\"image\/jpeg\" \/>\n<meta name=\"twitter:card\" content=\"summary_large_image\" \/>\n<meta name=\"twitter:label1\" content=\"Estimated reading time\" \/>\n\t<meta name=\"twitter:data1\" content=\"1 minute\" \/>\n<script type=\"application\/ld+json\" class=\"yoast-schema-graph\">{\"@context\":\"https:\/\/schema.org\",\"@graph\":[{\"@type\":\"WebPage\",\"@id\":\"https:\/\/staging.premiumkeszulek.hu\/en\/product\/miele-esw-7010-edenymelegito-fiok-2\/\",\"url\":\"https:\/\/staging.premiumkeszulek.hu\/en\/product\/miele-esw-7010-edenymelegito-fiok-2\/\",\"name\":\"Miele ESW 7010 ed\u00e9nymeleg\u00edt\u0151 fi\u00f3k - Pr\u00e9miumK\u00e9sz\u00fcl\u00e9k\",\"isPartOf\":{\"@id\":\"https:\/\/staging.premiumkeszulek.hu\/hu\/#website\"},\"primaryImageOfPage\":{\"@id\":\"https:\/\/staging.premiumkeszulek.hu\/en\/product\/miele-esw-7010-edenymelegito-fiok-2\/#primaryimage\"},\"image\":{\"@id\":\"https:\/\/staging.premiumkeszulek.hu\/en\/product\/miele-esw-7010-edenymelegito-fiok-2\/#primaryimage\"},\"thumbnailUrl\":\"https:\/\/i0.wp.com\/staging.premiumkeszulek.hu\/wp-content\/uploads\/2025\/04\/esw7010_ob_1.jpg?fit=800%2C800&ssl=1\",\"datePublished\":\"2025-04-14T19:57:44+00:00\",\"dateModified\":\"2026-04-13T09:58:46+00:00\",\"description\":\"\u00c9lvezd a t\u00f6k\u00e9letes \u00edzeket a Miele ESW 7010 ed\u00e9nymeleg\u00edt\u0151 fi\u00f3kkal! Tapasztald meg a n\u00e9gy \u00fczemm\u00f3d k\u00e9nyelm\u00e9t \u00e9s az \u00e9rint\u0151k\u00e9perny\u0151s kezel\u00e9st.\",\"breadcrumb\":{\"@id\":\"https:\/\/staging.premiumkeszulek.hu\/en\/product\/miele-esw-7010-edenymelegito-fiok-2\/#breadcrumb\"},\"inLanguage\":\"en-GB\",\"potentialAction\":[{\"@type\":\"ReadAction\",\"target\":[\"https:\/\/staging.premiumkeszulek.hu\/en\/product\/miele-esw-7010-edenymelegito-fiok-2\/\"]}]},{\"@type\":\"ImageObject\",\"inLanguage\":\"en-GB\",\"@id\":\"https:\/\/staging.premiumkeszulek.hu\/en\/product\/miele-esw-7010-edenymelegito-fiok-2\/#primaryimage\",\"url\":\"https:\/\/i0.wp.com\/staging.premiumkeszulek.hu\/wp-content\/uploads\/2025\/04\/esw7010_ob_1.jpg?fit=800%2C800&ssl=1\",\"contentUrl\":\"https:\/\/i0.wp.com\/staging.premiumkeszulek.hu\/wp-content\/uploads\/2025\/04\/esw7010_ob_1.jpg?fit=800%2C800&ssl=1\",\"width\":800,\"height\":800},{\"@type\":\"BreadcrumbList\",\"@id\":\"https:\/\/staging.premiumkeszulek.hu\/en\/product\/miele-esw-7010-edenymelegito-fiok-2\/#breadcrumb\",\"itemListElement\":[{\"@type\":\"ListItem\",\"position\":1,\"name\":\"Home\",\"item\":\"https:\/\/staging.premiumkeszulek.hu\/hu\/\"},{\"@type\":\"ListItem\",\"position\":2,\"name\":\"Shop\",\"item\":\"https:\/\/staging.premiumkeszulek.hu\/hu\/shop\/\"},{\"@type\":\"ListItem\",\"position\":3,\"name\":\"Miele ESW 7010 ed\u00e9nymeleg\u00edt\u0151 fi\u00f3k\"}]},{\"@type\":\"WebSite\",\"@id\":\"https:\/\/staging.premiumkeszulek.hu\/hu\/#website\",\"url\":\"https:\/\/staging.premiumkeszulek.hu\/hu\/\",\"name\":\"Pr\u00e9miumK\u00e9sz\u00fcl\u00e9k\",\"description\":\"\",\"publisher\":{\"@id\":\"https:\/\/staging.premiumkeszulek.hu\/hu\/#organization\"},\"potentialAction\":[{\"@type\":\"SearchAction\",\"target\":{\"@type\":\"EntryPoint\",\"urlTemplate\":\"https:\/\/staging.premiumkeszulek.hu\/hu\/?s={search_term_string}\"},\"query-input\":{\"@type\":\"PropertyValueSpecification\",\"valueRequired\":true,\"valueName\":\"search_term_string\"}}],\"inLanguage\":\"en-GB\"},{\"@type\":\"Organization\",\"@id\":\"https:\/\/staging.premiumkeszulek.hu\/hu\/#organization\",\"name\":\"Pr\u00e9miumK\u00e9sz\u00fcl\u00e9k\",\"alternateName\":\"HPH Special Kft\",\"url\":\"https:\/\/staging.premiumkeszulek.hu\/hu\/\",\"logo\":{\"@type\":\"ImageObject\",\"inLanguage\":\"en-GB\",\"@id\":\"https:\/\/staging.premiumkeszulek.hu\/hu\/#\/schema\/logo\/image\/\",\"url\":\"https:\/\/staging.premiumkeszulek.hu\/wp-content\/uploads\/2025\/03\/TURKIZLOGO-kicsi.png\",\"contentUrl\":\"https:\/\/staging.premiumkeszulek.hu\/wp-content\/uploads\/2025\/03\/TURKIZLOGO-kicsi.png\",\"width\":1600,\"height\":547,\"caption\":\"Pr\u00e9miumK\u00e9sz\u00fcl\u00e9k\"},\"image\":{\"@id\":\"https:\/\/staging.premiumkeszulek.hu\/hu\/#\/schema\/logo\/image\/\"},\"sameAs\":[\"https:\/\/www.facebook.com\/konyhaluxnet\",\"https:\/\/www.instagram.com\/konyhaluxnet\/#\"],\"email\":\"info@premiumkeszulek.hu\",\"telephone\":\"36 1 \/ 226-1992\",\"legalName\":\"HPH Special Kft\",\"vatID\":\"HU12549502\",\"taxID\":\"12549502\"}]}<\/script>\n<!-- \/ Yoast SEO Premium plugin. -->","yoast_head_json":{"title":"Miele ESW 7010 ed\u00e9nymeleg\u00edt\u0151 fi\u00f3k - Pr\u00e9miumK\u00e9sz\u00fcl\u00e9k","description":"\u00c9lvezd a t\u00f6k\u00e9letes \u00edzeket a Miele ESW 7010 ed\u00e9nymeleg\u00edt\u0151 fi\u00f3kkal! Tapasztald meg a n\u00e9gy \u00fczemm\u00f3d k\u00e9nyelm\u00e9t \u00e9s az \u00e9rint\u0151k\u00e9perny\u0151s kezel\u00e9st.","robots":{"index":"noindex","follow":"follow","max-snippet":"max-snippet:-1","max-image-preview":"max-image-preview:large","max-video-preview":"max-video-preview:-1"},"og_locale":"en_GB","og_type":"article","og_title":"Miele ESW 7010 ed\u00e9nymeleg\u00edt\u0151 fi\u00f3k","og_description":"\u00c9lvezd a t\u00f6k\u00e9letes \u00edzeket a Miele ESW 7010 ed\u00e9nymeleg\u00edt\u0151 fi\u00f3kkal! Tapasztald meg a n\u00e9gy \u00fczemm\u00f3d k\u00e9nyelm\u00e9t \u00e9s az \u00e9rint\u0151k\u00e9perny\u0151s kezel\u00e9st.","og_url":"https:\/\/staging.premiumkeszulek.hu\/en\/product\/miele-esw-7010-edenymelegito-fiok-2\/","og_site_name":"Pr\u00e9miumK\u00e9sz\u00fcl\u00e9k","article_publisher":"https:\/\/www.facebook.com\/konyhaluxnet","article_modified_time":"2026-04-13T09:58:46+00:00","og_image":[{"width":800,"height":800,"url":"https:\/\/i0.wp.com\/staging.premiumkeszulek.hu\/wp-content\/uploads\/2025\/04\/esw7010_ob_1.jpg?fit=800%2C800&ssl=1","type":"image\/jpeg"}],"twitter_card":"summary_large_image","twitter_misc":{"Estimated reading time":"1 minute"},"schema":{"@context":"https:\/\/schema.org","@graph":[{"@type":"WebPage","@id":"https:\/\/staging.premiumkeszulek.hu\/en\/product\/miele-esw-7010-edenymelegito-fiok-2\/","url":"https:\/\/staging.premiumkeszulek.hu\/en\/product\/miele-esw-7010-edenymelegito-fiok-2\/","name":"Miele ESW 7010 ed\u00e9nymeleg\u00edt\u0151 fi\u00f3k - Pr\u00e9miumK\u00e9sz\u00fcl\u00e9k","isPartOf":{"@id":"https:\/\/staging.premiumkeszulek.hu\/hu\/#website"},"primaryImageOfPage":{"@id":"https:\/\/staging.premiumkeszulek.hu\/en\/product\/miele-esw-7010-edenymelegito-fiok-2\/#primaryimage"},"image":{"@id":"https:\/\/staging.premiumkeszulek.hu\/en\/product\/miele-esw-7010-edenymelegito-fiok-2\/#primaryimage"},"thumbnailUrl":"https:\/\/i0.wp.com\/staging.premiumkeszulek.hu\/wp-content\/uploads\/2025\/04\/esw7010_ob_1.jpg?fit=800%2C800&ssl=1","datePublished":"2025-04-14T19:57:44+00:00","dateModified":"2026-04-13T09:58:46+00:00","description":"\u00c9lvezd a t\u00f6k\u00e9letes \u00edzeket a Miele ESW 7010 ed\u00e9nymeleg\u00edt\u0151 fi\u00f3kkal! Tapasztald meg a n\u00e9gy \u00fczemm\u00f3d k\u00e9nyelm\u00e9t \u00e9s az \u00e9rint\u0151k\u00e9perny\u0151s kezel\u00e9st.","breadcrumb":{"@id":"https:\/\/staging.premiumkeszulek.hu\/en\/product\/miele-esw-7010-edenymelegito-fiok-2\/#breadcrumb"},"inLanguage":"en-GB","potentialAction":[{"@type":"ReadAction","target":["https:\/\/staging.premiumkeszulek.hu\/en\/product\/miele-esw-7010-edenymelegito-fiok-2\/"]}]},{"@type":"ImageObject","inLanguage":"en-GB","@id":"https:\/\/staging.premiumkeszulek.hu\/en\/product\/miele-esw-7010-edenymelegito-fiok-2\/#primaryimage","url":"https:\/\/i0.wp.com\/staging.premiumkeszulek.hu\/wp-content\/uploads\/2025\/04\/esw7010_ob_1.jpg?fit=800%2C800&ssl=1","contentUrl":"https:\/\/i0.wp.com\/staging.premiumkeszulek.hu\/wp-content\/uploads\/2025\/04\/esw7010_ob_1.jpg?fit=800%2C800&ssl=1","width":800,"height":800},{"@type":"BreadcrumbList","@id":"https:\/\/staging.premiumkeszulek.hu\/en\/product\/miele-esw-7010-edenymelegito-fiok-2\/#breadcrumb","itemListElement":[{"@type":"ListItem","position":1,"name":"Home","item":"https:\/\/staging.premiumkeszulek.hu\/hu\/"},{"@type":"ListItem","position":2,"name":"Shop","item":"https:\/\/staging.premiumkeszulek.hu\/hu\/shop\/"},{"@type":"ListItem","position":3,"name":"Miele ESW 7010 ed\u00e9nymeleg\u00edt\u0151 fi\u00f3k"}]},{"@type":"WebSite","@id":"https:\/\/staging.premiumkeszulek.hu\/hu\/#website","url":"https:\/\/staging.premiumkeszulek.hu\/hu\/","name":"Pr\u00e9miumK\u00e9sz\u00fcl\u00e9k","description":"","publisher":{"@id":"https:\/\/staging.premiumkeszulek.hu\/hu\/#organization"},"potentialAction":[{"@type":"SearchAction","target":{"@type":"EntryPoint","urlTemplate":"https:\/\/staging.premiumkeszulek.hu\/hu\/?s={search_term_string}"},"query-input":{"@type":"PropertyValueSpecification","valueRequired":true,"valueName":"search_term_string"}}],"inLanguage":"en-GB"},{"@type":"Organization","@id":"https:\/\/staging.premiumkeszulek.hu\/hu\/#organization","name":"Pr\u00e9miumK\u00e9sz\u00fcl\u00e9k","alternateName":"HPH Special Kft","url":"https:\/\/staging.premiumkeszulek.hu\/hu\/","logo":{"@type":"ImageObject","inLanguage":"en-GB","@id":"https:\/\/staging.premiumkeszulek.hu\/hu\/#\/schema\/logo\/image\/","url":"https:\/\/staging.premiumkeszulek.hu\/wp-content\/uploads\/2025\/03\/TURKIZLOGO-kicsi.png","contentUrl":"https:\/\/staging.premiumkeszulek.hu\/wp-content\/uploads\/2025\/03\/TURKIZLOGO-kicsi.png","width":1600,"height":547,"caption":"Pr\u00e9miumK\u00e9sz\u00fcl\u00e9k"},"image":{"@id":"https:\/\/staging.premiumkeszulek.hu\/hu\/#\/schema\/logo\/image\/"},"sameAs":["https:\/\/www.facebook.com\/konyhaluxnet","https:\/\/www.instagram.com\/konyhaluxnet\/#"],"email":"info@premiumkeszulek.hu","telephone":"36 1 \/ 226-1992","legalName":"HPH Special Kft","vatID":"HU12549502","taxID":"12549502"}]}},"jetpack_publicize_connections":[],"jetpack_likes_enabled":true,"jetpack_sharing_enabled":true,"jetpack-related-posts":[],"_links":{"self":[{"href":"https:\/\/staging.premiumkeszulek.hu\/en\/wp-json\/wp\/v2\/product\/11161","targetHints":{"allow":["GET"]}}],"collection":[{"href":"https:\/\/staging.premiumkeszulek.hu\/en\/wp-json\/wp\/v2\/product"}],"about":[{"href":"https:\/\/staging.premiumkeszulek.hu\/en\/wp-json\/wp\/v2\/types\/product"}],"replies":[{"embeddable":true,"href":"https:\/\/staging.premiumkeszulek.hu\/en\/wp-json\/wp\/v2\/comments?post=11161"}],"wp:featuredmedia":[{"embeddable":true,"href":"https:\/\/staging.premiumkeszulek.hu\/en\/wp-json\/wp\/v2\/media\/11160"}],"wp:attachment":[{"href":"https:\/\/staging.premiumkeszulek.hu\/en\/wp-json\/wp\/v2\/media?parent=11161"}],"wp:term":[{"taxonomy":"product_brand","embeddable":true,"href":"https:\/\/staging.premiumkeszulek.hu\/en\/wp-json\/wp\/v2\/product_brand?post=11161"},{"taxonomy":"product_cat","embeddable":true,"href":"https:\/\/staging.premiumkeszulek.hu\/en\/wp-json\/wp\/v2\/product_cat?post=11161"},{"taxonomy":"product_tag","embeddable":true,"href":"https:\/\/staging.premiumkeszulek.hu\/en\/wp-json\/wp\/v2\/product_tag?post=11161"},{"taxonomy":"woo-feed-brand","embeddable":true,"href":"https:\/\/staging.premiumkeszulek.hu\/en\/wp-json\/wp\/v2\/woo-feed-brand?post=11161"}],"curies":[{"name":"wp","href":"https:\/\/api.w.org\/{rel}","templated":true}]}}